{"id":1424,"date":"2019-10-10T13:13:36","date_gmt":"2019-10-10T13:13:36","guid":{"rendered":"http:\/\/dard.hu\/clients\/ocs\/?page_id=1424"},"modified":"2023-12-12T06:41:56","modified_gmt":"2023-12-12T06:41:56","slug":"uj-lakoprojektek-consulting-sales","status":"publish","type":"page","link":"https:\/\/ocsolutions.hu\/en\/uj-lakoprojektek-consulting-sales\/","title":{"rendered":"Consulting &amp; Sales for New Housing Projects"},"content":{"rendered":"","protected":false},"excerpt":{"rendered":"","protected":false},"author":1,"featured_media":0,"parent":0,"menu_order":0,"comment_status":"closed","ping_status":"closed","template":"","meta":{"footnotes":""},"yoast_head":"<!-- This site is optimized with the Yoast SEO plugin v22.8 - https:\/\/yoast.com\/wordpress\/plugins\/seo\/ -->\n<title>T\u00e1rsash\u00e1z \u00e9rt\u00e9kes\u00edt\u00e9s - OC Investment Solutions<\/title>\n<meta name=\"description\" content=\"T\u00e1rsash\u00e1z \u00e9rt\u00e9kes\u00edt\u00e9s \u00e9s tan\u00e1csad\u00e1s - teljesk\u00f6r\u0171en foglalkozunk \u00faj lak\u00f3projektj\u00e9vel. Tudjon meg t\u00f6bbet szolg\u00e1ltatat\u00e1sainkr\u00f3l!\" \/>\n<meta name=\"robots\" content=\"noindex, follow, max-snippet:-1, max-image-preview:large, max-video-preview:-1\" \/>\n<meta property=\"og:locale\" content=\"en_GB\" \/>\n<meta property=\"og:type\" content=\"article\" \/>\n<meta property=\"og:title\" content=\"T\u00e1rsash\u00e1z \u00e9rt\u00e9kes\u00edt\u00e9s - OC Investment Solutions\" \/>\n<meta property=\"og:description\" content=\"T\u00e1rsash\u00e1z \u00e9rt\u00e9kes\u00edt\u00e9s \u00e9s tan\u00e1csad\u00e1s - teljesk\u00f6r\u0171en foglalkozunk \u00faj lak\u00f3projektj\u00e9vel. Tudjon meg t\u00f6bbet szolg\u00e1ltatat\u00e1sainkr\u00f3l!\" \/>\n<meta property=\"og:url\" content=\"https:\/\/ocsolutions.hu\/en\/uj-lakoprojektek-consulting-sales\/\" \/>\n<meta property=\"og:site_name\" content=\"OC Investment Solutions\" \/>\n<meta property=\"article:modified_time\" content=\"2023-12-12T06:41:56+00:00\" \/>\n<meta name=\"twitter:card\" content=\"summary_large_image\" \/>\n<script type=\"application\/ld+json\" class=\"yoast-schema-graph\">{\"@context\":\"https:\/\/schema.org\",\"@graph\":[{\"@type\":\"WebPage\",\"@id\":\"https:\/\/ocsolutions.hu\/uj-lakoprojektek-consulting-sales\/\",\"url\":\"https:\/\/ocsolutions.hu\/uj-lakoprojektek-consulting-sales\/\",\"name\":\"T\u00e1rsash\u00e1z \u00e9rt\u00e9kes\u00edt\u00e9s - OC Investment Solutions\",\"isPartOf\":{\"@id\":\"https:\/\/ocsolutions.hu\/#website\"},\"datePublished\":\"2019-10-10T13:13:36+00:00\",\"dateModified\":\"2023-12-12T06:41:56+00:00\",\"description\":\"T\u00e1rsash\u00e1z \u00e9rt\u00e9kes\u00edt\u00e9s \u00e9s tan\u00e1csad\u00e1s - teljesk\u00f6r\u0171en foglalkozunk \u00faj lak\u00f3projektj\u00e9vel. Tudjon meg t\u00f6bbet szolg\u00e1ltatat\u00e1sainkr\u00f3l!\",\"breadcrumb\":{\"@id\":\"https:\/\/ocsolutions.hu\/uj-lakoprojektek-consulting-sales\/#breadcrumb\"},\"inLanguage\":\"en-GB\",\"potentialAction\":[{\"@type\":\"ReadAction\",\"target\":[\"https:\/\/ocsolutions.hu\/uj-lakoprojektek-consulting-sales\/\"]}]},{\"@type\":\"BreadcrumbList\",\"@id\":\"https:\/\/ocsolutions.hu\/uj-lakoprojektek-consulting-sales\/#breadcrumb\",\"itemListElement\":[{\"@type\":\"ListItem\",\"position\":1,\"name\":\"Home\",\"item\":\"https:\/\/ocsolutions.hu\/\"},{\"@type\":\"ListItem\",\"position\":2,\"name\":\"\u00daj lak\u00f3projektek Consulting &#038; Sales\"}]},{\"@type\":\"WebSite\",\"@id\":\"https:\/\/ocsolutions.hu\/#website\",\"url\":\"https:\/\/ocsolutions.hu\/\",\"name\":\"OC Investment Solutions\",\"description\":\"\",\"publisher\":{\"@id\":\"https:\/\/ocsolutions.hu\/#organization\"},\"potentialAction\":[{\"@type\":\"SearchAction\",\"target\":{\"@type\":\"EntryPoint\",\"urlTemplate\":\"https:\/\/ocsolutions.hu\/?s={search_term_string}\"},\"query-input\":\"required name=search_term_string\"}],\"inLanguage\":\"en-GB\"},{\"@type\":\"Organization\",\"@id\":\"https:\/\/ocsolutions.hu\/#organization\",\"name\":\"OC Investment Solutions\",\"url\":\"https:\/\/ocsolutions.hu\/\",\"logo\":{\"@type\":\"ImageObject\",\"inLanguage\":\"en-GB\",\"@id\":\"https:\/\/ocsolutions.hu\/#\/schema\/logo\/image\/\",\"url\":\"https:\/\/i0.wp.com\/solutions.oc.hu\/wp-content\/uploads\/2019\/11\/OCInvestmentSolutions_logo-1.png?fit=600%2C600&ssl=1\",\"contentUrl\":\"https:\/\/i0.wp.com\/solutions.oc.hu\/wp-content\/uploads\/2019\/11\/OCInvestmentSolutions_logo-1.png?fit=600%2C600&ssl=1\",\"width\":600,\"height\":600,\"caption\":\"OC Investment Solutions\"},\"image\":{\"@id\":\"https:\/\/ocsolutions.hu\/#\/schema\/logo\/image\/\"}}]}<\/script>\n<!-- \/ Yoast SEO plugin. -->","yoast_head_json":{"title":"T\u00e1rsash\u00e1z \u00e9rt\u00e9kes\u00edt\u00e9s - OC Investment Solutions","description":"T\u00e1rsash\u00e1z \u00e9rt\u00e9kes\u00edt\u00e9s \u00e9s tan\u00e1csad\u00e1s - teljesk\u00f6r\u0171en foglalkozunk \u00faj lak\u00f3projektj\u00e9vel. Tudjon meg t\u00f6bbet szolg\u00e1ltatat\u00e1sainkr\u00f3l!","robots":{"index":"noindex","follow":"follow","max-snippet":"max-snippet:-1","max-image-preview":"max-image-preview:large","max-video-preview":"max-video-preview:-1"},"og_locale":"en_GB","og_type":"article","og_title":"T\u00e1rsash\u00e1z \u00e9rt\u00e9kes\u00edt\u00e9s - OC Investment Solutions","og_description":"T\u00e1rsash\u00e1z \u00e9rt\u00e9kes\u00edt\u00e9s \u00e9s tan\u00e1csad\u00e1s - teljesk\u00f6r\u0171en foglalkozunk \u00faj lak\u00f3projektj\u00e9vel. Tudjon meg t\u00f6bbet szolg\u00e1ltatat\u00e1sainkr\u00f3l!","og_url":"https:\/\/ocsolutions.hu\/en\/uj-lakoprojektek-consulting-sales\/","og_site_name":"OC Investment Solutions","article_modified_time":"2023-12-12T06:41:56+00:00","twitter_card":"summary_large_image","schema":{"@context":"https:\/\/schema.org","@graph":[{"@type":"WebPage","@id":"https:\/\/ocsolutions.hu\/uj-lakoprojektek-consulting-sales\/","url":"https:\/\/ocsolutions.hu\/uj-lakoprojektek-consulting-sales\/","name":"T\u00e1rsash\u00e1z \u00e9rt\u00e9kes\u00edt\u00e9s - OC Investment Solutions","isPartOf":{"@id":"https:\/\/ocsolutions.hu\/#website"},"datePublished":"2019-10-10T13:13:36+00:00","dateModified":"2023-12-12T06:41:56+00:00","description":"T\u00e1rsash\u00e1z \u00e9rt\u00e9kes\u00edt\u00e9s \u00e9s tan\u00e1csad\u00e1s - teljesk\u00f6r\u0171en foglalkozunk \u00faj lak\u00f3projektj\u00e9vel. Tudjon meg t\u00f6bbet szolg\u00e1ltatat\u00e1sainkr\u00f3l!","breadcrumb":{"@id":"https:\/\/ocsolutions.hu\/uj-lakoprojektek-consulting-sales\/#breadcrumb"},"inLanguage":"en-GB","potentialAction":[{"@type":"ReadAction","target":["https:\/\/ocsolutions.hu\/uj-lakoprojektek-consulting-sales\/"]}]},{"@type":"BreadcrumbList","@id":"https:\/\/ocsolutions.hu\/uj-lakoprojektek-consulting-sales\/#breadcrumb","itemListElement":[{"@type":"ListItem","position":1,"name":"Home","item":"https:\/\/ocsolutions.hu\/"},{"@type":"ListItem","position":2,"name":"\u00daj lak\u00f3projektek Consulting &#038; Sales"}]},{"@type":"WebSite","@id":"https:\/\/ocsolutions.hu\/#website","url":"https:\/\/ocsolutions.hu\/","name":"OC Investment Solutions","description":"","publisher":{"@id":"https:\/\/ocsolutions.hu\/#organization"},"potentialAction":[{"@type":"SearchAction","target":{"@type":"EntryPoint","urlTemplate":"https:\/\/ocsolutions.hu\/?s={search_term_string}"},"query-input":"required name=search_term_string"}],"inLanguage":"en-GB"},{"@type":"Organization","@id":"https:\/\/ocsolutions.hu\/#organization","name":"OC Investment Solutions","url":"https:\/\/ocsolutions.hu\/","logo":{"@type":"ImageObject","inLanguage":"en-GB","@id":"https:\/\/ocsolutions.hu\/#\/schema\/logo\/image\/","url":"https:\/\/i0.wp.com\/solutions.oc.hu\/wp-content\/uploads\/2019\/11\/OCInvestmentSolutions_logo-1.png?fit=600%2C600&ssl=1","contentUrl":"https:\/\/i0.wp.com\/solutions.oc.hu\/wp-content\/uploads\/2019\/11\/OCInvestmentSolutions_logo-1.png?fit=600%2C600&ssl=1","width":600,"height":600,"caption":"OC Investment Solutions"},"image":{"@id":"https:\/\/ocsolutions.hu\/#\/schema\/logo\/image\/"}}]}},"_links":{"self":[{"href":"https:\/\/ocsolutions.hu\/en\/wp-json\/wp\/v2\/pages\/1424"}],"collection":[{"href":"https:\/\/ocsolutions.hu\/en\/wp-json\/wp\/v2\/pages"}],"about":[{"href":"https:\/\/ocsolutions.hu\/en\/wp-json\/wp\/v2\/types\/page"}],"author":[{"embeddable":true,"href":"https:\/\/ocsolutions.hu\/en\/wp-json\/wp\/v2\/users\/1"}],"replies":[{"embeddable":true,"href":"https:\/\/ocsolutions.hu\/en\/wp-json\/wp\/v2\/comments?post=1424"}],"version-history":[{"count":71,"href":"https:\/\/ocsolutions.hu\/en\/wp-json\/wp\/v2\/pages\/1424\/revisions"}],"predecessor-version":[{"id":6441,"href":"https:\/\/ocsolutions.hu\/en\/wp-json\/wp\/v2\/pages\/1424\/revisions\/6441"}],"wp:attachment":[{"href":"https:\/\/ocsolutions.hu\/en\/wp-json\/wp\/v2\/media?parent=1424"}],"curies":[{"name":"wp","href":"https:\/\/api.w.org\/{rel}","templated":true}]}}