{"id":2068,"date":"2019-10-15T10:15:24","date_gmt":"2019-10-15T10:15:24","guid":{"rendered":"http:\/\/dard.hu\/clients\/ocs\/?page_id=2068"},"modified":"2023-12-12T06:40:09","modified_gmt":"2023-12-12T06:40:09","slug":"fejlesztesi-es-kereskedelmi-ingatlanok","status":"publish","type":"page","link":"https:\/\/ocsolutions.hu\/en\/fejlesztesi-es-kereskedelmi-ingatlanok\/","title":{"rendered":"Development and Commercial properties"},"content":{"rendered":"<div class=\"menuflex topnav\">\n<div>\n<p><span style=\"color: revert; font-size: revert; font-weight: revert; font-family: -apple-system, BlinkMacSystemFont, 'Segoe UI', Roboto, Oxygen-Sans, Ubuntu, Cantarell, 'Helvetica Neue', sans-serif;\">20 years in the investment and development property market<\/span><\/p>\n<\/div>\n<\/div>\n<h3>Az \u00e1ltalunk k\u00f6zvet\u00edtett fejleszt\u00e9si ingatlan tranzakci\u00f3k \u00f6ssz\u00e9rt\u00e9ke meghaladja a <strong>45 milli\u00e1rd forint<\/strong>ot, a kereskedelmi ingatlan tranzakci\u00f3k \u00f6ssz\u00e9rt\u00e9ke pedig a <strong>35 milli\u00e1rd forint<\/strong>ot.<\/h3>\n<p>Fel\u00e9p\u00edtett\u00fcnk egy, a piacon magasra poz\u00edcion\u00e1lt \u00fcgyf\u00e9lk\u00f6rt, akikkel folyamatos a k\u00f6z\u00f6s munka, rendszeres az egy\u00fcttm\u0171k\u00f6d\u00e9s. A magyar piaci&nbsp; szerepl\u0151k d\u00f6nt\u0151 t\u00f6bbs\u00e9g\u00e9vel szem\u00e9lyes kapcsolatban \u00e1llunk, elad\u00f3i \u00e9s vev\u0151i oldalr\u00f3l egyar\u00e1nt.<\/p>\n<p>We are the first contact point for many foreign investors as well as Hungarian investors who are just entering the domestic market.<\/p>\n<p>We have sold a significant number of properties to Israeli, Irish, British, Spanish, Chinese, Arab and Turkish developers and investors.<\/p>\n<p>We have a unique market knowledge and network of contacts in the development purpose land market.<\/p>\n<p>We are proud to say that few experts in the market know more about property development than we do.<\/p>\n<p>We have been involved in the sale of numerous B-rated office and industrial properties, retail space, hotels, corporate headquarters, other corporate sites and special institutional functions.<\/p>\n<p>Kapcsolati h\u00e1l\u00f3nk r\u00e9v\u00e9n minden ingatlan eset\u00e9ben,&nbsp; szinte azonnal tudjuk, hogy ki lehet annak ide\u00e1lis v\u00e1s\u00e1rl\u00f3ja. Tranzakci\u00f3ink k\u00f6zel 80%-\u00e1t ilyen m\u00f3don, k\u00f6zvetlen kiaj\u00e1nl\u00e1s \u00fatj\u00e1n hozzuk l\u00e9tre, a hirdet\u00e9sek szerepe m\u00e1sodlagos.<\/p>\n<h2>Banki tulajdonba ker\u00fclt kereskedelmi ingatlanok \u00e9rt\u00e9kes\u00edt\u00e9se<\/h2>\n<p>Recovery Zrt., part of the CIB Group, entrusted us with the exclusive agency for its first four online real estate auctions. We also worked with them on the exclusive sale of the first major real estate property packages.<\/p>\n<p><strong>2015<\/strong>-ben elnyert\u00fck a a CIB Recovery Zrt \u00e1ltal ki\u00edrt <strong>\"AZ \u00c9V \u00dcGYN\u00d6KS\u00c9GE\"<\/strong> c\u00edmet \u00e9s t\u00f6bb m\u00e1s p\u00e9nzint\u00e9zet is hasonl\u00f3 elismer\u00e9ssel nyugt\u00e1zta az egy\u00fcttm\u0171k\u00f6d\u00e9s\u00fcnket.<\/p>","protected":false},"excerpt":{"rendered":"<p>20 \u00e9ve a befektet\u00e9si \u00e9s fejleszt\u00e9si ingatlanok piac\u00e1n Az \u00e1ltalunk k\u00f6zvet\u00edtett fejleszt\u00e9si ingatlan tranzakci\u00f3k \u00f6ssz\u00e9rt\u00e9ke meghaladja a 45 milli\u00e1rd forintot, a kereskedelmi ingatlan tranzakci\u00f3k \u00f6ssz\u00e9rt\u00e9ke pedig a 35 milli\u00e1rd forintot. Fel\u00e9p\u00edtett\u00fcnk egy, a piacon magasra poz\u00edcion\u00e1lt \u00fcgyf\u00e9lk\u00f6rt, akikkel folyamatos a k\u00f6z\u00f6s munka, rendszeres az egy\u00fcttm\u0171k\u00f6d\u00e9s. A magyar piaci&nbsp; szerepl\u0151k d\u00f6nt\u0151 t\u00f6bbs\u00e9g\u00e9vel szem\u00e9lyes kapcsolatban \u00e1llunk, elad\u00f3i [&hellip;]<\/p>","protected":false},"author":1,"featured_media":0,"parent":0,"menu_order":0,"comment_status":"closed","ping_status":"closed","template":"","meta":{"footnotes":""},"yoast_head":"<!-- This site is optimized with the Yoast SEO plugin v22.8 - https:\/\/yoast.com\/wordpress\/plugins\/seo\/ -->\n<title>Ipari, kereskedelmi ingatlan - OC Investment Solutions<\/title>\n<meta name=\"description\" content=\"Ipari, fejleszt\u00e9si, kereskedelmi ingatlan - \u00e9rt\u00e9kes\u00edtj\u00fck, felkutatjuk, tan\u00e1csot adunk. Tudjon meg t\u00f6bbet szolg\u00e1ltatat\u00e1sainkr\u00f3l!\" \/>\n<meta name=\"robots\" content=\"noindex, follow, max-snippet:-1, max-image-preview:large, max-video-preview:-1\" \/>\n<meta property=\"og:locale\" content=\"en_GB\" \/>\n<meta property=\"og:type\" content=\"article\" \/>\n<meta property=\"og:title\" content=\"Ipari, kereskedelmi ingatlan - OC Investment Solutions\" \/>\n<meta property=\"og:description\" content=\"Ipari, fejleszt\u00e9si, kereskedelmi ingatlan - \u00e9rt\u00e9kes\u00edtj\u00fck, felkutatjuk, tan\u00e1csot adunk. Tudjon meg t\u00f6bbet szolg\u00e1ltatat\u00e1sainkr\u00f3l!\" \/>\n<meta property=\"og:url\" content=\"https:\/\/ocsolutions.hu\/en\/fejlesztesi-es-kereskedelmi-ingatlanok\/\" \/>\n<meta property=\"og:site_name\" content=\"OC Investment Solutions\" \/>\n<meta property=\"article:modified_time\" content=\"2023-12-12T06:40:09+00:00\" \/>\n<meta name=\"twitter:card\" content=\"summary_large_image\" \/>\n<meta name=\"twitter:label1\" content=\"Estimated reading time\" \/>\n\t<meta name=\"twitter:data1\" content=\"2 minutes\" \/>\n<script type=\"application\/ld+json\" class=\"yoast-schema-graph\">{\"@context\":\"https:\/\/schema.org\",\"@graph\":[{\"@type\":\"WebPage\",\"@id\":\"https:\/\/ocsolutions.hu\/fejlesztesi-es-kereskedelmi-ingatlanok\/\",\"url\":\"https:\/\/ocsolutions.hu\/fejlesztesi-es-kereskedelmi-ingatlanok\/\",\"name\":\"Ipari, kereskedelmi ingatlan - OC Investment Solutions\",\"isPartOf\":{\"@id\":\"https:\/\/ocsolutions.hu\/#website\"},\"datePublished\":\"2019-10-15T10:15:24+00:00\",\"dateModified\":\"2023-12-12T06:40:09+00:00\",\"description\":\"Ipari, fejleszt\u00e9si, kereskedelmi ingatlan - \u00e9rt\u00e9kes\u00edtj\u00fck, felkutatjuk, tan\u00e1csot adunk. Tudjon meg t\u00f6bbet szolg\u00e1ltatat\u00e1sainkr\u00f3l!\",\"breadcrumb\":{\"@id\":\"https:\/\/ocsolutions.hu\/fejlesztesi-es-kereskedelmi-ingatlanok\/#breadcrumb\"},\"inLanguage\":\"en-GB\",\"potentialAction\":[{\"@type\":\"ReadAction\",\"target\":[\"https:\/\/ocsolutions.hu\/fejlesztesi-es-kereskedelmi-ingatlanok\/\"]}]},{\"@type\":\"BreadcrumbList\",\"@id\":\"https:\/\/ocsolutions.hu\/fejlesztesi-es-kereskedelmi-ingatlanok\/#breadcrumb\",\"itemListElement\":[{\"@type\":\"ListItem\",\"position\":1,\"name\":\"Home\",\"item\":\"https:\/\/ocsolutions.hu\/\"},{\"@type\":\"ListItem\",\"position\":2,\"name\":\"Fejleszt\u00e9si \u00e9s Kereskedelmi ingatlanok\"}]},{\"@type\":\"WebSite\",\"@id\":\"https:\/\/ocsolutions.hu\/#website\",\"url\":\"https:\/\/ocsolutions.hu\/\",\"name\":\"OC Investment Solutions\",\"description\":\"\",\"publisher\":{\"@id\":\"https:\/\/ocsolutions.hu\/#organization\"},\"potentialAction\":[{\"@type\":\"SearchAction\",\"target\":{\"@type\":\"EntryPoint\",\"urlTemplate\":\"https:\/\/ocsolutions.hu\/?s={search_term_string}\"},\"query-input\":\"required name=search_term_string\"}],\"inLanguage\":\"en-GB\"},{\"@type\":\"Organization\",\"@id\":\"https:\/\/ocsolutions.hu\/#organization\",\"name\":\"OC Investment Solutions\",\"url\":\"https:\/\/ocsolutions.hu\/\",\"logo\":{\"@type\":\"ImageObject\",\"inLanguage\":\"en-GB\",\"@id\":\"https:\/\/ocsolutions.hu\/#\/schema\/logo\/image\/\",\"url\":\"https:\/\/i0.wp.com\/solutions.oc.hu\/wp-content\/uploads\/2019\/11\/OCInvestmentSolutions_logo-1.png?fit=600%2C600&ssl=1\",\"contentUrl\":\"https:\/\/i0.wp.com\/solutions.oc.hu\/wp-content\/uploads\/2019\/11\/OCInvestmentSolutions_logo-1.png?fit=600%2C600&ssl=1\",\"width\":600,\"height\":600,\"caption\":\"OC Investment Solutions\"},\"image\":{\"@id\":\"https:\/\/ocsolutions.hu\/#\/schema\/logo\/image\/\"}}]}<\/script>\n<!-- \/ Yoast SEO plugin. -->","yoast_head_json":{"title":"Ipari, kereskedelmi ingatlan - OC Investment Solutions","description":"Ipari, fejleszt\u00e9si, kereskedelmi ingatlan - \u00e9rt\u00e9kes\u00edtj\u00fck, felkutatjuk, tan\u00e1csot adunk. Tudjon meg t\u00f6bbet szolg\u00e1ltatat\u00e1sainkr\u00f3l!","robots":{"index":"noindex","follow":"follow","max-snippet":"max-snippet:-1","max-image-preview":"max-image-preview:large","max-video-preview":"max-video-preview:-1"},"og_locale":"en_GB","og_type":"article","og_title":"Ipari, kereskedelmi ingatlan - OC Investment Solutions","og_description":"Ipari, fejleszt\u00e9si, kereskedelmi ingatlan - \u00e9rt\u00e9kes\u00edtj\u00fck, felkutatjuk, tan\u00e1csot adunk. Tudjon meg t\u00f6bbet szolg\u00e1ltatat\u00e1sainkr\u00f3l!","og_url":"https:\/\/ocsolutions.hu\/en\/fejlesztesi-es-kereskedelmi-ingatlanok\/","og_site_name":"OC Investment Solutions","article_modified_time":"2023-12-12T06:40:09+00:00","twitter_card":"summary_large_image","twitter_misc":{"Estimated reading time":"2 minutes"},"schema":{"@context":"https:\/\/schema.org","@graph":[{"@type":"WebPage","@id":"https:\/\/ocsolutions.hu\/fejlesztesi-es-kereskedelmi-ingatlanok\/","url":"https:\/\/ocsolutions.hu\/fejlesztesi-es-kereskedelmi-ingatlanok\/","name":"Ipari, kereskedelmi ingatlan - OC Investment Solutions","isPartOf":{"@id":"https:\/\/ocsolutions.hu\/#website"},"datePublished":"2019-10-15T10:15:24+00:00","dateModified":"2023-12-12T06:40:09+00:00","description":"Ipari, fejleszt\u00e9si, kereskedelmi ingatlan - \u00e9rt\u00e9kes\u00edtj\u00fck, felkutatjuk, tan\u00e1csot adunk. Tudjon meg t\u00f6bbet szolg\u00e1ltatat\u00e1sainkr\u00f3l!","breadcrumb":{"@id":"https:\/\/ocsolutions.hu\/fejlesztesi-es-kereskedelmi-ingatlanok\/#breadcrumb"},"inLanguage":"en-GB","potentialAction":[{"@type":"ReadAction","target":["https:\/\/ocsolutions.hu\/fejlesztesi-es-kereskedelmi-ingatlanok\/"]}]},{"@type":"BreadcrumbList","@id":"https:\/\/ocsolutions.hu\/fejlesztesi-es-kereskedelmi-ingatlanok\/#breadcrumb","itemListElement":[{"@type":"ListItem","position":1,"name":"Home","item":"https:\/\/ocsolutions.hu\/"},{"@type":"ListItem","position":2,"name":"Fejleszt\u00e9si \u00e9s Kereskedelmi ingatlanok"}]},{"@type":"WebSite","@id":"https:\/\/ocsolutions.hu\/#website","url":"https:\/\/ocsolutions.hu\/","name":"OC Investment Solutions","description":"","publisher":{"@id":"https:\/\/ocsolutions.hu\/#organization"},"potentialAction":[{"@type":"SearchAction","target":{"@type":"EntryPoint","urlTemplate":"https:\/\/ocsolutions.hu\/?s={search_term_string}"},"query-input":"required name=search_term_string"}],"inLanguage":"en-GB"},{"@type":"Organization","@id":"https:\/\/ocsolutions.hu\/#organization","name":"OC Investment Solutions","url":"https:\/\/ocsolutions.hu\/","logo":{"@type":"ImageObject","inLanguage":"en-GB","@id":"https:\/\/ocsolutions.hu\/#\/schema\/logo\/image\/","url":"https:\/\/i0.wp.com\/solutions.oc.hu\/wp-content\/uploads\/2019\/11\/OCInvestmentSolutions_logo-1.png?fit=600%2C600&ssl=1","contentUrl":"https:\/\/i0.wp.com\/solutions.oc.hu\/wp-content\/uploads\/2019\/11\/OCInvestmentSolutions_logo-1.png?fit=600%2C600&ssl=1","width":600,"height":600,"caption":"OC Investment Solutions"},"image":{"@id":"https:\/\/ocsolutions.hu\/#\/schema\/logo\/image\/"}}]}},"_links":{"self":[{"href":"https:\/\/ocsolutions.hu\/en\/wp-json\/wp\/v2\/pages\/2068"}],"collection":[{"href":"https:\/\/ocsolutions.hu\/en\/wp-json\/wp\/v2\/pages"}],"about":[{"href":"https:\/\/ocsolutions.hu\/en\/wp-json\/wp\/v2\/types\/page"}],"author":[{"embeddable":true,"href":"https:\/\/ocsolutions.hu\/en\/wp-json\/wp\/v2\/users\/1"}],"replies":[{"embeddable":true,"href":"https:\/\/ocsolutions.hu\/en\/wp-json\/wp\/v2\/comments?post=2068"}],"version-history":[{"count":17,"href":"https:\/\/ocsolutions.hu\/en\/wp-json\/wp\/v2\/pages\/2068\/revisions"}],"predecessor-version":[{"id":6348,"href":"https:\/\/ocsolutions.hu\/en\/wp-json\/wp\/v2\/pages\/2068\/revisions\/6348"}],"wp:attachment":[{"href":"https:\/\/ocsolutions.hu\/en\/wp-json\/wp\/v2\/media?parent=2068"}],"curies":[{"name":"wp","href":"https:\/\/api.w.org\/{rel}","templated":true}]}}