{"id":2129,"date":"2019-10-18T13:05:55","date_gmt":"2019-10-18T13:05:55","guid":{"rendered":"http:\/\/dard.hu\/clients\/ocs\/?page_id=2129"},"modified":"2023-12-12T06:39:18","modified_gmt":"2023-12-12T06:39:18","slug":"energetikai-tanusitvany","status":"publish","type":"page","link":"https:\/\/ocsolutions.hu\/en\/energetikai-tanusitvany\/","title":{"rendered":"Energy Consumption Certificate"},"content":{"rendered":"<h1><\/h1>\n<h2 class=\"szolgsubtitle\">100% Satisfaction Guaranteed<\/h2>\n<h2 style=\"text-align: left;\">Pursuant to Government Decree 176\/2008 (30.VI.), an energy certificate is mandatory to be obtained for the leases and sale of buildings.<\/h2>\n<h2>OC Investment Solutions <strong>offers a 100% satisfaction guarantee<\/strong> to its clients who hire us to prepare the energy certificate.<\/h2>\n<h2>What is an Energy Certificate and Why Do You Need One?<\/h2>\n<p>Energiafelhaszn\u00e1l\u00e1sunk <strong>t\u00f6bb mint 40 %<\/strong>-\u00e1t az \u00e9p\u00fcletek fenntart\u00e1s\u00e1ra ford\u00edtjuk, ez\u00e9rt k\u00fcl\u00f6n\u00f6sen fontos az \u00e9p\u00fcletek energiatakar\u00e9koss\u00e1ga. 2009. janu\u00e1r elsej\u00e9t\u0151l minden \u00faj \u00e9p\u00edt\u00e9s\u0171 \u00e9s k\u00f6zhaszn\u00e1lat\u00fa \u00e9p\u00fclet (\u00e1llami \u00e9s \u00f6nkorm\u00e1nyzati) eset\u00e9ben k\u00f6telez\u0151 az energetikai tan\u00fas\u00edtv\u00e1ny ki\u00e1ll\u00edt\u00e1sa. Az uni\u00f3s aj\u00e1nl\u00e1sra bevezetett\u00a0jogszab\u00e1ly 2012-t\u0151l k\u00f6telez\u0151v\u00e9 teszi az energetikai tan\u00fas\u00edtv\u00e1ny elk\u00e9sz\u00edt\u00e9s\u00e9t r\u00e9gi \u00e9p\u00fcletekre is.<\/p>\n<p>The purpose of the energy certificate is to provide buyers with credible information on the energy quality of the building or flat and on the necessary and feasible renovation and modernisation proposals.<\/p>\n<p>M\u00e1r csak id\u0151 k\u00e9rd\u00e9se \u00e9s ingatlanhirdet\u00e9s sem adhat\u00f3 fel an\u00e9lk\u00fcl, hogy fel ne t\u00fcntess\u00fck az energetikai besorol\u00e1st!\u00a0 Legyen jogk\u00f6vet\u0151, ezzel megel\u0151zve egy k\u00e9s\u0151bbi reklam\u00e1ci\u00f3t vagy jogi vit\u00e1t \u00e9s az ad\u00e1sv\u00e9telt k\u00f6vet\u0151en nyugodtan alhat, nem kell tartania szab\u00e1lys\u00e9rt\u00e9si elj\u00e1r\u00e1st\u00f3l, szankci\u00f3kt\u00f3l. A tan\u00fas\u00edtv\u00e1ny \u00e9rv\u00e9nyess\u00e9gi ideje 10 \u00e9v<\/p>\n<h2 style=\"text-align: left;\">Az energetikai tan\u00fas\u00edtv\u00e1ny elk\u00e9sz\u00edt\u00e9s\u00e9t <b>ak\u00e1r 24 \u00f3r\u00e1n bel\u00fcl<\/b> !<\/h2>\n<p><a href=\"https:\/\/www.linkedin.com\/company\/oc-investment-solutions\/\">linkedin<\/a><\/p>","protected":false},"excerpt":{"rendered":"<p>100% el\u00e9gedetts\u00e9gi garanci\u00e1val A 176\/2008. (VI. 30.) Korm\u00e1nyrendelet alapj\u00e1n, az \u00e9p\u00fcletek energetikai jellemz\u0151ir\u0151l, minden ad\u00e1sv\u00e9telhez \u00e9s b\u00e9rbead\u00e1shoz, k\u00f6telez\u0151 energetikai tan\u00fas\u00edtv\u00e1nyt k\u00e9sz\u00edttetni. Az OC Investment Solutions 100% el\u00e9gedetts\u00e9gi garanci\u00e1t v\u00e1llal a tan\u00fas\u00edtv\u00e1nyt megrendel\u0151 \u00fcgyfelei r\u00e9sz\u00e9re. Mi is az energetikai tan\u00fas\u00edtv\u00e1ny \u00e9s mi\u00e9rt van r\u00e1 sz\u00fcks\u00e9g? Energiafelhaszn\u00e1l\u00e1sunk t\u00f6bb mint 40 %-\u00e1t az \u00e9p\u00fcletek fenntart\u00e1s\u00e1ra ford\u00edtjuk, ez\u00e9rt k\u00fcl\u00f6n\u00f6sen [&hellip;]<\/p>","protected":false},"author":1,"featured_media":0,"parent":0,"menu_order":0,"comment_status":"closed","ping_status":"closed","template":"","meta":{"footnotes":""},"yoast_head":"<!-- This site is optimized with the Yoast SEO plugin v22.8 - https:\/\/yoast.com\/wordpress\/plugins\/seo\/ -->\n<title>Energetikai tan\u00fas\u00edtv\u00e1ny - OC Investment Solutions<\/title>\n<meta name=\"description\" content=\"Energetikai tan\u00fas\u00edtv\u00e1ny 24 \u00f3r\u00e1n bel\u00fcl - k\u00fcl\u00f6nleges ingatlanokra is. K\u00e9rje aj\u00e1nlatunkat most!\" \/>\n<meta name=\"robots\" content=\"noindex, follow, max-snippet:-1, max-image-preview:large, max-video-preview:-1\" \/>\n<meta property=\"og:locale\" content=\"en_GB\" \/>\n<meta property=\"og:type\" content=\"article\" \/>\n<meta property=\"og:title\" content=\"Energetikai tan\u00fas\u00edtv\u00e1ny - OC Investment Solutions\" \/>\n<meta property=\"og:description\" content=\"Energetikai tan\u00fas\u00edtv\u00e1ny 24 \u00f3r\u00e1n bel\u00fcl - k\u00fcl\u00f6nleges ingatlanokra is. K\u00e9rje aj\u00e1nlatunkat most!\" \/>\n<meta property=\"og:url\" content=\"https:\/\/ocsolutions.hu\/en\/energetikai-tanusitvany\/\" \/>\n<meta property=\"og:site_name\" content=\"OC Investment Solutions\" \/>\n<meta property=\"article:modified_time\" content=\"2023-12-12T06:39:18+00:00\" \/>\n<meta name=\"twitter:card\" content=\"summary_large_image\" \/>\n<meta name=\"twitter:label1\" content=\"Estimated reading time\" \/>\n\t<meta name=\"twitter:data1\" content=\"1 minute\" \/>\n<script type=\"application\/ld+json\" class=\"yoast-schema-graph\">{\"@context\":\"https:\/\/schema.org\",\"@graph\":[{\"@type\":\"WebPage\",\"@id\":\"https:\/\/ocsolutions.hu\/energetikai-tanusitvany\/\",\"url\":\"https:\/\/ocsolutions.hu\/energetikai-tanusitvany\/\",\"name\":\"Energetikai tan\u00fas\u00edtv\u00e1ny - OC Investment Solutions\",\"isPartOf\":{\"@id\":\"https:\/\/ocsolutions.hu\/#website\"},\"datePublished\":\"2019-10-18T13:05:55+00:00\",\"dateModified\":\"2023-12-12T06:39:18+00:00\",\"description\":\"Energetikai tan\u00fas\u00edtv\u00e1ny 24 \u00f3r\u00e1n bel\u00fcl - k\u00fcl\u00f6nleges ingatlanokra is. K\u00e9rje aj\u00e1nlatunkat most!\",\"breadcrumb\":{\"@id\":\"https:\/\/ocsolutions.hu\/energetikai-tanusitvany\/#breadcrumb\"},\"inLanguage\":\"en-GB\",\"potentialAction\":[{\"@type\":\"ReadAction\",\"target\":[\"https:\/\/ocsolutions.hu\/energetikai-tanusitvany\/\"]}]},{\"@type\":\"BreadcrumbList\",\"@id\":\"https:\/\/ocsolutions.hu\/energetikai-tanusitvany\/#breadcrumb\",\"itemListElement\":[{\"@type\":\"ListItem\",\"position\":1,\"name\":\"Home\",\"item\":\"https:\/\/ocsolutions.hu\/\"},{\"@type\":\"ListItem\",\"position\":2,\"name\":\"Energetikai tan\u00fas\u00edtv\u00e1ny\"}]},{\"@type\":\"WebSite\",\"@id\":\"https:\/\/ocsolutions.hu\/#website\",\"url\":\"https:\/\/ocsolutions.hu\/\",\"name\":\"OC Investment Solutions\",\"description\":\"\",\"publisher\":{\"@id\":\"https:\/\/ocsolutions.hu\/#organization\"},\"potentialAction\":[{\"@type\":\"SearchAction\",\"target\":{\"@type\":\"EntryPoint\",\"urlTemplate\":\"https:\/\/ocsolutions.hu\/?s={search_term_string}\"},\"query-input\":\"required name=search_term_string\"}],\"inLanguage\":\"en-GB\"},{\"@type\":\"Organization\",\"@id\":\"https:\/\/ocsolutions.hu\/#organization\",\"name\":\"OC Investment Solutions\",\"url\":\"https:\/\/ocsolutions.hu\/\",\"logo\":{\"@type\":\"ImageObject\",\"inLanguage\":\"en-GB\",\"@id\":\"https:\/\/ocsolutions.hu\/#\/schema\/logo\/image\/\",\"url\":\"https:\/\/i0.wp.com\/solutions.oc.hu\/wp-content\/uploads\/2019\/11\/OCInvestmentSolutions_logo-1.png?fit=600%2C600&ssl=1\",\"contentUrl\":\"https:\/\/i0.wp.com\/solutions.oc.hu\/wp-content\/uploads\/2019\/11\/OCInvestmentSolutions_logo-1.png?fit=600%2C600&ssl=1\",\"width\":600,\"height\":600,\"caption\":\"OC Investment Solutions\"},\"image\":{\"@id\":\"https:\/\/ocsolutions.hu\/#\/schema\/logo\/image\/\"}}]}<\/script>\n<!-- \/ Yoast SEO plugin. -->","yoast_head_json":{"title":"Energetikai tan\u00fas\u00edtv\u00e1ny - OC Investment Solutions","description":"Energetikai tan\u00fas\u00edtv\u00e1ny 24 \u00f3r\u00e1n bel\u00fcl - k\u00fcl\u00f6nleges ingatlanokra is. K\u00e9rje aj\u00e1nlatunkat most!","robots":{"index":"noindex","follow":"follow","max-snippet":"max-snippet:-1","max-image-preview":"max-image-preview:large","max-video-preview":"max-video-preview:-1"},"og_locale":"en_GB","og_type":"article","og_title":"Energetikai tan\u00fas\u00edtv\u00e1ny - OC Investment Solutions","og_description":"Energetikai tan\u00fas\u00edtv\u00e1ny 24 \u00f3r\u00e1n bel\u00fcl - k\u00fcl\u00f6nleges ingatlanokra is. K\u00e9rje aj\u00e1nlatunkat most!","og_url":"https:\/\/ocsolutions.hu\/en\/energetikai-tanusitvany\/","og_site_name":"OC Investment Solutions","article_modified_time":"2023-12-12T06:39:18+00:00","twitter_card":"summary_large_image","twitter_misc":{"Estimated reading time":"1 minute"},"schema":{"@context":"https:\/\/schema.org","@graph":[{"@type":"WebPage","@id":"https:\/\/ocsolutions.hu\/energetikai-tanusitvany\/","url":"https:\/\/ocsolutions.hu\/energetikai-tanusitvany\/","name":"Energetikai tan\u00fas\u00edtv\u00e1ny - OC Investment Solutions","isPartOf":{"@id":"https:\/\/ocsolutions.hu\/#website"},"datePublished":"2019-10-18T13:05:55+00:00","dateModified":"2023-12-12T06:39:18+00:00","description":"Energetikai tan\u00fas\u00edtv\u00e1ny 24 \u00f3r\u00e1n bel\u00fcl - k\u00fcl\u00f6nleges ingatlanokra is. K\u00e9rje aj\u00e1nlatunkat most!","breadcrumb":{"@id":"https:\/\/ocsolutions.hu\/energetikai-tanusitvany\/#breadcrumb"},"inLanguage":"en-GB","potentialAction":[{"@type":"ReadAction","target":["https:\/\/ocsolutions.hu\/energetikai-tanusitvany\/"]}]},{"@type":"BreadcrumbList","@id":"https:\/\/ocsolutions.hu\/energetikai-tanusitvany\/#breadcrumb","itemListElement":[{"@type":"ListItem","position":1,"name":"Home","item":"https:\/\/ocsolutions.hu\/"},{"@type":"ListItem","position":2,"name":"Energetikai tan\u00fas\u00edtv\u00e1ny"}]},{"@type":"WebSite","@id":"https:\/\/ocsolutions.hu\/#website","url":"https:\/\/ocsolutions.hu\/","name":"OC Investment Solutions","description":"","publisher":{"@id":"https:\/\/ocsolutions.hu\/#organization"},"potentialAction":[{"@type":"SearchAction","target":{"@type":"EntryPoint","urlTemplate":"https:\/\/ocsolutions.hu\/?s={search_term_string}"},"query-input":"required name=search_term_string"}],"inLanguage":"en-GB"},{"@type":"Organization","@id":"https:\/\/ocsolutions.hu\/#organization","name":"OC Investment Solutions","url":"https:\/\/ocsolutions.hu\/","logo":{"@type":"ImageObject","inLanguage":"en-GB","@id":"https:\/\/ocsolutions.hu\/#\/schema\/logo\/image\/","url":"https:\/\/i0.wp.com\/solutions.oc.hu\/wp-content\/uploads\/2019\/11\/OCInvestmentSolutions_logo-1.png?fit=600%2C600&ssl=1","contentUrl":"https:\/\/i0.wp.com\/solutions.oc.hu\/wp-content\/uploads\/2019\/11\/OCInvestmentSolutions_logo-1.png?fit=600%2C600&ssl=1","width":600,"height":600,"caption":"OC Investment Solutions"},"image":{"@id":"https:\/\/ocsolutions.hu\/#\/schema\/logo\/image\/"}}]}},"_links":{"self":[{"href":"https:\/\/ocsolutions.hu\/en\/wp-json\/wp\/v2\/pages\/2129"}],"collection":[{"href":"https:\/\/ocsolutions.hu\/en\/wp-json\/wp\/v2\/pages"}],"about":[{"href":"https:\/\/ocsolutions.hu\/en\/wp-json\/wp\/v2\/types\/page"}],"author":[{"embeddable":true,"href":"https:\/\/ocsolutions.hu\/en\/wp-json\/wp\/v2\/users\/1"}],"replies":[{"embeddable":true,"href":"https:\/\/ocsolutions.hu\/en\/wp-json\/wp\/v2\/comments?post=2129"}],"version-history":[{"count":10,"href":"https:\/\/ocsolutions.hu\/en\/wp-json\/wp\/v2\/pages\/2129\/revisions"}],"predecessor-version":[{"id":6436,"href":"https:\/\/ocsolutions.hu\/en\/wp-json\/wp\/v2\/pages\/2129\/revisions\/6436"}],"wp:attachment":[{"href":"https:\/\/ocsolutions.hu\/en\/wp-json\/wp\/v2\/media?parent=2129"}],"curies":[{"name":"wp","href":"https:\/\/api.w.org\/{rel}","templated":true}]}}