{"id":2138,"date":"2019-10-18T13:24:39","date_gmt":"2019-10-18T13:24:39","guid":{"rendered":"http:\/\/dard.hu\/clients\/ocs\/?page_id=2138"},"modified":"2023-12-12T06:41:12","modified_gmt":"2023-12-12T06:41:12","slug":"online-ingatlanaukciok","status":"publish","type":"page","link":"https:\/\/ocsolutions.hu\/en\/online-ingatlanaukciok\/","title":{"rendered":"Online Property Auctions"},"content":{"rendered":"<h2>The most effective way to sell a sought-after property.<!-- [et_pb_line_break_holder] --><!-- [et_pb_line_break_holder] --><\/h2>\n<h3>Firstly, together with CIB Recovery Zrt, we conducted a highly successful online auction sales cycle for a significant number of properties. This was followed by our cooperation with Erste Leasing, and then by private and corporate clients of the Otthon Centrum network.<\/h3>\n<h3>The auction sales process and the online interface are tailored to the parameters and ideas of our corporate clients.<\/h3>\n<h2>Advantages Of Online Auctions<\/h2>\n<ul>\n<li>\u00e1tl\u00e1that\u00f3, mindenki sz\u00e1m\u00e1ra transzparens folyamat<\/li>\n<li>kell\u0151 id\u0151 \u00e1ll rendelkez\u00e9sre a marketingkamp\u00e1nyra<\/li>\n<li>minden potenci\u00e1lis vev\u0151jel\u00f6ltnek van lehet\u0151s\u00e9ge megtekinteni \u00e9s megvizsg\u00e1lni az ingatlan teljes dokument\u00e1ci\u00f3j\u00e1t<\/li>\n<li>el\u0151re \u00e9s j\u00f3l szab\u00e1lyozhat\u00f3 minden \u00e9rt\u00e9kes\u00edt\u00e9si felt\u00e9tel<\/li>\n<li>a megb\u00edz\u00f3 r\u00e9sz\u00e9r\u0151l nem sz\u00fcletik t\u00fal gyors, vagy \u00e9rzelmi alapon meghozott d\u00f6nt\u00e9s<\/li>\n<li>a legmagasabb \u00e1r ebben az \u00e9rt\u00e9kes\u00edt\u00e9si form\u00e1ban \u00e9rhet\u0151 el<\/li>\n<\/ul>\n<h3>An online auction sale enabled us to sell an agricultural property advertised for&nbsp;<strong>HUF 95 million<\/strong>at <strong>HUF 162 million<\/strong>!<\/h3>","protected":false},"excerpt":{"rendered":"<p>A keresett ingatlanok leghat\u00e9konyabb \u00e9rt\u00e9kes\u00edt\u00e9si eszk\u00f6ze Els\u0151k\u00e9nt, a CIB Recovery Zrt-vel k\u00f6z\u00f6sen bonyol\u00edtottunk online aukci\u00f3 keretein bel\u00fcl, egy rendk\u00edv\u00fcl sikeres \u00e9rt\u00e9kes\u00edt\u00e9si ciklust, egy jelent\u0151s sz\u00e1m\u00fa ingatlanportf\u00f3li\u00f3ra. Ezt k\u00f6vette az Erste Leasinggel k\u00f6z\u00f6s egy\u00fcttm\u0171k\u00f6d\u00e9s, majd az Otthon Centrum h\u00e1l\u00f3zat mag\u00e1nszem\u00e9ly \u00e9s v\u00e1llalati \u00fcgyfelei is ig\u00e9nybe vett\u00e9k szolg\u00e1ltat\u00e1sunkat. Az aukci\u00f3 \u00e9rt\u00e9kes\u00edt\u00e9si folyamat\u00e1t \u00e9s az online fel\u00fcletet v\u00e1llalati [&hellip;]<\/p>","protected":false},"author":1,"featured_media":0,"parent":0,"menu_order":0,"comment_status":"closed","ping_status":"closed","template":"","meta":{"footnotes":""},"yoast_head":"<!-- This site is optimized with the Yoast SEO plugin v22.8 - https:\/\/yoast.com\/wordpress\/plugins\/seo\/ -->\n<title>Ingatlan \u00e9rt\u00e9kes\u00edt\u00e9s - OC Investment Solutions<\/title>\n<meta name=\"description\" content=\"Ingatlan \u00e9rt\u00e9kes\u00edt\u00e9s online aukci\u00f3 szervez\u00e9s\u00e9vel - teljes k\u00f6r\u0171 szolg\u00e1ltat\u00e1s. Keressen minket!\" \/>\n<meta name=\"robots\" content=\"noindex, follow, max-snippet:-1, max-image-preview:large, max-video-preview:-1\" \/>\n<meta property=\"og:locale\" content=\"en_GB\" \/>\n<meta property=\"og:type\" content=\"article\" \/>\n<meta property=\"og:title\" content=\"Ingatlan \u00e9rt\u00e9kes\u00edt\u00e9s - OC Investment Solutions\" \/>\n<meta property=\"og:description\" content=\"Ingatlan \u00e9rt\u00e9kes\u00edt\u00e9s online aukci\u00f3 szervez\u00e9s\u00e9vel - teljes k\u00f6r\u0171 szolg\u00e1ltat\u00e1s. Keressen minket!\" \/>\n<meta property=\"og:url\" content=\"https:\/\/ocsolutions.hu\/en\/online-ingatlanaukciok\/\" \/>\n<meta property=\"og:site_name\" content=\"OC Investment Solutions\" \/>\n<meta property=\"article:modified_time\" content=\"2023-12-12T06:41:12+00:00\" \/>\n<meta name=\"twitter:card\" content=\"summary_large_image\" \/>\n<meta name=\"twitter:label1\" content=\"Estimated reading time\" \/>\n\t<meta name=\"twitter:data1\" content=\"1 minute\" \/>\n<script type=\"application\/ld+json\" class=\"yoast-schema-graph\">{\"@context\":\"https:\/\/schema.org\",\"@graph\":[{\"@type\":\"WebPage\",\"@id\":\"https:\/\/ocsolutions.hu\/online-ingatlanaukciok\/\",\"url\":\"https:\/\/ocsolutions.hu\/online-ingatlanaukciok\/\",\"name\":\"Ingatlan \u00e9rt\u00e9kes\u00edt\u00e9s - OC Investment Solutions\",\"isPartOf\":{\"@id\":\"https:\/\/ocsolutions.hu\/#website\"},\"datePublished\":\"2019-10-18T13:24:39+00:00\",\"dateModified\":\"2023-12-12T06:41:12+00:00\",\"description\":\"Ingatlan \u00e9rt\u00e9kes\u00edt\u00e9s online aukci\u00f3 szervez\u00e9s\u00e9vel - teljes k\u00f6r\u0171 szolg\u00e1ltat\u00e1s. Keressen minket!\",\"breadcrumb\":{\"@id\":\"https:\/\/ocsolutions.hu\/online-ingatlanaukciok\/#breadcrumb\"},\"inLanguage\":\"en-GB\",\"potentialAction\":[{\"@type\":\"ReadAction\",\"target\":[\"https:\/\/ocsolutions.hu\/online-ingatlanaukciok\/\"]}]},{\"@type\":\"BreadcrumbList\",\"@id\":\"https:\/\/ocsolutions.hu\/online-ingatlanaukciok\/#breadcrumb\",\"itemListElement\":[{\"@type\":\"ListItem\",\"position\":1,\"name\":\"Home\",\"item\":\"https:\/\/ocsolutions.hu\/\"},{\"@type\":\"ListItem\",\"position\":2,\"name\":\"Online ingatlanaukci\u00f3k\"}]},{\"@type\":\"WebSite\",\"@id\":\"https:\/\/ocsolutions.hu\/#website\",\"url\":\"https:\/\/ocsolutions.hu\/\",\"name\":\"OC Investment Solutions\",\"description\":\"\",\"publisher\":{\"@id\":\"https:\/\/ocsolutions.hu\/#organization\"},\"potentialAction\":[{\"@type\":\"SearchAction\",\"target\":{\"@type\":\"EntryPoint\",\"urlTemplate\":\"https:\/\/ocsolutions.hu\/?s={search_term_string}\"},\"query-input\":\"required name=search_term_string\"}],\"inLanguage\":\"en-GB\"},{\"@type\":\"Organization\",\"@id\":\"https:\/\/ocsolutions.hu\/#organization\",\"name\":\"OC Investment Solutions\",\"url\":\"https:\/\/ocsolutions.hu\/\",\"logo\":{\"@type\":\"ImageObject\",\"inLanguage\":\"en-GB\",\"@id\":\"https:\/\/ocsolutions.hu\/#\/schema\/logo\/image\/\",\"url\":\"https:\/\/i0.wp.com\/solutions.oc.hu\/wp-content\/uploads\/2019\/11\/OCInvestmentSolutions_logo-1.png?fit=600%2C600&ssl=1\",\"contentUrl\":\"https:\/\/i0.wp.com\/solutions.oc.hu\/wp-content\/uploads\/2019\/11\/OCInvestmentSolutions_logo-1.png?fit=600%2C600&ssl=1\",\"width\":600,\"height\":600,\"caption\":\"OC Investment Solutions\"},\"image\":{\"@id\":\"https:\/\/ocsolutions.hu\/#\/schema\/logo\/image\/\"}}]}<\/script>\n<!-- \/ Yoast SEO plugin. -->","yoast_head_json":{"title":"Ingatlan \u00e9rt\u00e9kes\u00edt\u00e9s - OC Investment Solutions","description":"Ingatlan \u00e9rt\u00e9kes\u00edt\u00e9s online aukci\u00f3 szervez\u00e9s\u00e9vel - teljes k\u00f6r\u0171 szolg\u00e1ltat\u00e1s. Keressen minket!","robots":{"index":"noindex","follow":"follow","max-snippet":"max-snippet:-1","max-image-preview":"max-image-preview:large","max-video-preview":"max-video-preview:-1"},"og_locale":"en_GB","og_type":"article","og_title":"Ingatlan \u00e9rt\u00e9kes\u00edt\u00e9s - OC Investment Solutions","og_description":"Ingatlan \u00e9rt\u00e9kes\u00edt\u00e9s online aukci\u00f3 szervez\u00e9s\u00e9vel - teljes k\u00f6r\u0171 szolg\u00e1ltat\u00e1s. Keressen minket!","og_url":"https:\/\/ocsolutions.hu\/en\/online-ingatlanaukciok\/","og_site_name":"OC Investment Solutions","article_modified_time":"2023-12-12T06:41:12+00:00","twitter_card":"summary_large_image","twitter_misc":{"Estimated reading time":"1 minute"},"schema":{"@context":"https:\/\/schema.org","@graph":[{"@type":"WebPage","@id":"https:\/\/ocsolutions.hu\/online-ingatlanaukciok\/","url":"https:\/\/ocsolutions.hu\/online-ingatlanaukciok\/","name":"Ingatlan \u00e9rt\u00e9kes\u00edt\u00e9s - OC Investment Solutions","isPartOf":{"@id":"https:\/\/ocsolutions.hu\/#website"},"datePublished":"2019-10-18T13:24:39+00:00","dateModified":"2023-12-12T06:41:12+00:00","description":"Ingatlan \u00e9rt\u00e9kes\u00edt\u00e9s online aukci\u00f3 szervez\u00e9s\u00e9vel - teljes k\u00f6r\u0171 szolg\u00e1ltat\u00e1s. Keressen minket!","breadcrumb":{"@id":"https:\/\/ocsolutions.hu\/online-ingatlanaukciok\/#breadcrumb"},"inLanguage":"en-GB","potentialAction":[{"@type":"ReadAction","target":["https:\/\/ocsolutions.hu\/online-ingatlanaukciok\/"]}]},{"@type":"BreadcrumbList","@id":"https:\/\/ocsolutions.hu\/online-ingatlanaukciok\/#breadcrumb","itemListElement":[{"@type":"ListItem","position":1,"name":"Home","item":"https:\/\/ocsolutions.hu\/"},{"@type":"ListItem","position":2,"name":"Online ingatlanaukci\u00f3k"}]},{"@type":"WebSite","@id":"https:\/\/ocsolutions.hu\/#website","url":"https:\/\/ocsolutions.hu\/","name":"OC Investment Solutions","description":"","publisher":{"@id":"https:\/\/ocsolutions.hu\/#organization"},"potentialAction":[{"@type":"SearchAction","target":{"@type":"EntryPoint","urlTemplate":"https:\/\/ocsolutions.hu\/?s={search_term_string}"},"query-input":"required name=search_term_string"}],"inLanguage":"en-GB"},{"@type":"Organization","@id":"https:\/\/ocsolutions.hu\/#organization","name":"OC Investment Solutions","url":"https:\/\/ocsolutions.hu\/","logo":{"@type":"ImageObject","inLanguage":"en-GB","@id":"https:\/\/ocsolutions.hu\/#\/schema\/logo\/image\/","url":"https:\/\/i0.wp.com\/solutions.oc.hu\/wp-content\/uploads\/2019\/11\/OCInvestmentSolutions_logo-1.png?fit=600%2C600&ssl=1","contentUrl":"https:\/\/i0.wp.com\/solutions.oc.hu\/wp-content\/uploads\/2019\/11\/OCInvestmentSolutions_logo-1.png?fit=600%2C600&ssl=1","width":600,"height":600,"caption":"OC Investment Solutions"},"image":{"@id":"https:\/\/ocsolutions.hu\/#\/schema\/logo\/image\/"}}]}},"_links":{"self":[{"href":"https:\/\/ocsolutions.hu\/en\/wp-json\/wp\/v2\/pages\/2138"}],"collection":[{"href":"https:\/\/ocsolutions.hu\/en\/wp-json\/wp\/v2\/pages"}],"about":[{"href":"https:\/\/ocsolutions.hu\/en\/wp-json\/wp\/v2\/types\/page"}],"author":[{"embeddable":true,"href":"https:\/\/ocsolutions.hu\/en\/wp-json\/wp\/v2\/users\/1"}],"replies":[{"embeddable":true,"href":"https:\/\/ocsolutions.hu\/en\/wp-json\/wp\/v2\/comments?post=2138"}],"version-history":[{"count":10,"href":"https:\/\/ocsolutions.hu\/en\/wp-json\/wp\/v2\/pages\/2138\/revisions"}],"predecessor-version":[{"id":6440,"href":"https:\/\/ocsolutions.hu\/en\/wp-json\/wp\/v2\/pages\/2138\/revisions\/6440"}],"wp:attachment":[{"href":"https:\/\/ocsolutions.hu\/en\/wp-json\/wp\/v2\/media?parent=2138"}],"curies":[{"name":"wp","href":"https:\/\/api.w.org\/{rel}","templated":true}]}}