{"id":6151,"date":"2023-04-13T08:22:33","date_gmt":"2023-04-13T08:22:33","guid":{"rendered":"https:\/\/ocsolutions.hu\/?page_id=6151"},"modified":"2023-12-12T06:40:49","modified_gmt":"2023-12-12T06:40:49","slug":"__trashed-3","status":"publish","type":"page","link":"https:\/\/ocsolutions.hu\/en\/__trashed-3\/","title":{"rendered":"Home staging"},"content":{"rendered":"","protected":false},"excerpt":{"rendered":"","protected":false},"author":1,"featured_media":0,"parent":0,"menu_order":0,"comment_status":"closed","ping_status":"closed","template":"","meta":{"footnotes":""},"yoast_head":"<!-- This site is optimized with the Yoast SEO plugin v22.8 - https:\/\/yoast.com\/wordpress\/plugins\/seo\/ -->\n<title>Ingatlan \u00e9rt\u00e9kes\u00edt\u00e9s - OC Investment Solutions<\/title>\n<meta name=\"description\" content=\"Ingatlan \u00e9rt\u00e9kes\u00edt\u00e9s online aukci\u00f3 szervez\u00e9s\u00e9vel - teljes k\u00f6r\u0171 szolg\u00e1ltat\u00e1s. Keressen minket!\" \/>\n<meta name=\"robots\" content=\"noindex, follow, max-snippet:-1, max-image-preview:large, max-video-preview:-1\" \/>\n<meta property=\"og:locale\" content=\"en_GB\" \/>\n<meta property=\"og:type\" content=\"article\" \/>\n<meta property=\"og:title\" content=\"Ingatlan \u00e9rt\u00e9kes\u00edt\u00e9s - OC Investment Solutions\" \/>\n<meta property=\"og:description\" content=\"Ingatlan \u00e9rt\u00e9kes\u00edt\u00e9s online aukci\u00f3 szervez\u00e9s\u00e9vel - teljes k\u00f6r\u0171 szolg\u00e1ltat\u00e1s. Keressen minket!\" \/>\n<meta property=\"og:url\" content=\"https:\/\/ocsolutions.hu\/en\/__trashed-3\/\" \/>\n<meta property=\"og:site_name\" content=\"OC Investment Solutions\" \/>\n<meta property=\"article:modified_time\" content=\"2023-12-12T06:40:49+00:00\" \/>\n<meta name=\"twitter:card\" content=\"summary_large_image\" \/>\n<script type=\"application\/ld+json\" class=\"yoast-schema-graph\">{\"@context\":\"https:\/\/schema.org\",\"@graph\":[{\"@type\":\"WebPage\",\"@id\":\"https:\/\/ocsolutions.hu\/__trashed-3\/\",\"url\":\"https:\/\/ocsolutions.hu\/__trashed-3\/\",\"name\":\"Ingatlan \u00e9rt\u00e9kes\u00edt\u00e9s - OC Investment Solutions\",\"isPartOf\":{\"@id\":\"https:\/\/ocsolutions.hu\/#website\"},\"datePublished\":\"2023-04-13T08:22:33+00:00\",\"dateModified\":\"2023-12-12T06:40:49+00:00\",\"description\":\"Ingatlan \u00e9rt\u00e9kes\u00edt\u00e9s online aukci\u00f3 szervez\u00e9s\u00e9vel - teljes k\u00f6r\u0171 szolg\u00e1ltat\u00e1s. Keressen minket!\",\"breadcrumb\":{\"@id\":\"https:\/\/ocsolutions.hu\/__trashed-3\/#breadcrumb\"},\"inLanguage\":\"en-GB\",\"potentialAction\":[{\"@type\":\"ReadAction\",\"target\":[\"https:\/\/ocsolutions.hu\/__trashed-3\/\"]}]},{\"@type\":\"BreadcrumbList\",\"@id\":\"https:\/\/ocsolutions.hu\/__trashed-3\/#breadcrumb\",\"itemListElement\":[{\"@type\":\"ListItem\",\"position\":1,\"name\":\"Home\",\"item\":\"https:\/\/ocsolutions.hu\/\"},{\"@type\":\"ListItem\",\"position\":2,\"name\":\"Home staging\"}]},{\"@type\":\"WebSite\",\"@id\":\"https:\/\/ocsolutions.hu\/#website\",\"url\":\"https:\/\/ocsolutions.hu\/\",\"name\":\"OC Investment Solutions\",\"description\":\"\",\"publisher\":{\"@id\":\"https:\/\/ocsolutions.hu\/#organization\"},\"potentialAction\":[{\"@type\":\"SearchAction\",\"target\":{\"@type\":\"EntryPoint\",\"urlTemplate\":\"https:\/\/ocsolutions.hu\/?s={search_term_string}\"},\"query-input\":\"required name=search_term_string\"}],\"inLanguage\":\"en-GB\"},{\"@type\":\"Organization\",\"@id\":\"https:\/\/ocsolutions.hu\/#organization\",\"name\":\"OC Investment Solutions\",\"url\":\"https:\/\/ocsolutions.hu\/\",\"logo\":{\"@type\":\"ImageObject\",\"inLanguage\":\"en-GB\",\"@id\":\"https:\/\/ocsolutions.hu\/#\/schema\/logo\/image\/\",\"url\":\"https:\/\/i0.wp.com\/solutions.oc.hu\/wp-content\/uploads\/2019\/11\/OCInvestmentSolutions_logo-1.png?fit=600%2C600&ssl=1\",\"contentUrl\":\"https:\/\/i0.wp.com\/solutions.oc.hu\/wp-content\/uploads\/2019\/11\/OCInvestmentSolutions_logo-1.png?fit=600%2C600&ssl=1\",\"width\":600,\"height\":600,\"caption\":\"OC Investment Solutions\"},\"image\":{\"@id\":\"https:\/\/ocsolutions.hu\/#\/schema\/logo\/image\/\"}}]}<\/script>\n<!-- \/ Yoast SEO plugin. -->","yoast_head_json":{"title":"Ingatlan \u00e9rt\u00e9kes\u00edt\u00e9s - OC Investment Solutions","description":"Ingatlan \u00e9rt\u00e9kes\u00edt\u00e9s online aukci\u00f3 szervez\u00e9s\u00e9vel - teljes k\u00f6r\u0171 szolg\u00e1ltat\u00e1s. Keressen minket!","robots":{"index":"noindex","follow":"follow","max-snippet":"max-snippet:-1","max-image-preview":"max-image-preview:large","max-video-preview":"max-video-preview:-1"},"og_locale":"en_GB","og_type":"article","og_title":"Ingatlan \u00e9rt\u00e9kes\u00edt\u00e9s - OC Investment Solutions","og_description":"Ingatlan \u00e9rt\u00e9kes\u00edt\u00e9s online aukci\u00f3 szervez\u00e9s\u00e9vel - teljes k\u00f6r\u0171 szolg\u00e1ltat\u00e1s. Keressen minket!","og_url":"https:\/\/ocsolutions.hu\/en\/__trashed-3\/","og_site_name":"OC Investment Solutions","article_modified_time":"2023-12-12T06:40:49+00:00","twitter_card":"summary_large_image","schema":{"@context":"https:\/\/schema.org","@graph":[{"@type":"WebPage","@id":"https:\/\/ocsolutions.hu\/__trashed-3\/","url":"https:\/\/ocsolutions.hu\/__trashed-3\/","name":"Ingatlan \u00e9rt\u00e9kes\u00edt\u00e9s - OC Investment Solutions","isPartOf":{"@id":"https:\/\/ocsolutions.hu\/#website"},"datePublished":"2023-04-13T08:22:33+00:00","dateModified":"2023-12-12T06:40:49+00:00","description":"Ingatlan \u00e9rt\u00e9kes\u00edt\u00e9s online aukci\u00f3 szervez\u00e9s\u00e9vel - teljes k\u00f6r\u0171 szolg\u00e1ltat\u00e1s. Keressen minket!","breadcrumb":{"@id":"https:\/\/ocsolutions.hu\/__trashed-3\/#breadcrumb"},"inLanguage":"en-GB","potentialAction":[{"@type":"ReadAction","target":["https:\/\/ocsolutions.hu\/__trashed-3\/"]}]},{"@type":"BreadcrumbList","@id":"https:\/\/ocsolutions.hu\/__trashed-3\/#breadcrumb","itemListElement":[{"@type":"ListItem","position":1,"name":"Home","item":"https:\/\/ocsolutions.hu\/"},{"@type":"ListItem","position":2,"name":"Home staging"}]},{"@type":"WebSite","@id":"https:\/\/ocsolutions.hu\/#website","url":"https:\/\/ocsolutions.hu\/","name":"OC Investment Solutions","description":"","publisher":{"@id":"https:\/\/ocsolutions.hu\/#organization"},"potentialAction":[{"@type":"SearchAction","target":{"@type":"EntryPoint","urlTemplate":"https:\/\/ocsolutions.hu\/?s={search_term_string}"},"query-input":"required name=search_term_string"}],"inLanguage":"en-GB"},{"@type":"Organization","@id":"https:\/\/ocsolutions.hu\/#organization","name":"OC Investment Solutions","url":"https:\/\/ocsolutions.hu\/","logo":{"@type":"ImageObject","inLanguage":"en-GB","@id":"https:\/\/ocsolutions.hu\/#\/schema\/logo\/image\/","url":"https:\/\/i0.wp.com\/solutions.oc.hu\/wp-content\/uploads\/2019\/11\/OCInvestmentSolutions_logo-1.png?fit=600%2C600&ssl=1","contentUrl":"https:\/\/i0.wp.com\/solutions.oc.hu\/wp-content\/uploads\/2019\/11\/OCInvestmentSolutions_logo-1.png?fit=600%2C600&ssl=1","width":600,"height":600,"caption":"OC Investment Solutions"},"image":{"@id":"https:\/\/ocsolutions.hu\/#\/schema\/logo\/image\/"}}]}},"_links":{"self":[{"href":"https:\/\/ocsolutions.hu\/en\/wp-json\/wp\/v2\/pages\/6151"}],"collection":[{"href":"https:\/\/ocsolutions.hu\/en\/wp-json\/wp\/v2\/pages"}],"about":[{"href":"https:\/\/ocsolutions.hu\/en\/wp-json\/wp\/v2\/types\/page"}],"author":[{"embeddable":true,"href":"https:\/\/ocsolutions.hu\/en\/wp-json\/wp\/v2\/users\/1"}],"replies":[{"embeddable":true,"href":"https:\/\/ocsolutions.hu\/en\/wp-json\/wp\/v2\/comments?post=6151"}],"version-history":[{"count":4,"href":"https:\/\/ocsolutions.hu\/en\/wp-json\/wp\/v2\/pages\/6151\/revisions"}],"predecessor-version":[{"id":6439,"href":"https:\/\/ocsolutions.hu\/en\/wp-json\/wp\/v2\/pages\/6151\/revisions\/6439"}],"wp:attachment":[{"href":"https:\/\/ocsolutions.hu\/en\/wp-json\/wp\/v2\/media?parent=6151"}],"curies":[{"name":"wp","href":"https:\/\/api.w.org\/{rel}","templated":true}]}}