{"id":2068,"date":"2019-10-15T10:15:24","date_gmt":"2019-10-15T10:15:24","guid":{"rendered":"http:\/\/dard.hu\/clients\/ocs\/?page_id=2068"},"modified":"2023-12-12T06:40:09","modified_gmt":"2023-12-12T06:40:09","slug":"fejlesztesi-es-kereskedelmi-ingatlanok","status":"publish","type":"page","link":"https:\/\/ocsolutions.hu\/hu\/fejlesztesi-es-kereskedelmi-ingatlanok\/","title":{"rendered":"Fejleszt\u00e9si \u00e9s Kereskedelmi ingatlanok"},"content":{"rendered":"<div class=\"menuflex topnav\">\n<div>\n<p><span style=\"color: revert; font-size: revert; font-weight: revert; font-family: -apple-system, BlinkMacSystemFont, 'Segoe UI', Roboto, Oxygen-Sans, Ubuntu, Cantarell, 'Helvetica Neue', sans-serif;\">20 \u00e9ve a befektet\u00e9si \u00e9s fejleszt\u00e9si ingatlanok piac\u00e1n<\/span><\/p>\n<\/div>\n<\/div>\n<h3>Az \u00e1ltalunk k\u00f6zvet\u00edtett fejleszt\u00e9si ingatlan tranzakci\u00f3k \u00f6ssz\u00e9rt\u00e9ke meghaladja a <strong>45 milli\u00e1rd forint<\/strong>ot, a kereskedelmi ingatlan tranzakci\u00f3k \u00f6ssz\u00e9rt\u00e9ke pedig a <strong>35 milli\u00e1rd forint<\/strong>ot.<\/h3>\n<p>Fel\u00e9p\u00edtett\u00fcnk egy, a piacon magasra poz\u00edcion\u00e1lt \u00fcgyf\u00e9lk\u00f6rt, akikkel folyamatos a k\u00f6z\u00f6s munka, rendszeres az egy\u00fcttm\u0171k\u00f6d\u00e9s. A magyar piaci&nbsp; szerepl\u0151k d\u00f6nt\u0151 t\u00f6bbs\u00e9g\u00e9vel szem\u00e9lyes kapcsolatban \u00e1llunk, elad\u00f3i \u00e9s vev\u0151i oldalr\u00f3l egyar\u00e1nt.<\/p>\n<p>Sok k\u00fclf\u00f6ldi \u00e9s a hazai piacra most bel\u00e9p\u0151 befektet\u0151 eljut hozz\u00e1nk m\u00e1r a nulladik l\u00e9p\u00e9sben.<\/p>\n<p>Jelent\u0151s sz\u00e1m\u00fa ingatlant \u00e9rt\u00e9kes\u00edtett\u00fcnk izraeli, \u00edr, angol, spanyol, k\u00ednai, arab \u00e9s t\u00f6r\u00f6k fejleszt\u0151knek, befektet\u0151knek.<\/p>\n<p>A fejleszt\u00e9si telkek piac\u00e1n egyed\u00fcl\u00e1ll\u00f3 piacismerettel \u00e9s kapcsolatrendszerrel rendelkez\u00fcnk.<\/p>\n<p>B\u00fcszk\u00e9n mondhatjuk, hogy kev\u00e9s szak\u00e9rt\u0151 van a piacon, aki t\u00f6bbet tud a fejleszt\u00e9si ingatlanokr\u00f3l mint mi.<\/p>\n<p>Sz\u00e1mos B kateg\u00f3ri\u00e1s irodah\u00e1z \u00e9s ipari ingatlan, \u00fczlethelyis\u00e9g, sz\u00e1lloda, c\u00e9gk\u00f6zpont, telephely \u00e9s speci\u00e1lis int\u00e9zm\u00e9nyi funkci\u00f3kat bet\u00f6lt\u0151 ingatlan \u00e9rt\u00e9kes\u00edt\u00e9s\u00e9ben vett\u00fcnk r\u00e9szt.<\/p>\n<p>Kapcsolati h\u00e1l\u00f3nk r\u00e9v\u00e9n minden ingatlan eset\u00e9ben,&nbsp; szinte azonnal tudjuk, hogy ki lehet annak ide\u00e1lis v\u00e1s\u00e1rl\u00f3ja. Tranzakci\u00f3ink k\u00f6zel 80%-\u00e1t ilyen m\u00f3don, k\u00f6zvetlen kiaj\u00e1nl\u00e1s \u00fatj\u00e1n hozzuk l\u00e9tre, a hirdet\u00e9sek szerepe m\u00e1sodlagos.<\/p>\n<h2>Banki tulajdonba ker\u00fclt kereskedelmi ingatlanok \u00e9rt\u00e9kes\u00edt\u00e9se<\/h2>\n<p>A CIB-csoporthoz tartoz\u00f3 Recovery Zrt. c\u00e9g\u00fcnket b\u00edzta meg az els\u0151 n\u00e9gy online ingatlan aukci\u00f3j\u00e1nak kiz\u00e1r\u00f3lagos \u00fcgyn\u00f6ks\u00e9gi feladataival \u00e9s az els\u0151 jelent\u0151s ingatlancsomagok kiz\u00e1r\u00f3lagos \u00e9rt\u00e9kes\u00edt\u00e9s\u00e9ben is egy\u00fctt dolgoztunk.<\/p>\n<p><strong>2015<\/strong>-ben elnyert\u00fck a a CIB Recovery Zrt \u00e1ltal ki\u00edrt <strong>\"AZ \u00c9V \u00dcGYN\u00d6KS\u00c9GE\"<\/strong> c\u00edmet \u00e9s t\u00f6bb m\u00e1s p\u00e9nzint\u00e9zet is hasonl\u00f3 elismer\u00e9ssel nyugt\u00e1zta az egy\u00fcttm\u0171k\u00f6d\u00e9s\u00fcnket.<\/p>\n","protected":false},"excerpt":{"rendered":"<p>20 \u00e9ve a befektet\u00e9si \u00e9s fejleszt\u00e9si ingatlanok piac\u00e1n Az \u00e1ltalunk k\u00f6zvet\u00edtett fejleszt\u00e9si ingatlan tranzakci\u00f3k \u00f6ssz\u00e9rt\u00e9ke meghaladja a 45 milli\u00e1rd forintot, a kereskedelmi ingatlan tranzakci\u00f3k \u00f6ssz\u00e9rt\u00e9ke pedig a 35 milli\u00e1rd forintot. Fel\u00e9p\u00edtett\u00fcnk egy, a piacon magasra poz\u00edcion\u00e1lt \u00fcgyf\u00e9lk\u00f6rt, akikkel folyamatos a k\u00f6z\u00f6s munka, rendszeres az egy\u00fcttm\u0171k\u00f6d\u00e9s. A magyar piaci&nbsp; szerepl\u0151k d\u00f6nt\u0151 t\u00f6bbs\u00e9g\u00e9vel szem\u00e9lyes kapcsolatban \u00e1llunk, elad\u00f3i [&hellip;]<\/p>\n","protected":false},"author":1,"featured_media":0,"parent":0,"menu_order":0,"comment_status":"closed","ping_status":"closed","template":"","meta":{"footnotes":""},"yoast_head":"<!-- This site is optimized with the Yoast SEO plugin v22.8 - https:\/\/yoast.com\/wordpress\/plugins\/seo\/ -->\n<title>Ipari, kereskedelmi ingatlan - OC Investment Solutions<\/title>\n<meta name=\"description\" content=\"Ipari, fejleszt\u00e9si, kereskedelmi ingatlan - \u00e9rt\u00e9kes\u00edtj\u00fck, felkutatjuk, tan\u00e1csot adunk. Tudjon meg t\u00f6bbet szolg\u00e1ltatat\u00e1sainkr\u00f3l!\" \/>\n<meta name=\"robots\" content=\"noindex, follow, max-snippet:-1, max-image-preview:large, max-video-preview:-1\" \/>\n<meta property=\"og:locale\" content=\"hu_HU\" \/>\n<meta property=\"og:type\" content=\"article\" \/>\n<meta property=\"og:title\" content=\"Ipari, kereskedelmi ingatlan - OC Investment Solutions\" \/>\n<meta property=\"og:description\" content=\"Ipari, fejleszt\u00e9si, kereskedelmi ingatlan - \u00e9rt\u00e9kes\u00edtj\u00fck, felkutatjuk, tan\u00e1csot adunk. Tudjon meg t\u00f6bbet szolg\u00e1ltatat\u00e1sainkr\u00f3l!\" \/>\n<meta property=\"og:url\" content=\"https:\/\/ocsolutions.hu\/hu\/fejlesztesi-es-kereskedelmi-ingatlanok\/\" \/>\n<meta property=\"og:site_name\" content=\"OC Investment Solutions\" \/>\n<meta property=\"article:modified_time\" content=\"2023-12-12T06:40:09+00:00\" \/>\n<meta name=\"twitter:card\" content=\"summary_large_image\" \/>\n<meta name=\"twitter:label1\" content=\"Becs\u00fclt olvas\u00e1si id\u0151\" \/>\n\t<meta name=\"twitter:data1\" content=\"2 perc\" \/>\n<script type=\"application\/ld+json\" class=\"yoast-schema-graph\">{\"@context\":\"https:\/\/schema.org\",\"@graph\":[{\"@type\":\"WebPage\",\"@id\":\"https:\/\/ocsolutions.hu\/fejlesztesi-es-kereskedelmi-ingatlanok\/\",\"url\":\"https:\/\/ocsolutions.hu\/fejlesztesi-es-kereskedelmi-ingatlanok\/\",\"name\":\"Ipari, kereskedelmi ingatlan - OC Investment Solutions\",\"isPartOf\":{\"@id\":\"https:\/\/ocsolutions.hu\/#website\"},\"datePublished\":\"2019-10-15T10:15:24+00:00\",\"dateModified\":\"2023-12-12T06:40:09+00:00\",\"description\":\"Ipari, fejleszt\u00e9si, kereskedelmi ingatlan - \u00e9rt\u00e9kes\u00edtj\u00fck, felkutatjuk, tan\u00e1csot adunk. Tudjon meg t\u00f6bbet szolg\u00e1ltatat\u00e1sainkr\u00f3l!\",\"breadcrumb\":{\"@id\":\"https:\/\/ocsolutions.hu\/fejlesztesi-es-kereskedelmi-ingatlanok\/#breadcrumb\"},\"inLanguage\":\"hu\",\"potentialAction\":[{\"@type\":\"ReadAction\",\"target\":[\"https:\/\/ocsolutions.hu\/fejlesztesi-es-kereskedelmi-ingatlanok\/\"]}]},{\"@type\":\"BreadcrumbList\",\"@id\":\"https:\/\/ocsolutions.hu\/fejlesztesi-es-kereskedelmi-ingatlanok\/#breadcrumb\",\"itemListElement\":[{\"@type\":\"ListItem\",\"position\":1,\"name\":\"Home\",\"item\":\"https:\/\/ocsolutions.hu\/\"},{\"@type\":\"ListItem\",\"position\":2,\"name\":\"Fejleszt\u00e9si \u00e9s Kereskedelmi ingatlanok\"}]},{\"@type\":\"WebSite\",\"@id\":\"https:\/\/ocsolutions.hu\/#website\",\"url\":\"https:\/\/ocsolutions.hu\/\",\"name\":\"OC Investment Solutions\",\"description\":\"\",\"publisher\":{\"@id\":\"https:\/\/ocsolutions.hu\/#organization\"},\"potentialAction\":[{\"@type\":\"SearchAction\",\"target\":{\"@type\":\"EntryPoint\",\"urlTemplate\":\"https:\/\/ocsolutions.hu\/?s={search_term_string}\"},\"query-input\":\"required name=search_term_string\"}],\"inLanguage\":\"hu\"},{\"@type\":\"Organization\",\"@id\":\"https:\/\/ocsolutions.hu\/#organization\",\"name\":\"OC Investment Solutions\",\"url\":\"https:\/\/ocsolutions.hu\/\",\"logo\":{\"@type\":\"ImageObject\",\"inLanguage\":\"hu\",\"@id\":\"https:\/\/ocsolutions.hu\/#\/schema\/logo\/image\/\",\"url\":\"https:\/\/i0.wp.com\/solutions.oc.hu\/wp-content\/uploads\/2019\/11\/OCInvestmentSolutions_logo-1.png?fit=600%2C600&ssl=1\",\"contentUrl\":\"https:\/\/i0.wp.com\/solutions.oc.hu\/wp-content\/uploads\/2019\/11\/OCInvestmentSolutions_logo-1.png?fit=600%2C600&ssl=1\",\"width\":600,\"height\":600,\"caption\":\"OC Investment Solutions\"},\"image\":{\"@id\":\"https:\/\/ocsolutions.hu\/#\/schema\/logo\/image\/\"}}]}<\/script>\n<!-- \/ Yoast SEO plugin. -->","yoast_head_json":{"title":"Ipari, kereskedelmi ingatlan - OC Investment Solutions","description":"Ipari, fejleszt\u00e9si, kereskedelmi ingatlan - \u00e9rt\u00e9kes\u00edtj\u00fck, felkutatjuk, tan\u00e1csot adunk. Tudjon meg t\u00f6bbet szolg\u00e1ltatat\u00e1sainkr\u00f3l!","robots":{"index":"noindex","follow":"follow","max-snippet":"max-snippet:-1","max-image-preview":"max-image-preview:large","max-video-preview":"max-video-preview:-1"},"og_locale":"hu_HU","og_type":"article","og_title":"Ipari, kereskedelmi ingatlan - OC Investment Solutions","og_description":"Ipari, fejleszt\u00e9si, kereskedelmi ingatlan - \u00e9rt\u00e9kes\u00edtj\u00fck, felkutatjuk, tan\u00e1csot adunk. Tudjon meg t\u00f6bbet szolg\u00e1ltatat\u00e1sainkr\u00f3l!","og_url":"https:\/\/ocsolutions.hu\/hu\/fejlesztesi-es-kereskedelmi-ingatlanok\/","og_site_name":"OC Investment Solutions","article_modified_time":"2023-12-12T06:40:09+00:00","twitter_card":"summary_large_image","twitter_misc":{"Becs\u00fclt olvas\u00e1si id\u0151":"2 perc"},"schema":{"@context":"https:\/\/schema.org","@graph":[{"@type":"WebPage","@id":"https:\/\/ocsolutions.hu\/fejlesztesi-es-kereskedelmi-ingatlanok\/","url":"https:\/\/ocsolutions.hu\/fejlesztesi-es-kereskedelmi-ingatlanok\/","name":"Ipari, kereskedelmi ingatlan - OC Investment Solutions","isPartOf":{"@id":"https:\/\/ocsolutions.hu\/#website"},"datePublished":"2019-10-15T10:15:24+00:00","dateModified":"2023-12-12T06:40:09+00:00","description":"Ipari, fejleszt\u00e9si, kereskedelmi ingatlan - \u00e9rt\u00e9kes\u00edtj\u00fck, felkutatjuk, tan\u00e1csot adunk. Tudjon meg t\u00f6bbet szolg\u00e1ltatat\u00e1sainkr\u00f3l!","breadcrumb":{"@id":"https:\/\/ocsolutions.hu\/fejlesztesi-es-kereskedelmi-ingatlanok\/#breadcrumb"},"inLanguage":"hu","potentialAction":[{"@type":"ReadAction","target":["https:\/\/ocsolutions.hu\/fejlesztesi-es-kereskedelmi-ingatlanok\/"]}]},{"@type":"BreadcrumbList","@id":"https:\/\/ocsolutions.hu\/fejlesztesi-es-kereskedelmi-ingatlanok\/#breadcrumb","itemListElement":[{"@type":"ListItem","position":1,"name":"Home","item":"https:\/\/ocsolutions.hu\/"},{"@type":"ListItem","position":2,"name":"Fejleszt\u00e9si \u00e9s Kereskedelmi ingatlanok"}]},{"@type":"WebSite","@id":"https:\/\/ocsolutions.hu\/#website","url":"https:\/\/ocsolutions.hu\/","name":"OC Investment Solutions","description":"","publisher":{"@id":"https:\/\/ocsolutions.hu\/#organization"},"potentialAction":[{"@type":"SearchAction","target":{"@type":"EntryPoint","urlTemplate":"https:\/\/ocsolutions.hu\/?s={search_term_string}"},"query-input":"required name=search_term_string"}],"inLanguage":"hu"},{"@type":"Organization","@id":"https:\/\/ocsolutions.hu\/#organization","name":"OC Investment Solutions","url":"https:\/\/ocsolutions.hu\/","logo":{"@type":"ImageObject","inLanguage":"hu","@id":"https:\/\/ocsolutions.hu\/#\/schema\/logo\/image\/","url":"https:\/\/i0.wp.com\/solutions.oc.hu\/wp-content\/uploads\/2019\/11\/OCInvestmentSolutions_logo-1.png?fit=600%2C600&ssl=1","contentUrl":"https:\/\/i0.wp.com\/solutions.oc.hu\/wp-content\/uploads\/2019\/11\/OCInvestmentSolutions_logo-1.png?fit=600%2C600&ssl=1","width":600,"height":600,"caption":"OC Investment Solutions"},"image":{"@id":"https:\/\/ocsolutions.hu\/#\/schema\/logo\/image\/"}}]}},"_links":{"self":[{"href":"https:\/\/ocsolutions.hu\/hu\/wp-json\/wp\/v2\/pages\/2068"}],"collection":[{"href":"https:\/\/ocsolutions.hu\/hu\/wp-json\/wp\/v2\/pages"}],"about":[{"href":"https:\/\/ocsolutions.hu\/hu\/wp-json\/wp\/v2\/types\/page"}],"author":[{"embeddable":true,"href":"https:\/\/ocsolutions.hu\/hu\/wp-json\/wp\/v2\/users\/1"}],"replies":[{"embeddable":true,"href":"https:\/\/ocsolutions.hu\/hu\/wp-json\/wp\/v2\/comments?post=2068"}],"version-history":[{"count":17,"href":"https:\/\/ocsolutions.hu\/hu\/wp-json\/wp\/v2\/pages\/2068\/revisions"}],"predecessor-version":[{"id":6348,"href":"https:\/\/ocsolutions.hu\/hu\/wp-json\/wp\/v2\/pages\/2068\/revisions\/6348"}],"wp:attachment":[{"href":"https:\/\/ocsolutions.hu\/hu\/wp-json\/wp\/v2\/media?parent=2068"}],"curies":[{"name":"wp","href":"https:\/\/api.w.org\/{rel}","templated":true}]}}