{"id":2106,"date":"2019-10-15T10:52:18","date_gmt":"2019-10-15T10:52:18","guid":{"rendered":"http:\/\/dard.hu\/clients\/ocs\/?page_id=2106"},"modified":"2023-12-12T06:41:32","modified_gmt":"2023-12-12T06:41:32","slug":"penzintezeti-ingatlanok-es-portfoliok","status":"publish","type":"page","link":"https:\/\/ocsolutions.hu\/hu\/penzintezeti-ingatlanok-es-portfoliok\/","title":{"rendered":"P\u00e9nzint\u00e9zeti ingatlanok \u00e9s portf\u00f3li\u00f3k"},"content":{"rendered":"<div class=\"menuflex topnav\">\n<div class=\"hasdrop\">\n<p><!-- [et_pb_line_break_holder] --><\/p>\n<p><!-- [et_pb_line_break_holder] --><\/p>\n<\/div>\n<p><!-- [et_pb_line_break_holder] --><\/p>\n<div><!-- [et_pb_line_break_holder] --><\/div>\n<div><\/div>\n<\/div>\n<h1><\/h1>\n<h2 class=\"szolgsubtitle\">Banki \u00e9s faktor\u00e1lt ingatlan portf\u00f3li\u00f3<br \/>\n- hitelfedezeti ingatlanok \u00e9rt\u00e9kes\u00edt\u00e9se \u00e9s menedzsmentje<\/h2>\n<h2>K\u00e9t t\u00edpus\u00fa \u00e9rt\u00e9kes\u00edt\u00e9si modellben dolgozunk<\/h2>\n<p style=\"font-family: 'Playfair Display';\">A hitelez\u0151 tulajdon\u00e1ba \u00e9s birtok\u00e1ba ker\u00fclt ingatlanok \u00e9rt\u00e9kel\u00e9se vagy \u00e9rt\u00e9kbecsl\u00e9se \u00e9s\/vagy \u00e9rt\u00e9kes\u00edt\u00e9se a feladatunk.<\/p>\n<p style=\"font-family: 'Playfair Display';\">A hitel\u00fcket fizetni nem tud\u00f3, de az ingatlanuk elad\u00e1s\u00e1ban egy\u00fcttm\u0171k\u00f6d\u0151 ad\u00f3sok ingatlanjainak \u00e9rt\u00e9kes\u00edt\u00e9se \u00e9s\/vagy \u00e9rt\u00e9kbecsl\u00e9se, a hitelez\u0151 fel\u00fcgyelet\u00e9vel \u00e9s j\u00f3v\u00e1hagy\u00e1s\u00e1val.<\/p>\n<h2>A tev\u00e9kenys\u00e9g indul\u00e1sa \u00f3ta <strong><span style=\"color: #000000;\">\u00e9rt\u00e9kes\u00edtett ingatlanok sz\u00e1ma<\/span> t\u00f6bb mint 4300 db.<\/strong><\/h2>\n<p>Az OC Investment Solutions egy\u00fcttm\u0171k\u00f6d\u00e9s\u00e9vel ker\u00fclt \u00e9rt\u00e9kes\u00edt\u00e9sre a legt\u00f6bb banki ingatlan Magyarorsz\u00e1gon!<\/p>\n<h2>Partnereink<\/h2>\n<p>Budapest Bank<br \/>\nOTP Faktoring<br \/>\n\u00c1HF<br \/>\nK&amp;H Bank<br \/>\nErtse Bank<br \/>\nErste Ingatlan<br \/>\nErste Alap<br \/>\nCIB Recovery Zrt.<br \/>\nErste Leasing<br \/>\nMKB Bank<br \/>\nMagnet Bank<br \/>\nRaiffeisen Bank<br \/>\nOber Bank<br \/>\nAXON l\u00edzing<br \/>\nFHB Ingatlanl\u00edzing<br \/>\nFHB \u00c9letj\u00e1rad\u00e9k Zrt.<\/p>\n<p>Aegon Magyarorsz\u00e1g Zrt<br \/>\nMerkantil Bank<br \/>\nPesti Hitel Zrt<br \/>\nKorona Kredit Zrt<br \/>\nUnicredit Bank Zrt<br \/>\nPannon Takar\u00e9k Zrt<br \/>\nUCB Ingatlanhitel Zrt<br \/>\nHypo Alpe-Adria<br \/>\nLeasing Zrt<br \/>\nVolksbank Magyarorsz\u00e1g Zrt<br \/>\nRaiffeisenbank Gro\u00dfwilfersdorf eGen<\/p>\n","protected":false},"excerpt":{"rendered":"<p>Banki \u00e9s faktor\u00e1lt ingatlan portf\u00f3li\u00f3 - hitelfedezeti ingatlanok \u00e9rt\u00e9kes\u00edt\u00e9se \u00e9s menedzsmentje K\u00e9t t\u00edpus\u00fa \u00e9rt\u00e9kes\u00edt\u00e9si modellben dolgozunk A hitelez\u0151 tulajdon\u00e1ba \u00e9s birtok\u00e1ba ker\u00fclt ingatlanok \u00e9rt\u00e9kel\u00e9se vagy \u00e9rt\u00e9kbecsl\u00e9se \u00e9s\/vagy \u00e9rt\u00e9kes\u00edt\u00e9se a feladatunk. A hitel\u00fcket fizetni nem tud\u00f3, de az ingatlanuk elad\u00e1s\u00e1ban egy\u00fcttm\u0171k\u00f6d\u0151 ad\u00f3sok ingatlanjainak \u00e9rt\u00e9kes\u00edt\u00e9se \u00e9s\/vagy \u00e9rt\u00e9kbecsl\u00e9se, a hitelez\u0151 fel\u00fcgyelet\u00e9vel \u00e9s j\u00f3v\u00e1hagy\u00e1s\u00e1val. A tev\u00e9kenys\u00e9g indul\u00e1sa \u00f3ta \u00e9rt\u00e9kes\u00edtett [&hellip;]<\/p>\n","protected":false},"author":1,"featured_media":0,"parent":0,"menu_order":0,"comment_status":"closed","ping_status":"closed","template":"","meta":{"footnotes":""},"yoast_head":"<!-- This site is optimized with the Yoast SEO plugin v22.8 - https:\/\/yoast.com\/wordpress\/plugins\/seo\/ -->\n<title>Banki ingatlanok - OC Investment Solutions<\/title>\n<meta name=\"description\" content=\"Banki ingatlanok - felm\u00e9rj\u00fck, kezelj\u00fck, \u00e9rt\u00e9kes\u00edtj\u00fck. Tudjon meg t\u00f6bbet szolg\u00e1ltatat\u00e1sainkr\u00f3l!\" \/>\n<meta name=\"robots\" content=\"noindex, follow, max-snippet:-1, max-image-preview:large, max-video-preview:-1\" \/>\n<meta property=\"og:locale\" content=\"hu_HU\" \/>\n<meta property=\"og:type\" content=\"article\" \/>\n<meta property=\"og:title\" content=\"Banki ingatlanok - OC Investment Solutions\" \/>\n<meta property=\"og:description\" content=\"Banki ingatlanok - felm\u00e9rj\u00fck, kezelj\u00fck, \u00e9rt\u00e9kes\u00edtj\u00fck. Tudjon meg t\u00f6bbet szolg\u00e1ltatat\u00e1sainkr\u00f3l!\" \/>\n<meta property=\"og:url\" content=\"https:\/\/ocsolutions.hu\/hu\/penzintezeti-ingatlanok-es-portfoliok\/\" \/>\n<meta property=\"og:site_name\" content=\"OC Investment Solutions\" \/>\n<meta property=\"article:modified_time\" content=\"2023-12-12T06:41:32+00:00\" \/>\n<meta name=\"twitter:card\" content=\"summary_large_image\" \/>\n<meta name=\"twitter:label1\" content=\"Becs\u00fclt olvas\u00e1si id\u0151\" \/>\n\t<meta name=\"twitter:data1\" content=\"1 perc\" \/>\n<script type=\"application\/ld+json\" class=\"yoast-schema-graph\">{\"@context\":\"https:\/\/schema.org\",\"@graph\":[{\"@type\":\"WebPage\",\"@id\":\"https:\/\/ocsolutions.hu\/penzintezeti-ingatlanok-es-portfoliok\/\",\"url\":\"https:\/\/ocsolutions.hu\/penzintezeti-ingatlanok-es-portfoliok\/\",\"name\":\"Banki ingatlanok - OC Investment Solutions\",\"isPartOf\":{\"@id\":\"https:\/\/ocsolutions.hu\/#website\"},\"datePublished\":\"2019-10-15T10:52:18+00:00\",\"dateModified\":\"2023-12-12T06:41:32+00:00\",\"description\":\"Banki ingatlanok - felm\u00e9rj\u00fck, kezelj\u00fck, \u00e9rt\u00e9kes\u00edtj\u00fck. Tudjon meg t\u00f6bbet szolg\u00e1ltatat\u00e1sainkr\u00f3l!\",\"breadcrumb\":{\"@id\":\"https:\/\/ocsolutions.hu\/penzintezeti-ingatlanok-es-portfoliok\/#breadcrumb\"},\"inLanguage\":\"hu\",\"potentialAction\":[{\"@type\":\"ReadAction\",\"target\":[\"https:\/\/ocsolutions.hu\/penzintezeti-ingatlanok-es-portfoliok\/\"]}]},{\"@type\":\"BreadcrumbList\",\"@id\":\"https:\/\/ocsolutions.hu\/penzintezeti-ingatlanok-es-portfoliok\/#breadcrumb\",\"itemListElement\":[{\"@type\":\"ListItem\",\"position\":1,\"name\":\"Home\",\"item\":\"https:\/\/ocsolutions.hu\/\"},{\"@type\":\"ListItem\",\"position\":2,\"name\":\"P\u00e9nzint\u00e9zeti ingatlanok \u00e9s portf\u00f3li\u00f3k\"}]},{\"@type\":\"WebSite\",\"@id\":\"https:\/\/ocsolutions.hu\/#website\",\"url\":\"https:\/\/ocsolutions.hu\/\",\"name\":\"OC Investment Solutions\",\"description\":\"\",\"publisher\":{\"@id\":\"https:\/\/ocsolutions.hu\/#organization\"},\"potentialAction\":[{\"@type\":\"SearchAction\",\"target\":{\"@type\":\"EntryPoint\",\"urlTemplate\":\"https:\/\/ocsolutions.hu\/?s={search_term_string}\"},\"query-input\":\"required name=search_term_string\"}],\"inLanguage\":\"hu\"},{\"@type\":\"Organization\",\"@id\":\"https:\/\/ocsolutions.hu\/#organization\",\"name\":\"OC Investment Solutions\",\"url\":\"https:\/\/ocsolutions.hu\/\",\"logo\":{\"@type\":\"ImageObject\",\"inLanguage\":\"hu\",\"@id\":\"https:\/\/ocsolutions.hu\/#\/schema\/logo\/image\/\",\"url\":\"https:\/\/i0.wp.com\/solutions.oc.hu\/wp-content\/uploads\/2019\/11\/OCInvestmentSolutions_logo-1.png?fit=600%2C600&ssl=1\",\"contentUrl\":\"https:\/\/i0.wp.com\/solutions.oc.hu\/wp-content\/uploads\/2019\/11\/OCInvestmentSolutions_logo-1.png?fit=600%2C600&ssl=1\",\"width\":600,\"height\":600,\"caption\":\"OC Investment Solutions\"},\"image\":{\"@id\":\"https:\/\/ocsolutions.hu\/#\/schema\/logo\/image\/\"}}]}<\/script>\n<!-- \/ Yoast SEO plugin. -->","yoast_head_json":{"title":"Banki ingatlanok - OC Investment Solutions","description":"Banki ingatlanok - felm\u00e9rj\u00fck, kezelj\u00fck, \u00e9rt\u00e9kes\u00edtj\u00fck. Tudjon meg t\u00f6bbet szolg\u00e1ltatat\u00e1sainkr\u00f3l!","robots":{"index":"noindex","follow":"follow","max-snippet":"max-snippet:-1","max-image-preview":"max-image-preview:large","max-video-preview":"max-video-preview:-1"},"og_locale":"hu_HU","og_type":"article","og_title":"Banki ingatlanok - OC Investment Solutions","og_description":"Banki ingatlanok - felm\u00e9rj\u00fck, kezelj\u00fck, \u00e9rt\u00e9kes\u00edtj\u00fck. Tudjon meg t\u00f6bbet szolg\u00e1ltatat\u00e1sainkr\u00f3l!","og_url":"https:\/\/ocsolutions.hu\/hu\/penzintezeti-ingatlanok-es-portfoliok\/","og_site_name":"OC Investment Solutions","article_modified_time":"2023-12-12T06:41:32+00:00","twitter_card":"summary_large_image","twitter_misc":{"Becs\u00fclt olvas\u00e1si id\u0151":"1 perc"},"schema":{"@context":"https:\/\/schema.org","@graph":[{"@type":"WebPage","@id":"https:\/\/ocsolutions.hu\/penzintezeti-ingatlanok-es-portfoliok\/","url":"https:\/\/ocsolutions.hu\/penzintezeti-ingatlanok-es-portfoliok\/","name":"Banki ingatlanok - OC Investment Solutions","isPartOf":{"@id":"https:\/\/ocsolutions.hu\/#website"},"datePublished":"2019-10-15T10:52:18+00:00","dateModified":"2023-12-12T06:41:32+00:00","description":"Banki ingatlanok - felm\u00e9rj\u00fck, kezelj\u00fck, \u00e9rt\u00e9kes\u00edtj\u00fck. Tudjon meg t\u00f6bbet szolg\u00e1ltatat\u00e1sainkr\u00f3l!","breadcrumb":{"@id":"https:\/\/ocsolutions.hu\/penzintezeti-ingatlanok-es-portfoliok\/#breadcrumb"},"inLanguage":"hu","potentialAction":[{"@type":"ReadAction","target":["https:\/\/ocsolutions.hu\/penzintezeti-ingatlanok-es-portfoliok\/"]}]},{"@type":"BreadcrumbList","@id":"https:\/\/ocsolutions.hu\/penzintezeti-ingatlanok-es-portfoliok\/#breadcrumb","itemListElement":[{"@type":"ListItem","position":1,"name":"Home","item":"https:\/\/ocsolutions.hu\/"},{"@type":"ListItem","position":2,"name":"P\u00e9nzint\u00e9zeti ingatlanok \u00e9s portf\u00f3li\u00f3k"}]},{"@type":"WebSite","@id":"https:\/\/ocsolutions.hu\/#website","url":"https:\/\/ocsolutions.hu\/","name":"OC Investment Solutions","description":"","publisher":{"@id":"https:\/\/ocsolutions.hu\/#organization"},"potentialAction":[{"@type":"SearchAction","target":{"@type":"EntryPoint","urlTemplate":"https:\/\/ocsolutions.hu\/?s={search_term_string}"},"query-input":"required name=search_term_string"}],"inLanguage":"hu"},{"@type":"Organization","@id":"https:\/\/ocsolutions.hu\/#organization","name":"OC Investment Solutions","url":"https:\/\/ocsolutions.hu\/","logo":{"@type":"ImageObject","inLanguage":"hu","@id":"https:\/\/ocsolutions.hu\/#\/schema\/logo\/image\/","url":"https:\/\/i0.wp.com\/solutions.oc.hu\/wp-content\/uploads\/2019\/11\/OCInvestmentSolutions_logo-1.png?fit=600%2C600&ssl=1","contentUrl":"https:\/\/i0.wp.com\/solutions.oc.hu\/wp-content\/uploads\/2019\/11\/OCInvestmentSolutions_logo-1.png?fit=600%2C600&ssl=1","width":600,"height":600,"caption":"OC Investment Solutions"},"image":{"@id":"https:\/\/ocsolutions.hu\/#\/schema\/logo\/image\/"}}]}},"_links":{"self":[{"href":"https:\/\/ocsolutions.hu\/hu\/wp-json\/wp\/v2\/pages\/2106"}],"collection":[{"href":"https:\/\/ocsolutions.hu\/hu\/wp-json\/wp\/v2\/pages"}],"about":[{"href":"https:\/\/ocsolutions.hu\/hu\/wp-json\/wp\/v2\/types\/page"}],"author":[{"embeddable":true,"href":"https:\/\/ocsolutions.hu\/hu\/wp-json\/wp\/v2\/users\/1"}],"replies":[{"embeddable":true,"href":"https:\/\/ocsolutions.hu\/hu\/wp-json\/wp\/v2\/comments?post=2106"}],"version-history":[{"count":10,"href":"https:\/\/ocsolutions.hu\/hu\/wp-json\/wp\/v2\/pages\/2106\/revisions"}],"predecessor-version":[{"id":6357,"href":"https:\/\/ocsolutions.hu\/hu\/wp-json\/wp\/v2\/pages\/2106\/revisions\/6357"}],"wp:attachment":[{"href":"https:\/\/ocsolutions.hu\/hu\/wp-json\/wp\/v2\/media?parent=2106"}],"curies":[{"name":"wp","href":"https:\/\/api.w.org\/{rel}","templated":true}]}}