{"id":2121,"date":"2019-10-18T13:00:47","date_gmt":"2019-10-18T13:00:47","guid":{"rendered":"http:\/\/dard.hu\/clients\/ocs\/?page_id=2121"},"modified":"2023-12-12T06:39:45","modified_gmt":"2023-12-12T06:39:45","slug":"ertekbecsles-es-piacelemzes","status":"publish","type":"page","link":"https:\/\/ocsolutions.hu\/hu\/ertekbecsles-es-piacelemzes\/","title":{"rendered":"\u00c9rt\u00e9kbecsl\u00e9s \u00e9s Piacelemz\u00e9s"},"content":{"rendered":"<div class=\"menuflex topnav\">\n<div class=\"hasdrop\">\n<h2 class=\"drop\"><!-- [et_pb_line_break_holder] --><span style=\"color: revert; font-family: -apple-system, BlinkMacSystemFont, 'Segoe UI', Roboto, Oxygen-Sans, Ubuntu, Cantarell, 'Helvetica Neue', sans-serif; font-size: revert; font-weight: revert;\">F\u00fcggetlen \u00e9rt\u00e9kbecsl\u00e9s az orsz\u00e1g eg\u00e9sz ter\u00fclet\u00e9n!<\/span><\/h2>\n<\/div>\n<\/div>\n<h2>Inform\u00e1ci\u00f3 - Szak\u00e9rtelem - Etika<\/h2>\n<p>Az OC Investment Solutions \u00c9rt\u00e9kbecsl\u00e9si Div\u00edzi\u00f3j\u00e1ban k\u00e9pzett \u00e9s tapasztalt szakemberekkel dolgozunk. Az Otthon Centrum h\u00e1l\u00f3zat teljes k\u00edn\u00e1lati \u00e9s tranzakci\u00f3s adatb\u00e1zis\u00e1b\u00f3l, jelent\u0151s mennyis\u00e9g\u0171 val\u00f3s piaci inform\u00e1ci\u00f3 alapj\u00e1n, orsz\u00e1gos \u00e9rt\u00e9kbecsl\u0151 h\u00e1l\u00f3zattal rendelkez\u00fcnk \u00e9s \u00e1llunk megrendel\u0151ink rendelkez\u00e9s\u00e9re.<\/p>\n<h2>Mikor lehet sz\u00fcks\u00e9g<br \/>\n\u00e9rt\u00e9kbecsl\u00e9sre?<\/h2>\n<ul>\n<li>Ingatlanelad\u00e1skor, a re\u00e1lis elad\u00e1si \u00e1r meghat\u00e1roz\u00e1s\u00e1hoz;<\/li>\n<li>ingatlanv\u00e1s\u00e1rl\u00e1s el\u0151tt, hogy val\u00f3ban re\u00e1lis-e a v\u00e9tel\u00e1r;<\/li>\n<li>csal\u00e1don bel\u00fcli \u00e9lethelyzetek eset\u00e9n (p\u00e9ld\u00e1ul \u00f6r\u00f6k\u00f6s\u00f6k k\u00f6z\u00f6tti elsz\u00e1mol\u00e1s alapj\u00e1ul, v\u00e1l\u00e1skor, stb.),<\/li>\n<li>hitelfelv\u00e9telkor,<\/li>\n<li>gazdas\u00e1gi t\u00e1rsas\u00e1goknak sz\u00e1mviteli vagy egy\u00e9b c\u00e9lra.<\/li>\n<\/ul>\n<h2>Milyen ingatlant\u00edpusokra<br \/>\nk\u00e9sz\u00edt\u00fcnk \u00e9rt\u00e9kbecsl\u00e9st?<\/h2>\n<ul>\n<li>T\u00e1rsash\u00e1zi lak\u00e1sokra,<\/li>\n<li>lak\u00f3h\u00e1zakra (csal\u00e1di h\u00e1z, ikerh\u00e1z, sorh\u00e1z stb.),<\/li>\n<li>\u00fcd\u00fcl\u0151kre,<\/li>\n<li>gar\u00e1zsokra,<\/li>\n<li>\u00e9p\u00edt\u00e9si telkekre,<\/li>\n<li>\u00fczleti c\u00e9l\u00fa (iroda, sz\u00e1ll\u00e1s jelleg\u0171, ipari, kereskedelmi) ingatlanokra, fejleszt\u00e9si ter\u00fcletekre,<\/li>\n<li>egy\u00e9b, a fenti kateg\u00f3ri\u00e1kba nem sorolhat\u00f3 ingatlanokra.<\/li>\n<\/ul>\n<h2>Az OC Investment Solutions \u00e9rt\u00e9kbecsl\u00e9se f\u00fcggetlen<\/h2>\n<p>Minden esetben az ingatlan aktu\u00e1lis piaci \u00e9rt\u00e9k\u00e9t \u00e1llap\u00edtjuk meg.<\/p>\n<p style=\"text-align: justify;\">A megrendel\u0151 ig\u00e9nyeinek megfelel\u0151en k\u00e9sz\u00edt\u00fcnk teljes \u00e9rt\u00e9kbecsl\u00e9st, drive-by, desktop \u00e9s statisztika alap\u00fa \u00e9rt\u00e9kel\u00e9seket egyar\u00e1nt.<\/p>\n<p style=\"text-align: justify;\">Piaci \u00e9rt\u00e9k: az a becs\u00fclt \u00f6sszeg, melyen egy ingatlan az \u00e9rt\u00e9kbecsl\u00e9s napj\u00e1n gazd\u00e1t cser\u00e9lhet, egy hat\u00e1rozott sz\u00e1nd\u00e9kot mutat\u00f3 elad\u00f3 \u00e9s egy t\u0151le f\u00fcggetlen, hat\u00e1rozott sz\u00e1nd\u00e9kot mutat\u00f3 vev\u0151 k\u00f6z\u00f6tt megfelel\u0151 \u00e9rt\u00e9kes\u00edt\u00e9si id\u0151tartamot \u00e9s nyilv\u00e1nos piacra bocs\u00e1t\u00e1st felt\u00e9telezve, ahol a felek j\u00f3l inform\u00e1ltan, k\u00f6r\u00fcltekint\u0151en \u00e9s k\u00e9nyszert\u0151l mentesen j\u00e1rnak el.<\/p>\n<h2>Mi az \u00e9rt\u00e9kbecsl\u00e9s folyamata?<\/h2>\n<p style=\"text-align: justify;\">\u00d6n jelzi fel\u00e9nk \u00e9rt\u00e9kbecsl\u00e9ssel kapcsolatos \u00e9rdekl\u0151d\u00e9s\u00e9t e-mailben, telefonon, vagy szem\u00e9lyesen.<\/p>\n<p>Egyeztetj\u00fck \u00d6nnel az \u00e9rt\u00e9kbecsl\u00e9s r\u00e9szleteit, a szolg\u00e1ltat\u00e1si d\u00edjat, a sz\u00fcks\u00e9ges dokumentumokat.<\/p>\n<p>Fejleszt\u00e9si ter\u00fcletek \u00e9rt\u00e9kbecsl\u00e9s\u00e9n t\u00fal c\u00e9g\u00fcnk a lak\u00f3ingatlan fejleszt\u00e9sekhez sz\u00fcks\u00e9ges megval\u00f3s\u00edthat\u00f3s\u00e1gi tanulm\u00e1nyok k\u00e9sz\u00edt\u00e9s\u00e9vel is \u00e1ll sz\u00edves rendelkez\u00e9s\u00fckre.<\/p>\n<h3 style=\"margin: 40px 0 20px 0;\">TIPP - az \u00e9rt\u00e9kbecsl\u00e9si szakv\u00e9lem\u00e9nyek elk\u00e9sz\u00edt\u00e9se jelent\u0151s szak\u00e9rtelmet, id\u0151t \u00e9s munkar\u00e1ford\u00edt\u00e1st ig\u00e9nyel. Legyen \u00f3vatos, ha t\u00fal alacsony \u00e1ron kap \u00e9rt\u00e9kbecsl\u00e9si aj\u00e1nlatot \u00e9s javasoljuk, hogy k\u00e9rjen referencia anyagokat miel\u0151tt d\u00f6nt\u00e9st hoz!<\/h3>\n<h2>Szakmai szervezeti tags\u00e1gunk<\/h2>\n<p>Magyar Ingatlansz\u00f6vets\u00e9g (MAISZ)<\/p>\n<h3>Munk\u00e1nkat az Aegon Magyarorsz\u00e1g \u00c1ltal\u00e1nos Biztos\u00edt\u00f3 Zrt. felel\u0151ss\u00e9gbiztos\u00edt\u00e1sa biztos\u00edtja.<\/h3>\n<h2>Partnereink<\/h2>\n<p>Aegon Lak\u00e1stakar\u00e9kp\u00e9nzt\u00e1r Zrt.<br \/>\nB2Kapital Magyarorsz\u00e1g Zrt<br \/>\nBudapest Bank Zrt.<br \/>\nDUNA TAKAR\u00c9K BANK Zrt.<br \/>\nEOS Faktor Zrt.<br \/>\nEXIM Bank Zrt.<br \/>\nGr\u00e1nit Bank Zrt.<br \/>\nGy\u00f6ngy\u00f6s V\u00e1ros \u00d6nkorm\u00e1nyzata<\/p>\n<p>Help24 Assistance Korl\u00e1tolt Felel\u0151ss\u00e9g\u0171 T\u00e1rsas\u00e1g<br \/>\nIntrum Hitel Zrt.<br \/>\nIntrum Justitia Zrt.<br \/>\nK&amp;H Bank Zrt.<br \/>\nLak\u00f3ingatlan-Forgalmaz\u00f3 Kft.<br \/>\n<span style=\"font-size: 14px;\">MKB Bank Zrt.<br \/>\n<\/span>Polg\u00e1ri Bank Zrt.<\/p>\n<h2>Partnereink<\/h2>\n<p style=\"text-align: justify;\">B2Kapital Magyarorsz\u00e1g Zrt. <strong>|&nbsp;<\/strong>Budapest Bank Zrt. <strong>|&nbsp;<\/strong>DUNA TAKAR\u00c9K BANK Zrt. <strong>|&nbsp;<\/strong>EOS Faktor Zrt. <strong>|&nbsp;<\/strong>EXIM Bank Zrt. <strong>|&nbsp;<\/strong>Gr\u00e1nit Bank Zrt. <strong>|&nbsp;<\/strong>Gy\u00f6ngy\u00f6s V\u00e1ros \u00d6nkorm\u00e1nyzata <strong>|&nbsp;<\/strong>Help24 Assistance Korl\u00e1tolt Felel\u0151ss\u00e9g\u0171 T\u00e1rsas\u00e1g <strong>|&nbsp;<\/strong>Intrum Zrt. <strong>|<\/strong><strong>&nbsp;<\/strong>K&amp;H Bank Zrt. <strong>|&nbsp;<\/strong>Lak\u00f3ingatlan-Forgalmaz\u00f3 Kft. <strong>|&nbsp;<\/strong>MKB Bank Nyrt.<\/p>\n<h2>Elemz\u00e9s<br \/>\n- A v\u00e1ltoz\u00f3 piac kih\u00edv\u00e1saira reag\u00e1lva<\/h2>\n<p>A v\u00e1ltoz\u00f3 gazdas\u00e1gi, \u00e9p\u00edt\u0151ipari \u00e9s ad\u00f3k\u00f6rnyezet \u00faj kih\u00edv\u00e1sok el\u00e9 \u00e1ll\u00edtott\u00e1k az eg\u00e9sz ingatlanpiacot, k\u00f6zt\u00fck az ingatlanfejleszt\u0151ket is. A lak\u00f3ingatlan fejleszt\u00e9sek megn\u00f6vekedett kock\u00e1zata alapos piacelemz\u00e9ssel, a kereslet \u00e9s k\u00edn\u00e1lat viszonyait pontosan felm\u00e9r\u0151 tanulm\u00e1nyokkal kezelhet\u0151. A piaci szerepl\u0151k inform\u00e1ci\u00f3\u00e9hs\u00e9ge k\u00e9zzel foghat\u00f3, kezdve az egyszeri lak\u00e1sv\u00e1s\u00e1rl\u00e1st lebonyol\u00edt\u00f3 h\u00e1ztart\u00e1sokt\u00f3l, a piaci viszonyokat kihaszn\u00e1l\u00f3 befektet\u0151k\u00f6n kereszt\u00fcl az ingatlanfejleszt\u0151kig. Az Elemz\u00e9si Div\u00edzi\u00f3 ez\u00e9rt folyamatosan nyomon k\u00f6veti a piaci tendenci\u00e1k v\u00e1ltoz\u00e1s\u00e1t, az OC Investment Solutionsn\u00e1l \u00e9s az Otthon Centrum orsz\u00e1gos lefedetts\u00e9get biztos\u00edt\u00f3 franchise h\u00e1l\u00f3zat\u00e1ban felgy\u00fcleml\u0151 \u00e9rt\u00e9kes\u00edt\u00e9si tapasztalatokra, adatb\u00e1zisra, saj\u00e1t rendszeres piackutat\u00e1sokra, illetve a piacon megv\u00e1s\u00e1rolhat\u00f3 primer adatokra t\u00e1maszkodva.<\/p>\n<h2>Szolg\u00e1ltat\u00e1sok<\/h2>\n<ul style=\"text-align: justify;\">\n<li>A lak\u00f3ingatlan-piac orsz\u00e1gos \u00e9s region\u00e1lis \u00e1tfog\u00f3 elemz\u00e9se<\/li>\n<li>Lok\u00e1ci\u00f3- \u00e9s szektorspecifikus ingatlanpiaci elemz\u00e9sek k\u00e9sz\u00edt\u00e9se, konkurencia felm\u00e9r\u00e9s<\/li>\n<li>Konkr\u00e9t projekthelysz\u00ednek \u00e9rt\u00e9kes\u00edthet\u0151s\u00e9gk\u00f6zpont\u00fa vizsg\u00e1lata, a legjobb hasznos\u00edt\u00e1s meghat\u00e1roz\u00e1sa<\/li>\n<li>Tan\u00e1csad\u00e1s \u00e9s konzult\u00e1ci\u00f3 a term\u00e9k kialak\u00edt\u00e1s\u00e1ban<\/li>\n<li>Projektc\u00e9lcsoport \u00e9s piaci ig\u00e9nyek meghat\u00e1roz\u00e1sa<\/li>\n<li>Lak\u00e1smix, alaprajzi kialak\u00edt\u00e1s, m\u0171szaki tartalom meghat\u00e1roz\u00e1sa \u00e9s v\u00e9lem\u00e9nyez\u00e9se<\/li>\n<\/ul>\n<h2>Az al\u00e1bbi c\u00e9geket seg\u00edtett\u00fck piaci elemz\u00e9sekkel \u00e9s megval\u00f3s\u00edthat\u00f3s\u00e1gi tanulm\u00e1nyokkal ingatlanfejleszt\u00e9si projektj\u00fck sikerre vitel\u00e9ben:<\/h2>\n<p>CD Hungary<br \/>\nIRES<br \/>\nDorottya Ingatlanforgalmaz\u00f3<br \/>\nEcorys Magyarorsz\u00e1g<br \/>\nColliers<br \/>\nMagyar K\u00fclkereskedelmi Bank<br \/>\nCushman &amp; Wakefield Healey&amp; Baker<br \/>\nInsite<br \/>\nCap Investment<br \/>\nGTC<br \/>\nGestor<br \/>\nHexeris<br \/>\nTranselektro<br \/>\nBe\u00e1k \u00e9s T\u00e1rsa Ingatlaniroda<br \/>\nEngel Group<br \/>\nTavasz Invest<br \/>\nZenith-2004<br \/>\nB&amp;MV<br \/>\nErnst &amp; Young<br \/>\nFH Invest<br \/>\nFutureal<br \/>\nNeocity<br \/>\nFimcoop<br \/>\nGE Real Estate Europe<br \/>\nConstrucciones Juanes<br \/>\nCommercium<br \/>\nBudapesti Ingatlan Rt.<br \/>\nFHB F\u00f6ldhitel- \u00e9s Jelz\u00e1logbank<br \/>\nAmbiente-Otthon<br \/>\nGizella Malom Kft.<br \/>\nHexacon, Jacoby Kft.<br \/>\nEston International<br \/>\nPro-Hill Kft.<br \/>\nSami B H\u00e1zak Kft.<br \/>\nCB Richard Ellis<br \/>\nNeinver<br \/>\nSkanska<br \/>\nT\u00e9rplan<br \/>\nK&amp;H Bank<br \/>\nGrupo Lar<br \/>\nNagar Kaduri<br \/>\nGestesa<br \/>\nR\u00e9v8<\/p>\n<p>ING Real Estate<br \/>\nBouwfonds<br \/>\nHibtrade<br \/>\nCasaro<br \/>\nSedesa<br \/>\nAphium<br \/>\nTomlin<br \/>\nFelikon<br \/>\nProjekt Kontroll<br \/>\nHILD<br \/>\nIsaura<br \/>\nEcho Investment<br \/>\nWallis Ingatlan<br \/>\nEconovum Akad\u00e9mia<br \/>\nFics\u00f3r Aut\u00f3h\u00e1z<br \/>\nM.B.F. Hills<br \/>\nSando Inmobiliaria<br \/>\nMerrill Lynch<br \/>\nRiv\u00e1l 98<br \/>\nTamir Fishman<br \/>\nMytaros<br \/>\nAFI Europe<br \/>\nOrco<br \/>\nSilver Fish<br \/>\nVolumetric<br \/>\nGerson Lehrman Group<br \/>\nUCB Ingatlanhitel Zrt.<br \/>\n\u00d6b\u00f6l Kft.<br \/>\nDe\u00e1k &amp; De\u00e1k Kft.<br \/>\nABLON<br \/>\nERSTE Group Immorent<br \/>\nAtrium Centers<br \/>\nCordia<br \/>\nCEU Property<br \/>\nArmcorp Zrt.<br \/>\nPlaza Centers<br \/>\nCPI Hungary<br \/>\nBuszer Zrt.<br \/>\nCrown Gardens Kft.<br \/>\nDunamenti Zrt.<\/p>\n<p style=\"text-align: justify;\">CD Hungary <strong>|<\/strong> IRES <strong>|<\/strong> Dorottya Ingatlanforgalmaz\u00f3 <strong>|<\/strong> Ecorys Magyarorsz\u00e1g <strong>|<\/strong> Colliers <strong>|<\/strong> Magyar K\u00fclkereskedelmi Bank <strong>|<\/strong>&nbsp;Cushman &amp; Wakefield Healey &amp; Baker <strong>|<\/strong> Insite <strong>|<\/strong> Cap Investment <strong>|<\/strong> GTC <strong>|<\/strong> Gestor&nbsp;<strong>|<\/strong> Hexeris&nbsp;<strong>|<\/strong> Transelektro&nbsp;<strong>|<\/strong> Be\u00e1k \u00e9s T\u00e1rsa Ingatlaniroda&nbsp;<strong>|<\/strong> Engel Group&nbsp;<strong>|<\/strong> Tavasz Invest&nbsp;<strong>|<\/strong> Zenith-2004&nbsp;<strong>|<\/strong> B&amp;MV&nbsp;<strong>|<\/strong> Ernst &amp; Young&nbsp;<strong>|<\/strong> FH Invest&nbsp;<strong>|<\/strong> Futureal&nbsp;<strong>|<\/strong> Neocity&nbsp;<strong>|<\/strong> Fimcoop <strong>|&nbsp;<\/strong>GE Real Estate Europe&nbsp;<strong>|<\/strong> Construcciones Juanes&nbsp;<strong>|<\/strong> Commercium&nbsp;<strong>|<\/strong> Budapesti Ingatlan Rt.&nbsp;<strong>|<\/strong> FHB F\u00f6ldhitel- \u00e9s Jelz\u00e1logbank&nbsp;<strong>|<\/strong> Ambiente-Otthon&nbsp;<strong>|<\/strong> Gizella Malom Kft.&nbsp;<strong>|<\/strong> Hexacon, Jacoby Kft.&nbsp;<strong>|<\/strong> Eston International&nbsp;<strong>|&nbsp;<\/strong>Pro-Hill Kft.&nbsp;<strong>|<\/strong> Sami B H\u00e1zak Kft.&nbsp;<strong>|<\/strong> CB Richard Ellis&nbsp;<strong>|<\/strong> Neinver&nbsp;<strong>|<\/strong> Skanska&nbsp;<strong>|<\/strong> T\u00e9rplan&nbsp;<strong>|<\/strong> K&amp;H Bank&nbsp;<strong>|<\/strong> Grupo Lar&nbsp;<strong>|<\/strong> Nagar Kaduri&nbsp;<strong>|<\/strong> Gestesa&nbsp;<strong>|<\/strong> R\u00e9v8&nbsp;<strong>|<\/strong>&nbsp;<span style=\"font-size: 14px;\">ING Real Estate&nbsp;<strong>|<\/strong>&nbsp;<\/span>Bouwfonds&nbsp;<strong>|<\/strong> Hibtrade&nbsp;<strong>|&nbsp;<\/strong>Casaro&nbsp;<strong>|<\/strong> Sedesa&nbsp;<strong>|<\/strong> Aphium&nbsp;<strong>|<\/strong> Tomlin <strong>|<\/strong> Felikon <strong>|<\/strong> Projekt Kontroll <strong>|<\/strong> HILD <strong>|<\/strong> Isaura <strong>|<\/strong> Echo Investment <strong>|<\/strong> Wallis Ingatlan <strong>|<\/strong> Econovum Akad\u00e9mia <strong>|<\/strong> Fics\u00f3r Aut\u00f3h\u00e1z <strong>|<\/strong> M.B.F. Hills <strong>|<\/strong> Sando Inmobiliaria <strong>|<\/strong> Merrill Lynch <strong>|<\/strong> Riv\u00e1l 98 <strong>|<\/strong> Tamir Fishman <strong>|<\/strong> Mytaros <strong>|<\/strong> AFI Europe <strong>|<\/strong> Orco <strong>|<\/strong> Silver Fish <strong>|<\/strong> Volumetric <strong>|<\/strong> Gerson Lehrman Group <strong>|<\/strong> UCB Ingatlanhitel Zrt. <strong>|<\/strong> \u00d6b\u00f6l Kft. <strong>|<\/strong> De\u00e1k &amp; De\u00e1k Kft. <strong>|<\/strong> ABLON <strong>|<\/strong> ERSTE Group Immorent <strong>|<\/strong> Atrium Centers <strong>|<\/strong> Cordia <strong>|<\/strong> CEU Property <strong>|<\/strong> Armcorp Zrt. <strong>|<\/strong> Plaza Centers <strong>|<\/strong> CPI Hungary <strong>|<\/strong> Buszer Zrt. <strong>|<\/strong> Crown Gardens Kft. <strong>|<\/strong> Dunamenti Zrt.<\/p>\n","protected":false},"excerpt":{"rendered":"<p>F\u00fcggetlen \u00e9rt\u00e9kbecsl\u00e9s az orsz\u00e1g eg\u00e9sz ter\u00fclet\u00e9n! Inform\u00e1ci\u00f3 - Szak\u00e9rtelem - Etika Az OC Investment Solutions \u00c9rt\u00e9kbecsl\u00e9si Div\u00edzi\u00f3j\u00e1ban k\u00e9pzett \u00e9s tapasztalt szakemberekkel dolgozunk. Az Otthon Centrum h\u00e1l\u00f3zat teljes k\u00edn\u00e1lati \u00e9s tranzakci\u00f3s adatb\u00e1zis\u00e1b\u00f3l, jelent\u0151s mennyis\u00e9g\u0171 val\u00f3s piaci inform\u00e1ci\u00f3 alapj\u00e1n, orsz\u00e1gos \u00e9rt\u00e9kbecsl\u0151 h\u00e1l\u00f3zattal rendelkez\u00fcnk \u00e9s \u00e1llunk megrendel\u0151ink rendelkez\u00e9s\u00e9re. Mikor lehet sz\u00fcks\u00e9g \u00e9rt\u00e9kbecsl\u00e9sre? Ingatlanelad\u00e1skor, a re\u00e1lis elad\u00e1si \u00e1r meghat\u00e1roz\u00e1s\u00e1hoz; [&hellip;]<\/p>\n","protected":false},"author":1,"featured_media":0,"parent":0,"menu_order":0,"comment_status":"closed","ping_status":"closed","template":"","meta":{"footnotes":""},"yoast_head":"<!-- This site is optimized with the Yoast SEO plugin v22.8 - https:\/\/yoast.com\/wordpress\/plugins\/seo\/ -->\n<title>Ingatlan \u00e9rt\u00e9kbecsl\u00e9s - OC Investment Solutions<\/title>\n<meta name=\"description\" content=\"Ingatlan \u00e9rt\u00e9kbecsl\u00e9s, piacelemz\u00e9s f\u00fcggetlen szerepl\u0151k\u00e9nt - nagy \u00e9rt\u00e9k\u0171 ingatlanok eset\u00e9n is. Tudjon meg t\u00f6bbet szolg\u00e1ltatat\u00e1sainkr\u00f3l!\" \/>\n<meta name=\"robots\" content=\"noindex, follow, max-snippet:-1, max-image-preview:large, max-video-preview:-1\" \/>\n<meta property=\"og:locale\" content=\"hu_HU\" \/>\n<meta property=\"og:type\" content=\"article\" \/>\n<meta property=\"og:title\" content=\"Ingatlan \u00e9rt\u00e9kbecsl\u00e9s - OC Investment Solutions\" \/>\n<meta property=\"og:description\" content=\"Ingatlan \u00e9rt\u00e9kbecsl\u00e9s, piacelemz\u00e9s f\u00fcggetlen szerepl\u0151k\u00e9nt - nagy \u00e9rt\u00e9k\u0171 ingatlanok eset\u00e9n is. Tudjon meg t\u00f6bbet szolg\u00e1ltatat\u00e1sainkr\u00f3l!\" \/>\n<meta property=\"og:url\" content=\"https:\/\/ocsolutions.hu\/hu\/ertekbecsles-es-piacelemzes\/\" \/>\n<meta property=\"og:site_name\" content=\"OC Investment Solutions\" \/>\n<meta property=\"article:modified_time\" content=\"2023-12-12T06:39:45+00:00\" \/>\n<meta name=\"twitter:card\" content=\"summary_large_image\" \/>\n<meta name=\"twitter:label1\" content=\"Becs\u00fclt olvas\u00e1si id\u0151\" \/>\n\t<meta name=\"twitter:data1\" content=\"5 perc\" \/>\n<script type=\"application\/ld+json\" class=\"yoast-schema-graph\">{\"@context\":\"https:\/\/schema.org\",\"@graph\":[{\"@type\":\"WebPage\",\"@id\":\"https:\/\/ocsolutions.hu\/ertekbecsles-es-piacelemzes\/\",\"url\":\"https:\/\/ocsolutions.hu\/ertekbecsles-es-piacelemzes\/\",\"name\":\"Ingatlan \u00e9rt\u00e9kbecsl\u00e9s - OC Investment Solutions\",\"isPartOf\":{\"@id\":\"https:\/\/ocsolutions.hu\/#website\"},\"datePublished\":\"2019-10-18T13:00:47+00:00\",\"dateModified\":\"2023-12-12T06:39:45+00:00\",\"description\":\"Ingatlan \u00e9rt\u00e9kbecsl\u00e9s, piacelemz\u00e9s f\u00fcggetlen szerepl\u0151k\u00e9nt - nagy \u00e9rt\u00e9k\u0171 ingatlanok eset\u00e9n is. Tudjon meg t\u00f6bbet szolg\u00e1ltatat\u00e1sainkr\u00f3l!\",\"breadcrumb\":{\"@id\":\"https:\/\/ocsolutions.hu\/ertekbecsles-es-piacelemzes\/#breadcrumb\"},\"inLanguage\":\"hu\",\"potentialAction\":[{\"@type\":\"ReadAction\",\"target\":[\"https:\/\/ocsolutions.hu\/ertekbecsles-es-piacelemzes\/\"]}]},{\"@type\":\"BreadcrumbList\",\"@id\":\"https:\/\/ocsolutions.hu\/ertekbecsles-es-piacelemzes\/#breadcrumb\",\"itemListElement\":[{\"@type\":\"ListItem\",\"position\":1,\"name\":\"Home\",\"item\":\"https:\/\/ocsolutions.hu\/\"},{\"@type\":\"ListItem\",\"position\":2,\"name\":\"\u00c9rt\u00e9kbecsl\u00e9s \u00e9s Piacelemz\u00e9s\"}]},{\"@type\":\"WebSite\",\"@id\":\"https:\/\/ocsolutions.hu\/#website\",\"url\":\"https:\/\/ocsolutions.hu\/\",\"name\":\"OC Investment Solutions\",\"description\":\"\",\"publisher\":{\"@id\":\"https:\/\/ocsolutions.hu\/#organization\"},\"potentialAction\":[{\"@type\":\"SearchAction\",\"target\":{\"@type\":\"EntryPoint\",\"urlTemplate\":\"https:\/\/ocsolutions.hu\/?s={search_term_string}\"},\"query-input\":\"required name=search_term_string\"}],\"inLanguage\":\"hu\"},{\"@type\":\"Organization\",\"@id\":\"https:\/\/ocsolutions.hu\/#organization\",\"name\":\"OC Investment Solutions\",\"url\":\"https:\/\/ocsolutions.hu\/\",\"logo\":{\"@type\":\"ImageObject\",\"inLanguage\":\"hu\",\"@id\":\"https:\/\/ocsolutions.hu\/#\/schema\/logo\/image\/\",\"url\":\"https:\/\/i0.wp.com\/solutions.oc.hu\/wp-content\/uploads\/2019\/11\/OCInvestmentSolutions_logo-1.png?fit=600%2C600&ssl=1\",\"contentUrl\":\"https:\/\/i0.wp.com\/solutions.oc.hu\/wp-content\/uploads\/2019\/11\/OCInvestmentSolutions_logo-1.png?fit=600%2C600&ssl=1\",\"width\":600,\"height\":600,\"caption\":\"OC Investment Solutions\"},\"image\":{\"@id\":\"https:\/\/ocsolutions.hu\/#\/schema\/logo\/image\/\"}}]}<\/script>\n<!-- \/ Yoast SEO plugin. -->","yoast_head_json":{"title":"Ingatlan \u00e9rt\u00e9kbecsl\u00e9s - OC Investment Solutions","description":"Ingatlan \u00e9rt\u00e9kbecsl\u00e9s, piacelemz\u00e9s f\u00fcggetlen szerepl\u0151k\u00e9nt - nagy \u00e9rt\u00e9k\u0171 ingatlanok eset\u00e9n is. Tudjon meg t\u00f6bbet szolg\u00e1ltatat\u00e1sainkr\u00f3l!","robots":{"index":"noindex","follow":"follow","max-snippet":"max-snippet:-1","max-image-preview":"max-image-preview:large","max-video-preview":"max-video-preview:-1"},"og_locale":"hu_HU","og_type":"article","og_title":"Ingatlan \u00e9rt\u00e9kbecsl\u00e9s - OC Investment Solutions","og_description":"Ingatlan \u00e9rt\u00e9kbecsl\u00e9s, piacelemz\u00e9s f\u00fcggetlen szerepl\u0151k\u00e9nt - nagy \u00e9rt\u00e9k\u0171 ingatlanok eset\u00e9n is. Tudjon meg t\u00f6bbet szolg\u00e1ltatat\u00e1sainkr\u00f3l!","og_url":"https:\/\/ocsolutions.hu\/hu\/ertekbecsles-es-piacelemzes\/","og_site_name":"OC Investment Solutions","article_modified_time":"2023-12-12T06:39:45+00:00","twitter_card":"summary_large_image","twitter_misc":{"Becs\u00fclt olvas\u00e1si id\u0151":"5 perc"},"schema":{"@context":"https:\/\/schema.org","@graph":[{"@type":"WebPage","@id":"https:\/\/ocsolutions.hu\/ertekbecsles-es-piacelemzes\/","url":"https:\/\/ocsolutions.hu\/ertekbecsles-es-piacelemzes\/","name":"Ingatlan \u00e9rt\u00e9kbecsl\u00e9s - OC Investment Solutions","isPartOf":{"@id":"https:\/\/ocsolutions.hu\/#website"},"datePublished":"2019-10-18T13:00:47+00:00","dateModified":"2023-12-12T06:39:45+00:00","description":"Ingatlan \u00e9rt\u00e9kbecsl\u00e9s, piacelemz\u00e9s f\u00fcggetlen szerepl\u0151k\u00e9nt - nagy \u00e9rt\u00e9k\u0171 ingatlanok eset\u00e9n is. Tudjon meg t\u00f6bbet szolg\u00e1ltatat\u00e1sainkr\u00f3l!","breadcrumb":{"@id":"https:\/\/ocsolutions.hu\/ertekbecsles-es-piacelemzes\/#breadcrumb"},"inLanguage":"hu","potentialAction":[{"@type":"ReadAction","target":["https:\/\/ocsolutions.hu\/ertekbecsles-es-piacelemzes\/"]}]},{"@type":"BreadcrumbList","@id":"https:\/\/ocsolutions.hu\/ertekbecsles-es-piacelemzes\/#breadcrumb","itemListElement":[{"@type":"ListItem","position":1,"name":"Home","item":"https:\/\/ocsolutions.hu\/"},{"@type":"ListItem","position":2,"name":"\u00c9rt\u00e9kbecsl\u00e9s \u00e9s Piacelemz\u00e9s"}]},{"@type":"WebSite","@id":"https:\/\/ocsolutions.hu\/#website","url":"https:\/\/ocsolutions.hu\/","name":"OC Investment Solutions","description":"","publisher":{"@id":"https:\/\/ocsolutions.hu\/#organization"},"potentialAction":[{"@type":"SearchAction","target":{"@type":"EntryPoint","urlTemplate":"https:\/\/ocsolutions.hu\/?s={search_term_string}"},"query-input":"required name=search_term_string"}],"inLanguage":"hu"},{"@type":"Organization","@id":"https:\/\/ocsolutions.hu\/#organization","name":"OC Investment Solutions","url":"https:\/\/ocsolutions.hu\/","logo":{"@type":"ImageObject","inLanguage":"hu","@id":"https:\/\/ocsolutions.hu\/#\/schema\/logo\/image\/","url":"https:\/\/i0.wp.com\/solutions.oc.hu\/wp-content\/uploads\/2019\/11\/OCInvestmentSolutions_logo-1.png?fit=600%2C600&ssl=1","contentUrl":"https:\/\/i0.wp.com\/solutions.oc.hu\/wp-content\/uploads\/2019\/11\/OCInvestmentSolutions_logo-1.png?fit=600%2C600&ssl=1","width":600,"height":600,"caption":"OC Investment Solutions"},"image":{"@id":"https:\/\/ocsolutions.hu\/#\/schema\/logo\/image\/"}}]}},"_links":{"self":[{"href":"https:\/\/ocsolutions.hu\/hu\/wp-json\/wp\/v2\/pages\/2121"}],"collection":[{"href":"https:\/\/ocsolutions.hu\/hu\/wp-json\/wp\/v2\/pages"}],"about":[{"href":"https:\/\/ocsolutions.hu\/hu\/wp-json\/wp\/v2\/types\/page"}],"author":[{"embeddable":true,"href":"https:\/\/ocsolutions.hu\/hu\/wp-json\/wp\/v2\/users\/1"}],"replies":[{"embeddable":true,"href":"https:\/\/ocsolutions.hu\/hu\/wp-json\/wp\/v2\/comments?post=2121"}],"version-history":[{"count":14,"href":"https:\/\/ocsolutions.hu\/hu\/wp-json\/wp\/v2\/pages\/2121\/revisions"}],"predecessor-version":[{"id":6437,"href":"https:\/\/ocsolutions.hu\/hu\/wp-json\/wp\/v2\/pages\/2121\/revisions\/6437"}],"wp:attachment":[{"href":"https:\/\/ocsolutions.hu\/hu\/wp-json\/wp\/v2\/media?parent=2121"}],"curies":[{"name":"wp","href":"https:\/\/api.w.org\/{rel}","templated":true}]}}