{"id":4253,"date":"2020-01-28T14:38:51","date_gmt":"2020-01-28T14:38:51","guid":{"rendered":"https:\/\/ocsolutions.hu\/?page_id=4253"},"modified":"2023-12-12T06:37:25","modified_gmt":"2023-12-12T06:37:25","slug":"adatkezelesi-tajekoztato","status":"publish","type":"page","link":"https:\/\/ocsolutions.hu\/hu\/adatkezelesi-tajekoztato\/","title":{"rendered":"Adatkezel\u00e9si t\u00e1j\u00e9koztat\u00f3"},"content":{"rendered":"<p><span style=\"font-weight: 400;\">T\u00e1j\u00e9koztatjuk a <\/span><a href=\"http:\/\/www.ocsolutions.hu\"><b>www.ocsolutions.hu<\/b><\/a> <span style=\"font-weight: 400;\">oldalra l\u00e1togat\u00f3 szem\u00e9lyeket\u00a0 (tov\u00e1bbiakban: \u00c9rintett) az \u00e1ltalunk kezelt szem\u00e9lyes adatokr\u00f3l, a szem\u00e9lyes adatok kezel\u00e9s\u00e9vel kapcsolatos gyakorlatr\u00f3l, a szem\u00e9lyes adatok v\u00e9delme \u00e9rdek\u00e9ben tett szervez\u00e9si \u00e9s technikai int\u00e9zked\u00e9seinkr\u0151l, valamint az \u00e9rintettek jogair\u00f3l.\u00a0<\/span><\/p>\n<p><span style=\"font-weight: 400;\">Adatkezel\u00e9si gyakorlatunk az inform\u00e1ci\u00f3s \u00f6nrendelkez\u00e9si jogr\u00f3l \u00e9s az inform\u00e1ci\u00f3szabads\u00e1gr\u00f3l sz\u00f3l\u00f3 2011. \u00e9vi CXII. t\u00f6rv\u00e9nyen (tov\u00e1bbiakban: Infotv.), valamint a term\u00e9szetes szem\u00e9lyeknek a szem\u00e9lyes adatok kezel\u00e9se tekintet\u00e9ben t\u00f6rt\u00e9n\u0151 v\u00e9delm\u00e9r\u0151l \u00e9s az ilyen adatok szabad \u00e1raml\u00e1s\u00e1r\u00f3l, valamint a 95\/46\/EK rendelet hat\u00e1lyon k\u00edv\u00fcl helyez\u00e9s\u00e9r\u0151l (\u00e1ltal\u00e1nos adatv\u00e9delmi rendelet) sz\u00f3l\u00f3 Eur\u00f3pai Parlament \u00e9s a Tan\u00e1cs (EU) 2016\/679 rendelet\u00e9n (a tov\u00e1bbiakban: GDPR ) alapszik.<\/span><\/p>\n<ol>\n<li><b> Adatkezel\u0151<\/b><\/li>\n<\/ol>\n<p><span style=\"font-weight: 400;\">Otthon Centrum Solutions Kft (sz\u00e9khely: 1023 Budapest, Lajos utca 28-32., c\u00e9gjegyz\u00e9ksz\u00e1ma: 01-09-728100, email: <\/span><a href=\"mailto:info@koltozzbe.hu\"><span style=\"font-weight: 400;\">info.solutions@oc.hu<\/span><\/a><span style=\"font-weight: 400;\">.) tov\u00e1bbiakban: OC Investment Solutions<\/span><\/p>\n<ol start=\"2\">\n<li><b> Az\u00a0 adatkezel\u00e9s c\u00e9lja, a kezelt adatok k\u00f6re, az adatkezel\u00e9s jogalapja, id\u0151tartama<\/b><\/li>\n<\/ol>\n<h1><\/h1>\n<table>\n<tbody>\n<tr>\n<td><strong>Az adatkezel\u00e9s c\u00e9lja<\/strong><\/td>\n<td class=\"x\"><strong>A kezelt adatok<\/strong><\/td>\n<td><strong>Adatkezel\u00e9s jogalapja<\/strong><\/td>\n<td><strong>Az adatkezel\u00e9s id\u0151tartama<\/strong><\/td>\n<\/tr>\n<tr>\n<td>2.1.\u00c9rintett azonos\u00edt\u00e1sa, kapcsolattart\u00e1s, az OC Investment Solutions szolg\u00e1ltat\u00e1sainak \u00e9rintett r\u00e9sz\u00e9re t\u00f6rt\u00e9n\u0151 aj\u00e1nl\u00e1sa c\u00e9lj\u00e1b\u00f3l ( Aj\u00e1nl\u00f3)<\/td>\n<td>- n\u00e9v<\/p>\n<p>- e-mail c\u00edm<\/td>\n<td>a GDPR. 6. cikk (1 bekezd\u00e9s a.) pontja az \u00e9rintett \u00f6nk\u00e9ntes hozz\u00e1j\u00e1rul\u00e1sa<\/td>\n<td>Az adatkezel\u00e9s az \u00c9rintett kapcsolatfelv\u00e9tele napj\u00e1n kezd\u0151dik. Az adatkezel\u00e9s az \u00e9rintett t\u00f6rl\u00e9si k\u00e9relm\u00e9ig, de legfeljebb a kapcsolatfelv\u00e9telt k\u00f6vet\u0151 3 \u00e9vig tart.<\/td>\n<\/tr>\n<\/tbody>\n<\/table>\n<ol start=\"3\">\n<li><b>Adatfeldolgoz\u00f3k<\/b><\/li>\n<\/ol>\n<p><span style=\"font-weight: 400;\">Adatfeldolgoz\u00f3nak min\u0151s\u00fclnek azok a term\u00e9szetes vagy jogi szem\u00e9lyek, akik\/amelyek az egyes Adatkezel\u0151vel k\u00f6t\u00f6tt \u00edr\u00e1sbeli szerz\u0151d\u00e9s alapj\u00e1n az adatkezel\u0151 nev\u00e9ben az \u00e9rintettekkel kapcsolatos szem\u00e9lyes adatokat kezelnek. Az Adatfeldolgoz\u00f3k \u00f6n\u00e1ll\u00f3 d\u00f6nt\u00e9st nem hoznak, kiz\u00e1r\u00f3lag az egyes Adatkezel\u0151vel k\u00f6t\u00f6tt szerz\u0151d\u00e9s \u00e9s a t\u0151l\u00fck kapott utas\u00edt\u00e1sok szerint jogosultak elj\u00e1rni.\u00a0<\/span><\/p>\n<ol start=\"4\">\n<li><b> A honlap \u00fczemeltet\u00e9se, adatbiztons\u00e1g<\/b><\/li>\n<\/ol>\n<p><span style=\"font-weight: 400;\">A Honlap szerverein t\u00e1rolt, \u00e1ltala kezelt adatok vonatkoz\u00e1s\u00e1ban minden sz\u00fcks\u00e9ges biztons\u00e1gi l\u00e9p\u00e9st, szervez\u00e9si \u00e9s technikai int\u00e9zked\u00e9st megtesz az adatok legmagasabb szint\u0171 biztons\u00e1ga, illetve a jogosulatlan megv\u00e1ltoztat\u00e1sa, megsemmis\u00edt\u00e9se, felhaszn\u00e1l\u00e1sa megakad\u00e1lyoz\u00e1sa \u00e9rdek\u00e9ben. A Honlap informatikai rendszere olyan m\u0171szaki, szervez\u00e9si \u00e9s szervezeti int\u00e9zked\u00e9sekkel gondoskodik az adatkezel\u00e9s biztons\u00e1g\u00e1nak v\u00e9delm\u00e9r\u0151l, amely az adatkezel\u00e9ssel kapcsolatban jelentkez\u0151 kock\u00e1zatoknak megfelel\u0151 v\u00e9delmi szintet ny\u00fajt.<\/span><\/p>\n<ol start=\"5\">\n<li><b> Az \u00e9rintettek jogai<\/b><\/li>\n<\/ol>\n<p><span style=\"font-weight: 400;\">Az \u00e9rintett b\u00e1rmikor jogosult t\u00e1j\u00e9koztat\u00e1st k\u00e9rni az OC Investment Solutionst\u0151l a r\u00e1 vonatkoz\u00f3 szem\u00e9lyes adatok kezel\u00e9s\u00e9r\u0151l, k\u00e9rheti adatai helyesb\u00edt\u00e9s\u00e9t.<\/span><\/p>\n<p><span style=\"font-weight: 400;\">Az \u00e9rintett az <\/span><a href=\"mailto:info.solutions@oc.hu\"><span style=\"font-weight: 400;\">info.solutions@oc.hu<\/span><\/a><span style=\"font-weight: 400;\">\u00a0email c\u00edmre megk\u00fcld\u00f6tt lev\u00e9lben b\u00e1rmikor megtilthatja szem\u00e9lyes adatai tov\u00e1bbi felhaszn\u00e1l\u00e1s\u00e1t olyan c\u00e9lra, amelyn\u00e9l az adatkezel\u00e9s jogalapja az \u00f6nk\u00e9ntes hozz\u00e1j\u00e1rul\u00e1suk volt.\u00a0<\/span><\/p>\n<p><span style=\"font-weight: 400;\">Az OC Investment Solutions a k\u00e9relem beny\u00fajt\u00e1s\u00e1t\u00f3l sz\u00e1m\u00edtott lehet\u0151 legr\u00f6videbb id\u0151 alatt, legfeljebb azonban 15 napon bel\u00fcl reag\u00e1l a k\u00e9relemben foglaltakra.\u00a0<\/span><\/p>\n<p><span style=\"font-weight: 400;\">6<\/span><b>. Jogorvoslat<\/b><\/p>\n<p><span style=\"font-weight: 400;\">Az \u00e9rintett b\u00e1rmilyen adatkezel\u00e9ssel kapcsolatos k\u00e9rd\u00e9ssel, \u00e9szrev\u00e9tellel, panasszal megkereshet minket az <\/span><a href=\"mailto:info.solutions@oc.hu\"><span style=\"font-weight: 400;\">info.solutions@oc.hu<\/span><\/a><span style=\"font-weight: 400;\">\u00a0email c\u00edmre k\u00fcld\u00f6tt lev\u00e9llel.<\/span><\/p>\n<p><span style=\"font-weight: 400;\">Az \u00e9rintett az adatainak kezel\u00e9s\u00e9vel kapcsolatos s\u00e9relem eset\u00e9n beadv\u00e1nnyal fordulhat a Nemzeti Adatv\u00e9delmi \u00e9s Inform\u00e1ci\u00f3szabads\u00e1g Hat\u00f3s\u00e1ghoz (1125 Budapest, Szil\u00e1gyi Erzs\u00e9bet fasor 22\/c., posta c\u00edm: 1530 Budapest, Pf. 5., telefon: +36 (1) 391-1400, Fax: +36 (1) 391-1410, e-mail:\u00a0<\/span><a href=\"mailto:ugyfelszolgalat@naih.hu?subject=Adatvedelem\"><span style=\"font-weight: 400;\">ugyfelszolgalat@naih.hu<\/span><\/a><span style=\"font-weight: 400;\">), vagy pert ind\u00edthat a lak\u00f3helye (tart\u00f3zkod\u00e1si helye) szerint illet\u00e9kes t\u00f6rv\u00e9nysz\u00e9ken.<\/span><\/p>\n","protected":false},"excerpt":{"rendered":"<p>T\u00e1j\u00e9koztatjuk a www.ocsolutions.hu oldalra l\u00e1togat\u00f3 szem\u00e9lyeket\u00a0 (tov\u00e1bbiakban: \u00c9rintett) az \u00e1ltalunk kezelt szem\u00e9lyes adatokr\u00f3l, a szem\u00e9lyes adatok kezel\u00e9s\u00e9vel kapcsolatos gyakorlatr\u00f3l, a szem\u00e9lyes adatok v\u00e9delme \u00e9rdek\u00e9ben tett szervez\u00e9si \u00e9s technikai int\u00e9zked\u00e9seinkr\u0151l, valamint az \u00e9rintettek jogair\u00f3l.\u00a0 Adatkezel\u00e9si gyakorlatunk az inform\u00e1ci\u00f3s \u00f6nrendelkez\u00e9si jogr\u00f3l \u00e9s az inform\u00e1ci\u00f3szabads\u00e1gr\u00f3l sz\u00f3l\u00f3 2011. \u00e9vi CXII. t\u00f6rv\u00e9nyen (tov\u00e1bbiakban: Infotv.), valamint a term\u00e9szetes szem\u00e9lyeknek a szem\u00e9lyes [&hellip;]<\/p>\n","protected":false},"author":1,"featured_media":0,"parent":0,"menu_order":0,"comment_status":"closed","ping_status":"closed","template":"","meta":{"footnotes":""},"yoast_head":"<!-- This site is optimized with the Yoast SEO plugin v22.8 - https:\/\/yoast.com\/wordpress\/plugins\/seo\/ -->\n<title>Adatkezel\u00e9si t\u00e1j\u00e9koztat\u00f3 - OC Investment Solutions<\/title>\n<meta name=\"robots\" content=\"noindex, follow\" \/>\n<meta property=\"og:locale\" content=\"hu_HU\" \/>\n<meta property=\"og:type\" content=\"article\" \/>\n<meta property=\"og:title\" content=\"Adatkezel\u00e9si t\u00e1j\u00e9koztat\u00f3 - OC Investment Solutions\" \/>\n<meta property=\"og:description\" content=\"T\u00e1j\u00e9koztatjuk a www.ocsolutions.hu oldalra l\u00e1togat\u00f3 szem\u00e9lyeket\u00a0 (tov\u00e1bbiakban: \u00c9rintett) az \u00e1ltalunk kezelt szem\u00e9lyes adatokr\u00f3l, a szem\u00e9lyes adatok kezel\u00e9s\u00e9vel kapcsolatos gyakorlatr\u00f3l, a szem\u00e9lyes adatok v\u00e9delme \u00e9rdek\u00e9ben tett szervez\u00e9si \u00e9s technikai int\u00e9zked\u00e9seinkr\u0151l, valamint az \u00e9rintettek jogair\u00f3l.\u00a0 Adatkezel\u00e9si gyakorlatunk az inform\u00e1ci\u00f3s \u00f6nrendelkez\u00e9si jogr\u00f3l \u00e9s az inform\u00e1ci\u00f3szabads\u00e1gr\u00f3l sz\u00f3l\u00f3 2011. \u00e9vi CXII. t\u00f6rv\u00e9nyen (tov\u00e1bbiakban: Infotv.), valamint a term\u00e9szetes szem\u00e9lyeknek a szem\u00e9lyes [&hellip;]\" \/>\n<meta property=\"og:url\" content=\"https:\/\/ocsolutions.hu\/hu\/adatkezelesi-tajekoztato\/\" \/>\n<meta property=\"og:site_name\" content=\"OC Investment Solutions\" \/>\n<meta property=\"article:modified_time\" content=\"2023-12-12T06:37:25+00:00\" \/>\n<meta name=\"twitter:card\" content=\"summary_large_image\" \/>\n<meta name=\"twitter:label1\" content=\"Becs\u00fclt olvas\u00e1si id\u0151\" \/>\n\t<meta name=\"twitter:data1\" content=\"3 perc\" \/>\n<script type=\"application\/ld+json\" class=\"yoast-schema-graph\">{\"@context\":\"https:\/\/schema.org\",\"@graph\":[{\"@type\":\"WebPage\",\"@id\":\"https:\/\/ocsolutions.hu\/adatkezelesi-tajekoztato\/\",\"url\":\"https:\/\/ocsolutions.hu\/adatkezelesi-tajekoztato\/\",\"name\":\"Adatkezel\u00e9si t\u00e1j\u00e9koztat\u00f3 - OC Investment Solutions\",\"isPartOf\":{\"@id\":\"https:\/\/ocsolutions.hu\/#website\"},\"datePublished\":\"2020-01-28T14:38:51+00:00\",\"dateModified\":\"2023-12-12T06:37:25+00:00\",\"breadcrumb\":{\"@id\":\"https:\/\/ocsolutions.hu\/adatkezelesi-tajekoztato\/#breadcrumb\"},\"inLanguage\":\"hu\",\"potentialAction\":[{\"@type\":\"ReadAction\",\"target\":[\"https:\/\/ocsolutions.hu\/adatkezelesi-tajekoztato\/\"]}]},{\"@type\":\"BreadcrumbList\",\"@id\":\"https:\/\/ocsolutions.hu\/adatkezelesi-tajekoztato\/#breadcrumb\",\"itemListElement\":[{\"@type\":\"ListItem\",\"position\":1,\"name\":\"Home\",\"item\":\"https:\/\/ocsolutions.hu\/\"},{\"@type\":\"ListItem\",\"position\":2,\"name\":\"Adatkezel\u00e9si t\u00e1j\u00e9koztat\u00f3\"}]},{\"@type\":\"WebSite\",\"@id\":\"https:\/\/ocsolutions.hu\/#website\",\"url\":\"https:\/\/ocsolutions.hu\/\",\"name\":\"OC Investment Solutions\",\"description\":\"\",\"publisher\":{\"@id\":\"https:\/\/ocsolutions.hu\/#organization\"},\"potentialAction\":[{\"@type\":\"SearchAction\",\"target\":{\"@type\":\"EntryPoint\",\"urlTemplate\":\"https:\/\/ocsolutions.hu\/?s={search_term_string}\"},\"query-input\":\"required name=search_term_string\"}],\"inLanguage\":\"hu\"},{\"@type\":\"Organization\",\"@id\":\"https:\/\/ocsolutions.hu\/#organization\",\"name\":\"OC Investment Solutions\",\"url\":\"https:\/\/ocsolutions.hu\/\",\"logo\":{\"@type\":\"ImageObject\",\"inLanguage\":\"hu\",\"@id\":\"https:\/\/ocsolutions.hu\/#\/schema\/logo\/image\/\",\"url\":\"https:\/\/i0.wp.com\/solutions.oc.hu\/wp-content\/uploads\/2019\/11\/OCInvestmentSolutions_logo-1.png?fit=600%2C600&ssl=1\",\"contentUrl\":\"https:\/\/i0.wp.com\/solutions.oc.hu\/wp-content\/uploads\/2019\/11\/OCInvestmentSolutions_logo-1.png?fit=600%2C600&ssl=1\",\"width\":600,\"height\":600,\"caption\":\"OC Investment Solutions\"},\"image\":{\"@id\":\"https:\/\/ocsolutions.hu\/#\/schema\/logo\/image\/\"}}]}<\/script>\n<!-- \/ Yoast SEO plugin. -->","yoast_head_json":{"title":"Adatkezel\u00e9si t\u00e1j\u00e9koztat\u00f3 - OC Investment Solutions","robots":{"index":"noindex","follow":"follow"},"og_locale":"hu_HU","og_type":"article","og_title":"Adatkezel\u00e9si t\u00e1j\u00e9koztat\u00f3 - OC Investment Solutions","og_description":"T\u00e1j\u00e9koztatjuk a www.ocsolutions.hu oldalra l\u00e1togat\u00f3 szem\u00e9lyeket\u00a0 (tov\u00e1bbiakban: \u00c9rintett) az \u00e1ltalunk kezelt szem\u00e9lyes adatokr\u00f3l, a szem\u00e9lyes adatok kezel\u00e9s\u00e9vel kapcsolatos gyakorlatr\u00f3l, a szem\u00e9lyes adatok v\u00e9delme \u00e9rdek\u00e9ben tett szervez\u00e9si \u00e9s technikai int\u00e9zked\u00e9seinkr\u0151l, valamint az \u00e9rintettek jogair\u00f3l.\u00a0 Adatkezel\u00e9si gyakorlatunk az inform\u00e1ci\u00f3s \u00f6nrendelkez\u00e9si jogr\u00f3l \u00e9s az inform\u00e1ci\u00f3szabads\u00e1gr\u00f3l sz\u00f3l\u00f3 2011. \u00e9vi CXII. t\u00f6rv\u00e9nyen (tov\u00e1bbiakban: Infotv.), valamint a term\u00e9szetes szem\u00e9lyeknek a szem\u00e9lyes [&hellip;]","og_url":"https:\/\/ocsolutions.hu\/hu\/adatkezelesi-tajekoztato\/","og_site_name":"OC Investment Solutions","article_modified_time":"2023-12-12T06:37:25+00:00","twitter_card":"summary_large_image","twitter_misc":{"Becs\u00fclt olvas\u00e1si id\u0151":"3 perc"},"schema":{"@context":"https:\/\/schema.org","@graph":[{"@type":"WebPage","@id":"https:\/\/ocsolutions.hu\/adatkezelesi-tajekoztato\/","url":"https:\/\/ocsolutions.hu\/adatkezelesi-tajekoztato\/","name":"Adatkezel\u00e9si t\u00e1j\u00e9koztat\u00f3 - OC Investment Solutions","isPartOf":{"@id":"https:\/\/ocsolutions.hu\/#website"},"datePublished":"2020-01-28T14:38:51+00:00","dateModified":"2023-12-12T06:37:25+00:00","breadcrumb":{"@id":"https:\/\/ocsolutions.hu\/adatkezelesi-tajekoztato\/#breadcrumb"},"inLanguage":"hu","potentialAction":[{"@type":"ReadAction","target":["https:\/\/ocsolutions.hu\/adatkezelesi-tajekoztato\/"]}]},{"@type":"BreadcrumbList","@id":"https:\/\/ocsolutions.hu\/adatkezelesi-tajekoztato\/#breadcrumb","itemListElement":[{"@type":"ListItem","position":1,"name":"Home","item":"https:\/\/ocsolutions.hu\/"},{"@type":"ListItem","position":2,"name":"Adatkezel\u00e9si t\u00e1j\u00e9koztat\u00f3"}]},{"@type":"WebSite","@id":"https:\/\/ocsolutions.hu\/#website","url":"https:\/\/ocsolutions.hu\/","name":"OC Investment Solutions","description":"","publisher":{"@id":"https:\/\/ocsolutions.hu\/#organization"},"potentialAction":[{"@type":"SearchAction","target":{"@type":"EntryPoint","urlTemplate":"https:\/\/ocsolutions.hu\/?s={search_term_string}"},"query-input":"required name=search_term_string"}],"inLanguage":"hu"},{"@type":"Organization","@id":"https:\/\/ocsolutions.hu\/#organization","name":"OC Investment Solutions","url":"https:\/\/ocsolutions.hu\/","logo":{"@type":"ImageObject","inLanguage":"hu","@id":"https:\/\/ocsolutions.hu\/#\/schema\/logo\/image\/","url":"https:\/\/i0.wp.com\/solutions.oc.hu\/wp-content\/uploads\/2019\/11\/OCInvestmentSolutions_logo-1.png?fit=600%2C600&ssl=1","contentUrl":"https:\/\/i0.wp.com\/solutions.oc.hu\/wp-content\/uploads\/2019\/11\/OCInvestmentSolutions_logo-1.png?fit=600%2C600&ssl=1","width":600,"height":600,"caption":"OC Investment Solutions"},"image":{"@id":"https:\/\/ocsolutions.hu\/#\/schema\/logo\/image\/"}}]}},"_links":{"self":[{"href":"https:\/\/ocsolutions.hu\/hu\/wp-json\/wp\/v2\/pages\/4253"}],"collection":[{"href":"https:\/\/ocsolutions.hu\/hu\/wp-json\/wp\/v2\/pages"}],"about":[{"href":"https:\/\/ocsolutions.hu\/hu\/wp-json\/wp\/v2\/types\/page"}],"author":[{"embeddable":true,"href":"https:\/\/ocsolutions.hu\/hu\/wp-json\/wp\/v2\/users\/1"}],"replies":[{"embeddable":true,"href":"https:\/\/ocsolutions.hu\/hu\/wp-json\/wp\/v2\/comments?post=4253"}],"version-history":[{"count":5,"href":"https:\/\/ocsolutions.hu\/hu\/wp-json\/wp\/v2\/pages\/4253\/revisions"}],"predecessor-version":[{"id":6434,"href":"https:\/\/ocsolutions.hu\/hu\/wp-json\/wp\/v2\/pages\/4253\/revisions\/6434"}],"wp:attachment":[{"href":"https:\/\/ocsolutions.hu\/hu\/wp-json\/wp\/v2\/media?parent=4253"}],"curies":[{"name":"wp","href":"https:\/\/api.w.org\/{rel}","templated":true}]}}