{"id":5818,"date":"2019-10-11T14:43:40","date_gmt":"2019-10-11T14:43:40","guid":{"rendered":"https:\/\/ocsolutions.hu\/team\/"},"modified":"2023-12-11T14:46:08","modified_gmt":"2023-12-11T14:46:08","slug":"team","status":"publish","type":"page","link":"https:\/\/ocsolutions.hu\/hu\/team\/","title":{"rendered":"Team"},"content":{"rendered":"","protected":false},"excerpt":{"rendered":"","protected":false},"author":1,"featured_media":0,"parent":0,"menu_order":0,"comment_status":"closed","ping_status":"closed","template":"","meta":{"footnotes":""},"yoast_head":"<!-- This site is optimized with the Yoast SEO plugin v22.8 - https:\/\/yoast.com\/wordpress\/plugins\/seo\/ -->\n<title>Team - OC Investment Solutions<\/title>\n<meta name=\"description\" content=\"Csapatunk, vezet\u0151ink, szak\u00e9rt\u0151ink. K\u00e9rdezzen t\u0151l\u00fck!\" \/>\n<meta name=\"robots\" content=\"noindex, follow, max-snippet:-1, max-image-preview:large, max-video-preview:-1\" \/>\n<meta property=\"og:locale\" content=\"hu_HU\" \/>\n<meta property=\"og:type\" content=\"article\" \/>\n<meta property=\"og:title\" content=\"Team - OC Investment Solutions\" \/>\n<meta property=\"og:description\" content=\"Csapatunk, vezet\u0151ink, szak\u00e9rt\u0151ink. K\u00e9rdezzen t\u0151l\u00fck!\" \/>\n<meta property=\"og:url\" content=\"https:\/\/ocsolutions.hu\/hu\/team\/\" \/>\n<meta property=\"og:site_name\" content=\"OC Investment Solutions\" \/>\n<meta property=\"article:modified_time\" content=\"2023-12-11T14:46:08+00:00\" \/>\n<meta name=\"twitter:card\" content=\"summary_large_image\" \/>\n<script type=\"application\/ld+json\" class=\"yoast-schema-graph\">{\"@context\":\"https:\/\/schema.org\",\"@graph\":[{\"@type\":\"WebPage\",\"@id\":\"https:\/\/ocsolutions.hu\/team\/\",\"url\":\"https:\/\/ocsolutions.hu\/team\/\",\"name\":\"Team - OC Investment Solutions\",\"isPartOf\":{\"@id\":\"https:\/\/ocsolutions.hu\/#website\"},\"datePublished\":\"2019-10-11T14:43:40+00:00\",\"dateModified\":\"2023-12-11T14:46:08+00:00\",\"description\":\"Csapatunk, vezet\u0151ink, szak\u00e9rt\u0151ink. K\u00e9rdezzen t\u0151l\u00fck!\",\"breadcrumb\":{\"@id\":\"https:\/\/ocsolutions.hu\/team\/#breadcrumb\"},\"inLanguage\":\"hu\",\"potentialAction\":[{\"@type\":\"ReadAction\",\"target\":[\"https:\/\/ocsolutions.hu\/team\/\"]}]},{\"@type\":\"BreadcrumbList\",\"@id\":\"https:\/\/ocsolutions.hu\/team\/#breadcrumb\",\"itemListElement\":[{\"@type\":\"ListItem\",\"position\":1,\"name\":\"Home\",\"item\":\"https:\/\/ocsolutions.hu\/\"},{\"@type\":\"ListItem\",\"position\":2,\"name\":\"Team\"}]},{\"@type\":\"WebSite\",\"@id\":\"https:\/\/ocsolutions.hu\/#website\",\"url\":\"https:\/\/ocsolutions.hu\/\",\"name\":\"OC Investment Solutions\",\"description\":\"\",\"publisher\":{\"@id\":\"https:\/\/ocsolutions.hu\/#organization\"},\"potentialAction\":[{\"@type\":\"SearchAction\",\"target\":{\"@type\":\"EntryPoint\",\"urlTemplate\":\"https:\/\/ocsolutions.hu\/?s={search_term_string}\"},\"query-input\":\"required name=search_term_string\"}],\"inLanguage\":\"hu\"},{\"@type\":\"Organization\",\"@id\":\"https:\/\/ocsolutions.hu\/#organization\",\"name\":\"OC Investment Solutions\",\"url\":\"https:\/\/ocsolutions.hu\/\",\"logo\":{\"@type\":\"ImageObject\",\"inLanguage\":\"hu\",\"@id\":\"https:\/\/ocsolutions.hu\/#\/schema\/logo\/image\/\",\"url\":\"https:\/\/i0.wp.com\/solutions.oc.hu\/wp-content\/uploads\/2019\/11\/OCInvestmentSolutions_logo-1.png?fit=600%2C600&ssl=1\",\"contentUrl\":\"https:\/\/i0.wp.com\/solutions.oc.hu\/wp-content\/uploads\/2019\/11\/OCInvestmentSolutions_logo-1.png?fit=600%2C600&ssl=1\",\"width\":600,\"height\":600,\"caption\":\"OC Investment Solutions\"},\"image\":{\"@id\":\"https:\/\/ocsolutions.hu\/#\/schema\/logo\/image\/\"}}]}<\/script>\n<!-- \/ Yoast SEO plugin. -->","yoast_head_json":{"title":"Team - OC Investment Solutions","description":"Csapatunk, vezet\u0151ink, szak\u00e9rt\u0151ink. K\u00e9rdezzen t\u0151l\u00fck!","robots":{"index":"noindex","follow":"follow","max-snippet":"max-snippet:-1","max-image-preview":"max-image-preview:large","max-video-preview":"max-video-preview:-1"},"og_locale":"hu_HU","og_type":"article","og_title":"Team - OC Investment Solutions","og_description":"Csapatunk, vezet\u0151ink, szak\u00e9rt\u0151ink. K\u00e9rdezzen t\u0151l\u00fck!","og_url":"https:\/\/ocsolutions.hu\/hu\/team\/","og_site_name":"OC Investment Solutions","article_modified_time":"2023-12-11T14:46:08+00:00","twitter_card":"summary_large_image","schema":{"@context":"https:\/\/schema.org","@graph":[{"@type":"WebPage","@id":"https:\/\/ocsolutions.hu\/team\/","url":"https:\/\/ocsolutions.hu\/team\/","name":"Team - OC Investment Solutions","isPartOf":{"@id":"https:\/\/ocsolutions.hu\/#website"},"datePublished":"2019-10-11T14:43:40+00:00","dateModified":"2023-12-11T14:46:08+00:00","description":"Csapatunk, vezet\u0151ink, szak\u00e9rt\u0151ink. K\u00e9rdezzen t\u0151l\u00fck!","breadcrumb":{"@id":"https:\/\/ocsolutions.hu\/team\/#breadcrumb"},"inLanguage":"hu","potentialAction":[{"@type":"ReadAction","target":["https:\/\/ocsolutions.hu\/team\/"]}]},{"@type":"BreadcrumbList","@id":"https:\/\/ocsolutions.hu\/team\/#breadcrumb","itemListElement":[{"@type":"ListItem","position":1,"name":"Home","item":"https:\/\/ocsolutions.hu\/"},{"@type":"ListItem","position":2,"name":"Team"}]},{"@type":"WebSite","@id":"https:\/\/ocsolutions.hu\/#website","url":"https:\/\/ocsolutions.hu\/","name":"OC Investment Solutions","description":"","publisher":{"@id":"https:\/\/ocsolutions.hu\/#organization"},"potentialAction":[{"@type":"SearchAction","target":{"@type":"EntryPoint","urlTemplate":"https:\/\/ocsolutions.hu\/?s={search_term_string}"},"query-input":"required name=search_term_string"}],"inLanguage":"hu"},{"@type":"Organization","@id":"https:\/\/ocsolutions.hu\/#organization","name":"OC Investment Solutions","url":"https:\/\/ocsolutions.hu\/","logo":{"@type":"ImageObject","inLanguage":"hu","@id":"https:\/\/ocsolutions.hu\/#\/schema\/logo\/image\/","url":"https:\/\/i0.wp.com\/solutions.oc.hu\/wp-content\/uploads\/2019\/11\/OCInvestmentSolutions_logo-1.png?fit=600%2C600&ssl=1","contentUrl":"https:\/\/i0.wp.com\/solutions.oc.hu\/wp-content\/uploads\/2019\/11\/OCInvestmentSolutions_logo-1.png?fit=600%2C600&ssl=1","width":600,"height":600,"caption":"OC Investment Solutions"},"image":{"@id":"https:\/\/ocsolutions.hu\/#\/schema\/logo\/image\/"}}]}},"_links":{"self":[{"href":"https:\/\/ocsolutions.hu\/hu\/wp-json\/wp\/v2\/pages\/5818"}],"collection":[{"href":"https:\/\/ocsolutions.hu\/hu\/wp-json\/wp\/v2\/pages"}],"about":[{"href":"https:\/\/ocsolutions.hu\/hu\/wp-json\/wp\/v2\/types\/page"}],"author":[{"embeddable":true,"href":"https:\/\/ocsolutions.hu\/hu\/wp-json\/wp\/v2\/users\/1"}],"replies":[{"embeddable":true,"href":"https:\/\/ocsolutions.hu\/hu\/wp-json\/wp\/v2\/comments?post=5818"}],"version-history":[{"count":9,"href":"https:\/\/ocsolutions.hu\/hu\/wp-json\/wp\/v2\/pages\/5818\/revisions"}],"predecessor-version":[{"id":6371,"href":"https:\/\/ocsolutions.hu\/hu\/wp-json\/wp\/v2\/pages\/5818\/revisions\/6371"}],"wp:attachment":[{"href":"https:\/\/ocsolutions.hu\/hu\/wp-json\/wp\/v2\/media?parent=5818"}],"curies":[{"name":"wp","href":"https:\/\/api.w.org\/{rel}","templated":true}]}}