{"id":6055,"date":"2023-03-23T16:37:44","date_gmt":"2023-03-23T16:37:44","guid":{"rendered":"https:\/\/ocsolutions.hu\/?page_id=6055"},"modified":"2023-12-12T06:40:26","modified_gmt":"2023-12-12T06:40:26","slug":"hasznalt-lakas-ertekesitesi-tanacsadas-es-projektmenedzsment","status":"publish","type":"page","link":"https:\/\/ocsolutions.hu\/hu\/hasznalt-lakas-ertekesitesi-tanacsadas-es-projektmenedzsment\/","title":{"rendered":"Haszn\u00e1lt lak\u00e1s \u00e9rt\u00e9kes\u00edt\u00e9si tan\u00e1csad\u00e1s<br> \u00e9s projektmenedzsment"},"content":{"rendered":"<div class=\"menuflex topnav\">\n<div class=\"hasdrop\"><\/div>\n<div><\/div>\n<\/div>\n<h1>Haszn\u00e1lt lak\u00e1s \u00e9rt\u00e9kes\u00edt\u00e9si tan\u00e1csad\u00e1s \u00e9s projektmenedzsment<\/h1>\n<h2 class=\"szolgsubtitle\">Legifjabb \u00fczlet\u00e1gunk a haszn\u00e1lt lak\u00e1sok tulajdonosait t\u00e1mogatja<!-- [et_pb_line_break_holder] --><!-- [et_pb_line_break_holder] --><\/h2>\n<p>Legifjabb \u00fczlet\u00e1gunk a piaci ig\u00e9nykehez alkalmazkodva a m\u00e9g csak n\u00e9h\u00e1ny \u00e9ves, de m\u00e1r haszn\u00e1lt lak\u00e1sok tulajdonosait t\u00e1mogatja.<\/p>\n<p style=\"text-align: center;\">A r\u00e1nk jellemz\u0151 maximalizmusra t\u00f6rekedve <strong>23 pontba<\/strong> \u00f6ssze\u00e1ll\u00edtottuk az <strong>OC Investment Solutions Szolg\u00e1ltat\u00e1si Nyilatkozat\u00e1t<\/strong>, mely garancia arra, hogy minden \u00fcgyfel\u00fcnk az elv\u00e1rhat\u00f3 legjobb szolg\u00e1ltat\u00e1st kapja \u00e9s biztons\u00e1ggal h\u00e1trad\u0151lhessen tudv\u00e1n, hogy a lehet\u0151 legjobb kezekben van az elad\u00e1sra sz\u00e1nt lak\u00e1sa.<\/p>\n","protected":false},"excerpt":{"rendered":"<p>Haszn\u00e1lt lak\u00e1s \u00e9rt\u00e9kes\u00edt\u00e9si tan\u00e1csad\u00e1s \u00e9s projektmenedzsment Legifjabb \u00fczlet\u00e1gunk a haszn\u00e1lt lak\u00e1sok tulajdonosait t\u00e1mogatja Legifjabb \u00fczlet\u00e1gunk a piaci ig\u00e9nykehez alkalmazkodva a m\u00e9g csak n\u00e9h\u00e1ny \u00e9ves, de m\u00e1r haszn\u00e1lt lak\u00e1sok tulajdonosait t\u00e1mogatja. A r\u00e1nk jellemz\u0151 maximalizmusra t\u00f6rekedve 23 pontba \u00f6ssze\u00e1ll\u00edtottuk az OC Investment Solutions Szolg\u00e1ltat\u00e1si Nyilatkozat\u00e1t, mely garancia arra, hogy minden \u00fcgyfel\u00fcnk az elv\u00e1rhat\u00f3 legjobb szolg\u00e1ltat\u00e1st kapja [&hellip;]<\/p>\n","protected":false},"author":1,"featured_media":0,"parent":0,"menu_order":0,"comment_status":"closed","ping_status":"closed","template":"","meta":{"footnotes":""},"yoast_head":"<!-- This site is optimized with the Yoast SEO plugin v22.8 - https:\/\/yoast.com\/wordpress\/plugins\/seo\/ -->\n<title>Ingatlan \u00e9rt\u00e9kes\u00edt\u00e9s - OC Investment Solutions<\/title>\n<meta name=\"description\" content=\"Ingatlan \u00e9rt\u00e9kes\u00edt\u00e9s online aukci\u00f3 szervez\u00e9s\u00e9vel - teljes k\u00f6r\u0171 szolg\u00e1ltat\u00e1s. Keressen minket!\" \/>\n<meta name=\"robots\" content=\"noindex, follow, max-snippet:-1, max-image-preview:large, max-video-preview:-1\" \/>\n<meta property=\"og:locale\" content=\"hu_HU\" \/>\n<meta property=\"og:type\" content=\"article\" \/>\n<meta property=\"og:title\" content=\"Ingatlan \u00e9rt\u00e9kes\u00edt\u00e9s - OC Investment Solutions\" \/>\n<meta property=\"og:description\" content=\"Ingatlan \u00e9rt\u00e9kes\u00edt\u00e9s online aukci\u00f3 szervez\u00e9s\u00e9vel - teljes k\u00f6r\u0171 szolg\u00e1ltat\u00e1s. Keressen minket!\" \/>\n<meta property=\"og:url\" content=\"https:\/\/ocsolutions.hu\/hu\/hasznalt-lakas-ertekesitesi-tanacsadas-es-projektmenedzsment\/\" \/>\n<meta property=\"og:site_name\" content=\"OC Investment Solutions\" \/>\n<meta property=\"article:modified_time\" content=\"2023-12-12T06:40:26+00:00\" \/>\n<meta name=\"twitter:card\" content=\"summary_large_image\" \/>\n<meta name=\"twitter:label1\" content=\"Becs\u00fclt olvas\u00e1si id\u0151\" \/>\n\t<meta name=\"twitter:data1\" content=\"1 perc\" \/>\n<script type=\"application\/ld+json\" class=\"yoast-schema-graph\">{\"@context\":\"https:\/\/schema.org\",\"@graph\":[{\"@type\":\"WebPage\",\"@id\":\"https:\/\/ocsolutions.hu\/hasznalt-lakas-ertekesitesi-tanacsadas-es-projektmenedzsment\/\",\"url\":\"https:\/\/ocsolutions.hu\/hasznalt-lakas-ertekesitesi-tanacsadas-es-projektmenedzsment\/\",\"name\":\"Ingatlan \u00e9rt\u00e9kes\u00edt\u00e9s - OC Investment Solutions\",\"isPartOf\":{\"@id\":\"https:\/\/ocsolutions.hu\/#website\"},\"datePublished\":\"2023-03-23T16:37:44+00:00\",\"dateModified\":\"2023-12-12T06:40:26+00:00\",\"description\":\"Ingatlan \u00e9rt\u00e9kes\u00edt\u00e9s online aukci\u00f3 szervez\u00e9s\u00e9vel - teljes k\u00f6r\u0171 szolg\u00e1ltat\u00e1s. Keressen minket!\",\"breadcrumb\":{\"@id\":\"https:\/\/ocsolutions.hu\/hasznalt-lakas-ertekesitesi-tanacsadas-es-projektmenedzsment\/#breadcrumb\"},\"inLanguage\":\"hu\",\"potentialAction\":[{\"@type\":\"ReadAction\",\"target\":[\"https:\/\/ocsolutions.hu\/hasznalt-lakas-ertekesitesi-tanacsadas-es-projektmenedzsment\/\"]}]},{\"@type\":\"BreadcrumbList\",\"@id\":\"https:\/\/ocsolutions.hu\/hasznalt-lakas-ertekesitesi-tanacsadas-es-projektmenedzsment\/#breadcrumb\",\"itemListElement\":[{\"@type\":\"ListItem\",\"position\":1,\"name\":\"Home\",\"item\":\"https:\/\/ocsolutions.hu\/\"},{\"@type\":\"ListItem\",\"position\":2,\"name\":\"Haszn\u00e1lt lak\u00e1s \u00e9rt\u00e9kes\u00edt\u00e9si tan\u00e1csad\u00e1s \u00e9s projektmenedzsment\"}]},{\"@type\":\"WebSite\",\"@id\":\"https:\/\/ocsolutions.hu\/#website\",\"url\":\"https:\/\/ocsolutions.hu\/\",\"name\":\"OC Investment Solutions\",\"description\":\"\",\"publisher\":{\"@id\":\"https:\/\/ocsolutions.hu\/#organization\"},\"potentialAction\":[{\"@type\":\"SearchAction\",\"target\":{\"@type\":\"EntryPoint\",\"urlTemplate\":\"https:\/\/ocsolutions.hu\/?s={search_term_string}\"},\"query-input\":\"required name=search_term_string\"}],\"inLanguage\":\"hu\"},{\"@type\":\"Organization\",\"@id\":\"https:\/\/ocsolutions.hu\/#organization\",\"name\":\"OC Investment Solutions\",\"url\":\"https:\/\/ocsolutions.hu\/\",\"logo\":{\"@type\":\"ImageObject\",\"inLanguage\":\"hu\",\"@id\":\"https:\/\/ocsolutions.hu\/#\/schema\/logo\/image\/\",\"url\":\"https:\/\/i0.wp.com\/solutions.oc.hu\/wp-content\/uploads\/2019\/11\/OCInvestmentSolutions_logo-1.png?fit=600%2C600&ssl=1\",\"contentUrl\":\"https:\/\/i0.wp.com\/solutions.oc.hu\/wp-content\/uploads\/2019\/11\/OCInvestmentSolutions_logo-1.png?fit=600%2C600&ssl=1\",\"width\":600,\"height\":600,\"caption\":\"OC Investment Solutions\"},\"image\":{\"@id\":\"https:\/\/ocsolutions.hu\/#\/schema\/logo\/image\/\"}}]}<\/script>\n<!-- \/ Yoast SEO plugin. -->","yoast_head_json":{"title":"Ingatlan \u00e9rt\u00e9kes\u00edt\u00e9s - OC Investment Solutions","description":"Ingatlan \u00e9rt\u00e9kes\u00edt\u00e9s online aukci\u00f3 szervez\u00e9s\u00e9vel - teljes k\u00f6r\u0171 szolg\u00e1ltat\u00e1s. Keressen minket!","robots":{"index":"noindex","follow":"follow","max-snippet":"max-snippet:-1","max-image-preview":"max-image-preview:large","max-video-preview":"max-video-preview:-1"},"og_locale":"hu_HU","og_type":"article","og_title":"Ingatlan \u00e9rt\u00e9kes\u00edt\u00e9s - OC Investment Solutions","og_description":"Ingatlan \u00e9rt\u00e9kes\u00edt\u00e9s online aukci\u00f3 szervez\u00e9s\u00e9vel - teljes k\u00f6r\u0171 szolg\u00e1ltat\u00e1s. Keressen minket!","og_url":"https:\/\/ocsolutions.hu\/hu\/hasznalt-lakas-ertekesitesi-tanacsadas-es-projektmenedzsment\/","og_site_name":"OC Investment Solutions","article_modified_time":"2023-12-12T06:40:26+00:00","twitter_card":"summary_large_image","twitter_misc":{"Becs\u00fclt olvas\u00e1si id\u0151":"1 perc"},"schema":{"@context":"https:\/\/schema.org","@graph":[{"@type":"WebPage","@id":"https:\/\/ocsolutions.hu\/hasznalt-lakas-ertekesitesi-tanacsadas-es-projektmenedzsment\/","url":"https:\/\/ocsolutions.hu\/hasznalt-lakas-ertekesitesi-tanacsadas-es-projektmenedzsment\/","name":"Ingatlan \u00e9rt\u00e9kes\u00edt\u00e9s - OC Investment Solutions","isPartOf":{"@id":"https:\/\/ocsolutions.hu\/#website"},"datePublished":"2023-03-23T16:37:44+00:00","dateModified":"2023-12-12T06:40:26+00:00","description":"Ingatlan \u00e9rt\u00e9kes\u00edt\u00e9s online aukci\u00f3 szervez\u00e9s\u00e9vel - teljes k\u00f6r\u0171 szolg\u00e1ltat\u00e1s. Keressen minket!","breadcrumb":{"@id":"https:\/\/ocsolutions.hu\/hasznalt-lakas-ertekesitesi-tanacsadas-es-projektmenedzsment\/#breadcrumb"},"inLanguage":"hu","potentialAction":[{"@type":"ReadAction","target":["https:\/\/ocsolutions.hu\/hasznalt-lakas-ertekesitesi-tanacsadas-es-projektmenedzsment\/"]}]},{"@type":"BreadcrumbList","@id":"https:\/\/ocsolutions.hu\/hasznalt-lakas-ertekesitesi-tanacsadas-es-projektmenedzsment\/#breadcrumb","itemListElement":[{"@type":"ListItem","position":1,"name":"Home","item":"https:\/\/ocsolutions.hu\/"},{"@type":"ListItem","position":2,"name":"Haszn\u00e1lt lak\u00e1s \u00e9rt\u00e9kes\u00edt\u00e9si tan\u00e1csad\u00e1s \u00e9s projektmenedzsment"}]},{"@type":"WebSite","@id":"https:\/\/ocsolutions.hu\/#website","url":"https:\/\/ocsolutions.hu\/","name":"OC Investment Solutions","description":"","publisher":{"@id":"https:\/\/ocsolutions.hu\/#organization"},"potentialAction":[{"@type":"SearchAction","target":{"@type":"EntryPoint","urlTemplate":"https:\/\/ocsolutions.hu\/?s={search_term_string}"},"query-input":"required name=search_term_string"}],"inLanguage":"hu"},{"@type":"Organization","@id":"https:\/\/ocsolutions.hu\/#organization","name":"OC Investment Solutions","url":"https:\/\/ocsolutions.hu\/","logo":{"@type":"ImageObject","inLanguage":"hu","@id":"https:\/\/ocsolutions.hu\/#\/schema\/logo\/image\/","url":"https:\/\/i0.wp.com\/solutions.oc.hu\/wp-content\/uploads\/2019\/11\/OCInvestmentSolutions_logo-1.png?fit=600%2C600&ssl=1","contentUrl":"https:\/\/i0.wp.com\/solutions.oc.hu\/wp-content\/uploads\/2019\/11\/OCInvestmentSolutions_logo-1.png?fit=600%2C600&ssl=1","width":600,"height":600,"caption":"OC Investment Solutions"},"image":{"@id":"https:\/\/ocsolutions.hu\/#\/schema\/logo\/image\/"}}]}},"_links":{"self":[{"href":"https:\/\/ocsolutions.hu\/hu\/wp-json\/wp\/v2\/pages\/6055"}],"collection":[{"href":"https:\/\/ocsolutions.hu\/hu\/wp-json\/wp\/v2\/pages"}],"about":[{"href":"https:\/\/ocsolutions.hu\/hu\/wp-json\/wp\/v2\/types\/page"}],"author":[{"embeddable":true,"href":"https:\/\/ocsolutions.hu\/hu\/wp-json\/wp\/v2\/users\/1"}],"replies":[{"embeddable":true,"href":"https:\/\/ocsolutions.hu\/hu\/wp-json\/wp\/v2\/comments?post=6055"}],"version-history":[{"count":6,"href":"https:\/\/ocsolutions.hu\/hu\/wp-json\/wp\/v2\/pages\/6055\/revisions"}],"predecessor-version":[{"id":6438,"href":"https:\/\/ocsolutions.hu\/hu\/wp-json\/wp\/v2\/pages\/6055\/revisions\/6438"}],"wp:attachment":[{"href":"https:\/\/ocsolutions.hu\/hu\/wp-json\/wp\/v2\/media?parent=6055"}],"curies":[{"name":"wp","href":"https:\/\/api.w.org\/{rel}","templated":true}]}}