{"id":6150,"date":"2023-04-13T08:22:33","date_gmt":"2023-04-13T08:22:33","guid":{"rendered":"https:\/\/ocsolutions.hu\/?page_id=6150"},"modified":"2023-12-12T06:38:31","modified_gmt":"2023-12-12T06:38:31","slug":"elemzesek","status":"publish","type":"page","link":"https:\/\/ocsolutions.hu\/hu\/elemzesek\/","title":{"rendered":"Elemz\u00e9sek"},"content":{"rendered":"<div class=\"menuflex topnav\">\n<h2 style=\"text-align: left;\">Szakembereink folyamatosan vizsg\u00e1lj\u00e1k, elemzik az ingatlanpiaci t\u00f6rt\u00e9n\u00e9seket. Ezen az oldalon nagyon sok hasznos anyagot tal\u00e1l, melyet az OC Investment Solutions munkat\u00e1rsai k\u00e9sz\u00edtettek.<!-- [et_pb_line_break_holder] --><!-- [et_pb_line_break_holder] --><\/h2>\n<h2 style=\"text-align: left;\"><strong>Ingatlan energetikai ir\u00e1nyt\u0171<br>\n<\/strong><\/h2>\n<h3 style=\"text-align: left;\"><strong>II. \u00e9vfolyam 1. sz\u00e1m 2023. augusztus<br>\n<\/strong><\/h3>\n<p style=\"text-align: left;\">Az \u00e9ghajlatv\u00e1ltoz\u00e1s hat\u00e1sainak egyre k\u00e9zzelfoghat\u00f3bb\u00e1 v\u00e1l\u00e1sa k\u00f6vetkezt\u00e9ben az \u00e9let minden ter\u00fclet\u00e9n egyre komolyabb figyelmet kap a k\u00f6rnyezettudatoss\u00e1g. A j\u00e1rv\u00e1ny \u00e9s a szomsz\u00e9dban kit\u00f6rt h\u00e1bor\u00fa \u00e1ltal megt\u00e9p\u00e1zott vil\u00e1ggazdas\u00e1g az infl\u00e1ci\u00f3n \u00e9s az elsz\u00e1ll\u00f3 energia\u00e1rakon kereszt\u00fcl v\u00e1lt \u00e9rz\u00e9kelhet\u0151v\u00e9. B\u00e1r van, akiben a term\u00e9szet ir\u00e1nti aggodalom, a t\u00f6bbs\u00e9g sz\u00e1m\u00e1ra ink\u00e1bb a rezsik\u00f6lts\u00e9gek alakul\u00e1sa v\u00e1ltotta ki a t\u00e9ma ir\u00e1nti fokozott \u00e9rdekl\u0151d\u00e9st.<\/p>\n<h2 style=\"text-align: left;\"><strong>Ingatlan energetikai ir\u00e1nyt\u0171<\/strong><\/h2>\n<p style=\"text-align: left;\">2022-ben a h\u00e1ztart\u00e1sok sz\u00e1m\u00e1ra igaz\u00e1n k\u00e9zzelfoghat\u00f3v\u00e1 v\u00e1lt, hogy mennyire energiahat\u00e9kony a lak\u00f3\u00e9p\u00fclet, amiben \u00e9lnek. Az Otthon Centrum Investment Solutions (OCS) el\u0151sz\u00f6r vizsg\u00e1lta meg, hogy egy \u00e9v alatt a piacvezet\u0151 ingatlank\u00f6zvet\u00edt\u0151 h\u00e1l\u00f3zat\u00e1ban \u00e9rt\u00e9kes\u00edtett \u00e9s az OCS \u00e1ltal tan\u00fas\u00edtott ingatlanok adatai alapj\u00e1n milyen meg\u00e1llap\u00edt\u00e1sok tehet\u0151k a hazai lak\u00e1s\u00e1llom\u00e1ny energiahat\u00e9konys\u00e1g\u00e1ra vonatkoz\u00f3an.<\/p>\n<\/div>\n\n\n<p><a href=\"https:\/\/www.linkedin.com\/company\/oc-investment-solutions\/\" target=\"_blank\" rel=\"noreferrer noopener\">LinkedIn<\/a><\/p>\n","protected":false},"excerpt":{"rendered":"<p>Szakembereink folyamatosan vizsg\u00e1lj\u00e1k, elemzik az ingatlanpiaci t\u00f6rt\u00e9n\u00e9seket. Ezen az oldalon nagyon sok hasznos anyagot tal\u00e1l, melyet az OC Investment Solutions munkat\u00e1rsai k\u00e9sz\u00edtettek. Ingatlan energetikai ir\u00e1nyt\u0171 II. \u00e9vfolyam 1. sz\u00e1m 2023. augusztus Az \u00e9ghajlatv\u00e1ltoz\u00e1s hat\u00e1sainak egyre k\u00e9zzelfoghat\u00f3bb\u00e1 v\u00e1l\u00e1sa k\u00f6vetkezt\u00e9ben az \u00e9let minden ter\u00fclet\u00e9n egyre komolyabb figyelmet kap a k\u00f6rnyezettudatoss\u00e1g. A j\u00e1rv\u00e1ny \u00e9s a szomsz\u00e9dban kit\u00f6rt h\u00e1bor\u00fa [&hellip;]<\/p>\n","protected":false},"author":1,"featured_media":0,"parent":0,"menu_order":0,"comment_status":"closed","ping_status":"closed","template":"","meta":{"footnotes":""},"yoast_head":"<!-- This site is optimized with the Yoast SEO plugin v22.8 - https:\/\/yoast.com\/wordpress\/plugins\/seo\/ -->\n<title>Ingatlan \u00e9rt\u00e9kes\u00edt\u00e9s - OC Investment Solutions<\/title>\n<meta name=\"description\" content=\"\u00c9rt\u00e9kes\u00edt\u00e9s | Ingatlan \u00e9rt\u00e9kes\u00edt\u00e9s online aukci\u00f3 szervez\u00e9s\u00e9vel - teljes k\u00f6r\u0171 szolg\u00e1ltat\u00e1s. Keressen minket!\" \/>\n<meta name=\"robots\" content=\"noindex, follow, max-snippet:-1, max-image-preview:large, max-video-preview:-1\" \/>\n<meta property=\"og:locale\" content=\"hu_HU\" \/>\n<meta property=\"og:type\" content=\"article\" \/>\n<meta property=\"og:title\" content=\"Ingatlan \u00e9rt\u00e9kes\u00edt\u00e9s - OC Investment Solutions\" \/>\n<meta property=\"og:description\" content=\"\u00c9rt\u00e9kes\u00edt\u00e9s | Ingatlan \u00e9rt\u00e9kes\u00edt\u00e9s online aukci\u00f3 szervez\u00e9s\u00e9vel - teljes k\u00f6r\u0171 szolg\u00e1ltat\u00e1s. Keressen minket!\" \/>\n<meta property=\"og:url\" content=\"https:\/\/ocsolutions.hu\/hu\/elemzesek\/\" \/>\n<meta property=\"og:site_name\" content=\"OC Investment Solutions\" \/>\n<meta property=\"article:modified_time\" content=\"2023-12-12T06:38:31+00:00\" \/>\n<meta name=\"twitter:card\" content=\"summary_large_image\" \/>\n<meta name=\"twitter:label1\" content=\"Becs\u00fclt olvas\u00e1si id\u0151\" \/>\n\t<meta name=\"twitter:data1\" content=\"1 perc\" \/>\n<script type=\"application\/ld+json\" class=\"yoast-schema-graph\">{\"@context\":\"https:\/\/schema.org\",\"@graph\":[{\"@type\":\"WebPage\",\"@id\":\"https:\/\/ocsolutions.hu\/elemzesek\/\",\"url\":\"https:\/\/ocsolutions.hu\/elemzesek\/\",\"name\":\"Ingatlan \u00e9rt\u00e9kes\u00edt\u00e9s - OC Investment Solutions\",\"isPartOf\":{\"@id\":\"https:\/\/ocsolutions.hu\/#website\"},\"datePublished\":\"2023-04-13T08:22:33+00:00\",\"dateModified\":\"2023-12-12T06:38:31+00:00\",\"description\":\"\u00c9rt\u00e9kes\u00edt\u00e9s | Ingatlan \u00e9rt\u00e9kes\u00edt\u00e9s online aukci\u00f3 szervez\u00e9s\u00e9vel - teljes k\u00f6r\u0171 szolg\u00e1ltat\u00e1s. Keressen minket!\",\"breadcrumb\":{\"@id\":\"https:\/\/ocsolutions.hu\/elemzesek\/#breadcrumb\"},\"inLanguage\":\"hu\",\"potentialAction\":[{\"@type\":\"ReadAction\",\"target\":[\"https:\/\/ocsolutions.hu\/elemzesek\/\"]}]},{\"@type\":\"BreadcrumbList\",\"@id\":\"https:\/\/ocsolutions.hu\/elemzesek\/#breadcrumb\",\"itemListElement\":[{\"@type\":\"ListItem\",\"position\":1,\"name\":\"Home\",\"item\":\"https:\/\/ocsolutions.hu\/\"},{\"@type\":\"ListItem\",\"position\":2,\"name\":\"Elemz\u00e9sek\"}]},{\"@type\":\"WebSite\",\"@id\":\"https:\/\/ocsolutions.hu\/#website\",\"url\":\"https:\/\/ocsolutions.hu\/\",\"name\":\"OC Investment Solutions\",\"description\":\"\",\"publisher\":{\"@id\":\"https:\/\/ocsolutions.hu\/#organization\"},\"potentialAction\":[{\"@type\":\"SearchAction\",\"target\":{\"@type\":\"EntryPoint\",\"urlTemplate\":\"https:\/\/ocsolutions.hu\/?s={search_term_string}\"},\"query-input\":\"required name=search_term_string\"}],\"inLanguage\":\"hu\"},{\"@type\":\"Organization\",\"@id\":\"https:\/\/ocsolutions.hu\/#organization\",\"name\":\"OC Investment Solutions\",\"url\":\"https:\/\/ocsolutions.hu\/\",\"logo\":{\"@type\":\"ImageObject\",\"inLanguage\":\"hu\",\"@id\":\"https:\/\/ocsolutions.hu\/#\/schema\/logo\/image\/\",\"url\":\"https:\/\/i0.wp.com\/solutions.oc.hu\/wp-content\/uploads\/2019\/11\/OCInvestmentSolutions_logo-1.png?fit=600%2C600&ssl=1\",\"contentUrl\":\"https:\/\/i0.wp.com\/solutions.oc.hu\/wp-content\/uploads\/2019\/11\/OCInvestmentSolutions_logo-1.png?fit=600%2C600&ssl=1\",\"width\":600,\"height\":600,\"caption\":\"OC Investment Solutions\"},\"image\":{\"@id\":\"https:\/\/ocsolutions.hu\/#\/schema\/logo\/image\/\"}}]}<\/script>\n<!-- \/ Yoast SEO plugin. -->","yoast_head_json":{"title":"Ingatlan \u00e9rt\u00e9kes\u00edt\u00e9s - OC Investment Solutions","description":"\u00c9rt\u00e9kes\u00edt\u00e9s | Ingatlan \u00e9rt\u00e9kes\u00edt\u00e9s online aukci\u00f3 szervez\u00e9s\u00e9vel - teljes k\u00f6r\u0171 szolg\u00e1ltat\u00e1s. Keressen minket!","robots":{"index":"noindex","follow":"follow","max-snippet":"max-snippet:-1","max-image-preview":"max-image-preview:large","max-video-preview":"max-video-preview:-1"},"og_locale":"hu_HU","og_type":"article","og_title":"Ingatlan \u00e9rt\u00e9kes\u00edt\u00e9s - OC Investment Solutions","og_description":"\u00c9rt\u00e9kes\u00edt\u00e9s | Ingatlan \u00e9rt\u00e9kes\u00edt\u00e9s online aukci\u00f3 szervez\u00e9s\u00e9vel - teljes k\u00f6r\u0171 szolg\u00e1ltat\u00e1s. Keressen minket!","og_url":"https:\/\/ocsolutions.hu\/hu\/elemzesek\/","og_site_name":"OC Investment Solutions","article_modified_time":"2023-12-12T06:38:31+00:00","twitter_card":"summary_large_image","twitter_misc":{"Becs\u00fclt olvas\u00e1si id\u0151":"1 perc"},"schema":{"@context":"https:\/\/schema.org","@graph":[{"@type":"WebPage","@id":"https:\/\/ocsolutions.hu\/elemzesek\/","url":"https:\/\/ocsolutions.hu\/elemzesek\/","name":"Ingatlan \u00e9rt\u00e9kes\u00edt\u00e9s - OC Investment Solutions","isPartOf":{"@id":"https:\/\/ocsolutions.hu\/#website"},"datePublished":"2023-04-13T08:22:33+00:00","dateModified":"2023-12-12T06:38:31+00:00","description":"\u00c9rt\u00e9kes\u00edt\u00e9s | Ingatlan \u00e9rt\u00e9kes\u00edt\u00e9s online aukci\u00f3 szervez\u00e9s\u00e9vel - teljes k\u00f6r\u0171 szolg\u00e1ltat\u00e1s. Keressen minket!","breadcrumb":{"@id":"https:\/\/ocsolutions.hu\/elemzesek\/#breadcrumb"},"inLanguage":"hu","potentialAction":[{"@type":"ReadAction","target":["https:\/\/ocsolutions.hu\/elemzesek\/"]}]},{"@type":"BreadcrumbList","@id":"https:\/\/ocsolutions.hu\/elemzesek\/#breadcrumb","itemListElement":[{"@type":"ListItem","position":1,"name":"Home","item":"https:\/\/ocsolutions.hu\/"},{"@type":"ListItem","position":2,"name":"Elemz\u00e9sek"}]},{"@type":"WebSite","@id":"https:\/\/ocsolutions.hu\/#website","url":"https:\/\/ocsolutions.hu\/","name":"OC Investment Solutions","description":"","publisher":{"@id":"https:\/\/ocsolutions.hu\/#organization"},"potentialAction":[{"@type":"SearchAction","target":{"@type":"EntryPoint","urlTemplate":"https:\/\/ocsolutions.hu\/?s={search_term_string}"},"query-input":"required name=search_term_string"}],"inLanguage":"hu"},{"@type":"Organization","@id":"https:\/\/ocsolutions.hu\/#organization","name":"OC Investment Solutions","url":"https:\/\/ocsolutions.hu\/","logo":{"@type":"ImageObject","inLanguage":"hu","@id":"https:\/\/ocsolutions.hu\/#\/schema\/logo\/image\/","url":"https:\/\/i0.wp.com\/solutions.oc.hu\/wp-content\/uploads\/2019\/11\/OCInvestmentSolutions_logo-1.png?fit=600%2C600&ssl=1","contentUrl":"https:\/\/i0.wp.com\/solutions.oc.hu\/wp-content\/uploads\/2019\/11\/OCInvestmentSolutions_logo-1.png?fit=600%2C600&ssl=1","width":600,"height":600,"caption":"OC Investment Solutions"},"image":{"@id":"https:\/\/ocsolutions.hu\/#\/schema\/logo\/image\/"}}]}},"_links":{"self":[{"href":"https:\/\/ocsolutions.hu\/hu\/wp-json\/wp\/v2\/pages\/6150"}],"collection":[{"href":"https:\/\/ocsolutions.hu\/hu\/wp-json\/wp\/v2\/pages"}],"about":[{"href":"https:\/\/ocsolutions.hu\/hu\/wp-json\/wp\/v2\/types\/page"}],"author":[{"embeddable":true,"href":"https:\/\/ocsolutions.hu\/hu\/wp-json\/wp\/v2\/users\/1"}],"replies":[{"embeddable":true,"href":"https:\/\/ocsolutions.hu\/hu\/wp-json\/wp\/v2\/comments?post=6150"}],"version-history":[{"count":15,"href":"https:\/\/ocsolutions.hu\/hu\/wp-json\/wp\/v2\/pages\/6150\/revisions"}],"predecessor-version":[{"id":6435,"href":"https:\/\/ocsolutions.hu\/hu\/wp-json\/wp\/v2\/pages\/6150\/revisions\/6435"}],"wp:attachment":[{"href":"https:\/\/ocsolutions.hu\/hu\/wp-json\/wp\/v2\/media?parent=6150"}],"curies":[{"name":"wp","href":"https:\/\/api.w.org\/{rel}","templated":true}]}}