{"id":6212,"date":"2023-05-15T17:48:21","date_gmt":"2023-05-15T17:48:21","guid":{"rendered":"https:\/\/ocsolutions.hu\/?page_id=6212"},"modified":"2023-12-10T21:18:13","modified_gmt":"2023-12-10T21:18:13","slug":"szolgaltatasi-nyilatkozat","status":"publish","type":"page","link":"https:\/\/ocsolutions.hu\/hu\/szolgaltatasi-nyilatkozat\/","title":{"rendered":"Szolg\u00e1ltat\u00e1si Nyilatkozat"},"content":{"rendered":"<div class=\"menuflex topnav\">\n<h3 style=\"text-align: center;\">A magyar ingatlanpiacon egyed\u00fclik\u00e9nt, szerz\u0151d\u00e9ses nyilatkozatban v\u00e1llaljuk, hogy az \u00e9rt\u00e9kes\u00edt\u00e9si folyamatok sor\u00e1n mit v\u00e1rhat t\u0151l\u00fcnk az \u00e9rt\u00e9kes\u00edt\u00e9ssel minket megb\u00edz\u00f3 ingatlantulajdonos. A tev\u00e9kenys\u00e9g\u00fcnk \u00e9s a munkafolyamat nyomonk\u00f6vethet\u0151, sz\u00e1monk\u00e9rhet\u0151 \u00e9s transzparens.<\/h3>\n<p style=\"text-align: center;\"><img loading=\"lazy\" decoding=\"async\" class=\"alignnone wp-image-6209\" src=\"https:\/\/ocsolutions.hu\/wp-content\/uploads\/2023\/05\/638_pdf_icon.jpg\" alt=\"\" width=\"70\" height=\"72\" \/><br \/>\n<a href=\"https:\/\/ocsolutions.hu\/wp-content\/uploads\/2023\/05\/OCS-Szolga\u0301ltata\u0301si-nyilatkozat_2_20230130_Vincze-Edit.pdf\" target=\"_blank\" rel=\"noopener\"><strong>Szolg\u00e1ltat\u00e1si Nyilatkozat<\/strong><\/a><\/p>\n<\/div>\n","protected":false},"excerpt":{"rendered":"<p>A magyar ingatlanpiacon egyed\u00fclik\u00e9nt, szerz\u0151d\u00e9ses nyilatkozatban v\u00e1llaljuk, hogy az \u00e9rt\u00e9kes\u00edt\u00e9si folyamatok sor\u00e1n mit v\u00e1rhat t\u0151l\u00fcnk az \u00e9rt\u00e9kes\u00edt\u00e9ssel minket megb\u00edz\u00f3 ingatlantulajdonos. A tev\u00e9kenys\u00e9g\u00fcnk \u00e9s a munkafolyamat nyomonk\u00f6vethet\u0151, sz\u00e1monk\u00e9rhet\u0151 \u00e9s transzparens. Szolg\u00e1ltat\u00e1si Nyilatkozat<\/p>\n","protected":false},"author":1,"featured_media":0,"parent":0,"menu_order":0,"comment_status":"closed","ping_status":"closed","template":"","meta":{"footnotes":""},"yoast_head":"<!-- This site is optimized with the Yoast SEO plugin v22.8 - https:\/\/yoast.com\/wordpress\/plugins\/seo\/ -->\n<title>Energetikai tan\u00fas\u00edtv\u00e1ny - OC Investment Solutions<\/title>\n<meta name=\"description\" content=\"Energetikai tan\u00fas\u00edtv\u00e1ny 24 \u00f3r\u00e1n bel\u00fcl - k\u00fcl\u00f6nleges ingatlanokra is. K\u00e9rje aj\u00e1nlatunkat most!\" \/>\n<meta name=\"robots\" content=\"noindex, follow, max-snippet:-1, max-image-preview:large, max-video-preview:-1\" \/>\n<meta property=\"og:locale\" content=\"hu_HU\" \/>\n<meta property=\"og:type\" content=\"article\" \/>\n<meta property=\"og:title\" content=\"Energetikai tan\u00fas\u00edtv\u00e1ny - OC Investment Solutions\" \/>\n<meta property=\"og:description\" content=\"Energetikai tan\u00fas\u00edtv\u00e1ny 24 \u00f3r\u00e1n bel\u00fcl - k\u00fcl\u00f6nleges ingatlanokra is. K\u00e9rje aj\u00e1nlatunkat most!\" \/>\n<meta property=\"og:url\" content=\"https:\/\/ocsolutions.hu\/hu\/szolgaltatasi-nyilatkozat\/\" \/>\n<meta property=\"og:site_name\" content=\"OC Investment Solutions\" \/>\n<meta property=\"article:modified_time\" content=\"2023-12-10T21:18:13+00:00\" \/>\n<meta property=\"og:image\" content=\"https:\/\/ocsolutions.hu\/wp-content\/uploads\/2023\/05\/638_pdf_icon.jpg\" \/>\n<meta name=\"twitter:card\" content=\"summary_large_image\" \/>\n<meta name=\"twitter:label1\" content=\"Becs\u00fclt olvas\u00e1si id\u0151\" \/>\n\t<meta name=\"twitter:data1\" content=\"1 perc\" \/>\n<script type=\"application\/ld+json\" class=\"yoast-schema-graph\">{\"@context\":\"https:\/\/schema.org\",\"@graph\":[{\"@type\":\"WebPage\",\"@id\":\"https:\/\/ocsolutions.hu\/szolgaltatasi-nyilatkozat\/\",\"url\":\"https:\/\/ocsolutions.hu\/szolgaltatasi-nyilatkozat\/\",\"name\":\"Energetikai tan\u00fas\u00edtv\u00e1ny - OC Investment Solutions\",\"isPartOf\":{\"@id\":\"https:\/\/ocsolutions.hu\/#website\"},\"primaryImageOfPage\":{\"@id\":\"https:\/\/ocsolutions.hu\/szolgaltatasi-nyilatkozat\/#primaryimage\"},\"image\":{\"@id\":\"https:\/\/ocsolutions.hu\/szolgaltatasi-nyilatkozat\/#primaryimage\"},\"thumbnailUrl\":\"https:\/\/ocsolutions.hu\/wp-content\/uploads\/2023\/05\/638_pdf_icon.jpg\",\"datePublished\":\"2023-05-15T17:48:21+00:00\",\"dateModified\":\"2023-12-10T21:18:13+00:00\",\"description\":\"Energetikai tan\u00fas\u00edtv\u00e1ny 24 \u00f3r\u00e1n bel\u00fcl - k\u00fcl\u00f6nleges ingatlanokra is. K\u00e9rje aj\u00e1nlatunkat most!\",\"breadcrumb\":{\"@id\":\"https:\/\/ocsolutions.hu\/szolgaltatasi-nyilatkozat\/#breadcrumb\"},\"inLanguage\":\"hu\",\"potentialAction\":[{\"@type\":\"ReadAction\",\"target\":[\"https:\/\/ocsolutions.hu\/szolgaltatasi-nyilatkozat\/\"]}]},{\"@type\":\"ImageObject\",\"inLanguage\":\"hu\",\"@id\":\"https:\/\/ocsolutions.hu\/szolgaltatasi-nyilatkozat\/#primaryimage\",\"url\":\"https:\/\/ocsolutions.hu\/wp-content\/uploads\/2023\/05\/638_pdf_icon.jpg\",\"contentUrl\":\"https:\/\/ocsolutions.hu\/wp-content\/uploads\/2023\/05\/638_pdf_icon.jpg\"},{\"@type\":\"BreadcrumbList\",\"@id\":\"https:\/\/ocsolutions.hu\/szolgaltatasi-nyilatkozat\/#breadcrumb\",\"itemListElement\":[{\"@type\":\"ListItem\",\"position\":1,\"name\":\"Home\",\"item\":\"https:\/\/ocsolutions.hu\/\"},{\"@type\":\"ListItem\",\"position\":2,\"name\":\"Szolg\u00e1ltat\u00e1si Nyilatkozat\"}]},{\"@type\":\"WebSite\",\"@id\":\"https:\/\/ocsolutions.hu\/#website\",\"url\":\"https:\/\/ocsolutions.hu\/\",\"name\":\"OC Investment Solutions\",\"description\":\"\",\"publisher\":{\"@id\":\"https:\/\/ocsolutions.hu\/#organization\"},\"potentialAction\":[{\"@type\":\"SearchAction\",\"target\":{\"@type\":\"EntryPoint\",\"urlTemplate\":\"https:\/\/ocsolutions.hu\/?s={search_term_string}\"},\"query-input\":\"required name=search_term_string\"}],\"inLanguage\":\"hu\"},{\"@type\":\"Organization\",\"@id\":\"https:\/\/ocsolutions.hu\/#organization\",\"name\":\"OC Investment Solutions\",\"url\":\"https:\/\/ocsolutions.hu\/\",\"logo\":{\"@type\":\"ImageObject\",\"inLanguage\":\"hu\",\"@id\":\"https:\/\/ocsolutions.hu\/#\/schema\/logo\/image\/\",\"url\":\"https:\/\/i0.wp.com\/solutions.oc.hu\/wp-content\/uploads\/2019\/11\/OCInvestmentSolutions_logo-1.png?fit=600%2C600&ssl=1\",\"contentUrl\":\"https:\/\/i0.wp.com\/solutions.oc.hu\/wp-content\/uploads\/2019\/11\/OCInvestmentSolutions_logo-1.png?fit=600%2C600&ssl=1\",\"width\":600,\"height\":600,\"caption\":\"OC Investment Solutions\"},\"image\":{\"@id\":\"https:\/\/ocsolutions.hu\/#\/schema\/logo\/image\/\"}}]}<\/script>\n<!-- \/ Yoast SEO plugin. -->","yoast_head_json":{"title":"Energetikai tan\u00fas\u00edtv\u00e1ny - OC Investment Solutions","description":"Energetikai tan\u00fas\u00edtv\u00e1ny 24 \u00f3r\u00e1n bel\u00fcl - k\u00fcl\u00f6nleges ingatlanokra is. K\u00e9rje aj\u00e1nlatunkat most!","robots":{"index":"noindex","follow":"follow","max-snippet":"max-snippet:-1","max-image-preview":"max-image-preview:large","max-video-preview":"max-video-preview:-1"},"og_locale":"hu_HU","og_type":"article","og_title":"Energetikai tan\u00fas\u00edtv\u00e1ny - OC Investment Solutions","og_description":"Energetikai tan\u00fas\u00edtv\u00e1ny 24 \u00f3r\u00e1n bel\u00fcl - k\u00fcl\u00f6nleges ingatlanokra is. K\u00e9rje aj\u00e1nlatunkat most!","og_url":"https:\/\/ocsolutions.hu\/hu\/szolgaltatasi-nyilatkozat\/","og_site_name":"OC Investment Solutions","article_modified_time":"2023-12-10T21:18:13+00:00","og_image":[{"url":"https:\/\/ocsolutions.hu\/wp-content\/uploads\/2023\/05\/638_pdf_icon.jpg"}],"twitter_card":"summary_large_image","twitter_misc":{"Becs\u00fclt olvas\u00e1si id\u0151":"1 perc"},"schema":{"@context":"https:\/\/schema.org","@graph":[{"@type":"WebPage","@id":"https:\/\/ocsolutions.hu\/szolgaltatasi-nyilatkozat\/","url":"https:\/\/ocsolutions.hu\/szolgaltatasi-nyilatkozat\/","name":"Energetikai tan\u00fas\u00edtv\u00e1ny - OC Investment Solutions","isPartOf":{"@id":"https:\/\/ocsolutions.hu\/#website"},"primaryImageOfPage":{"@id":"https:\/\/ocsolutions.hu\/szolgaltatasi-nyilatkozat\/#primaryimage"},"image":{"@id":"https:\/\/ocsolutions.hu\/szolgaltatasi-nyilatkozat\/#primaryimage"},"thumbnailUrl":"https:\/\/ocsolutions.hu\/wp-content\/uploads\/2023\/05\/638_pdf_icon.jpg","datePublished":"2023-05-15T17:48:21+00:00","dateModified":"2023-12-10T21:18:13+00:00","description":"Energetikai tan\u00fas\u00edtv\u00e1ny 24 \u00f3r\u00e1n bel\u00fcl - k\u00fcl\u00f6nleges ingatlanokra is. K\u00e9rje aj\u00e1nlatunkat most!","breadcrumb":{"@id":"https:\/\/ocsolutions.hu\/szolgaltatasi-nyilatkozat\/#breadcrumb"},"inLanguage":"hu","potentialAction":[{"@type":"ReadAction","target":["https:\/\/ocsolutions.hu\/szolgaltatasi-nyilatkozat\/"]}]},{"@type":"ImageObject","inLanguage":"hu","@id":"https:\/\/ocsolutions.hu\/szolgaltatasi-nyilatkozat\/#primaryimage","url":"https:\/\/ocsolutions.hu\/wp-content\/uploads\/2023\/05\/638_pdf_icon.jpg","contentUrl":"https:\/\/ocsolutions.hu\/wp-content\/uploads\/2023\/05\/638_pdf_icon.jpg"},{"@type":"BreadcrumbList","@id":"https:\/\/ocsolutions.hu\/szolgaltatasi-nyilatkozat\/#breadcrumb","itemListElement":[{"@type":"ListItem","position":1,"name":"Home","item":"https:\/\/ocsolutions.hu\/"},{"@type":"ListItem","position":2,"name":"Szolg\u00e1ltat\u00e1si Nyilatkozat"}]},{"@type":"WebSite","@id":"https:\/\/ocsolutions.hu\/#website","url":"https:\/\/ocsolutions.hu\/","name":"OC Investment Solutions","description":"","publisher":{"@id":"https:\/\/ocsolutions.hu\/#organization"},"potentialAction":[{"@type":"SearchAction","target":{"@type":"EntryPoint","urlTemplate":"https:\/\/ocsolutions.hu\/?s={search_term_string}"},"query-input":"required name=search_term_string"}],"inLanguage":"hu"},{"@type":"Organization","@id":"https:\/\/ocsolutions.hu\/#organization","name":"OC Investment Solutions","url":"https:\/\/ocsolutions.hu\/","logo":{"@type":"ImageObject","inLanguage":"hu","@id":"https:\/\/ocsolutions.hu\/#\/schema\/logo\/image\/","url":"https:\/\/i0.wp.com\/solutions.oc.hu\/wp-content\/uploads\/2019\/11\/OCInvestmentSolutions_logo-1.png?fit=600%2C600&ssl=1","contentUrl":"https:\/\/i0.wp.com\/solutions.oc.hu\/wp-content\/uploads\/2019\/11\/OCInvestmentSolutions_logo-1.png?fit=600%2C600&ssl=1","width":600,"height":600,"caption":"OC Investment Solutions"},"image":{"@id":"https:\/\/ocsolutions.hu\/#\/schema\/logo\/image\/"}}]}},"_links":{"self":[{"href":"https:\/\/ocsolutions.hu\/hu\/wp-json\/wp\/v2\/pages\/6212"}],"collection":[{"href":"https:\/\/ocsolutions.hu\/hu\/wp-json\/wp\/v2\/pages"}],"about":[{"href":"https:\/\/ocsolutions.hu\/hu\/wp-json\/wp\/v2\/types\/page"}],"author":[{"embeddable":true,"href":"https:\/\/ocsolutions.hu\/hu\/wp-json\/wp\/v2\/users\/1"}],"replies":[{"embeddable":true,"href":"https:\/\/ocsolutions.hu\/hu\/wp-json\/wp\/v2\/comments?post=6212"}],"version-history":[{"count":4,"href":"https:\/\/ocsolutions.hu\/hu\/wp-json\/wp\/v2\/pages\/6212\/revisions"}],"predecessor-version":[{"id":6358,"href":"https:\/\/ocsolutions.hu\/hu\/wp-json\/wp\/v2\/pages\/6212\/revisions\/6358"}],"wp:attachment":[{"href":"https:\/\/ocsolutions.hu\/hu\/wp-json\/wp\/v2\/media?parent=6212"}],"curies":[{"name":"wp","href":"https:\/\/api.w.org\/{rel}","templated":true}]}}