{"id":925,"date":"2019-10-07T08:37:03","date_gmt":"2019-10-07T08:37:03","guid":{"rendered":"http:\/\/dard.hu\/clients\/ocs\/?page_id=925"},"modified":"2023-12-11T07:32:54","modified_gmt":"2023-12-11T07:32:54","slug":"kezdolap","status":"publish","type":"page","link":"https:\/\/ocsolutions.hu\/hu\/","title":{"rendered":"Kezd\u0151lap"},"content":{"rendered":"","protected":false},"excerpt":{"rendered":"","protected":false},"author":1,"featured_media":0,"parent":0,"menu_order":0,"comment_status":"closed","ping_status":"closed","template":"","meta":{"footnotes":""},"yoast_head":"<!-- This site is optimized with the Yoast SEO plugin v22.8 - https:\/\/yoast.com\/wordpress\/plugins\/seo\/ -->\n<title>Ingatlanbefektet\u00e9s - OC Investment Solutions<\/title>\n<meta name=\"description\" content=\"Ingatlanbefektet\u00e9s - Sz\u00e9lesk\u00f6r\u0171 szolg\u00e1ltat\u00e1si paletta - Szaktud\u00e1s. Tapasztalat. Hat\u00e9konys\u00e1g. Keressen minket!\" \/>\n<meta name=\"robots\" content=\"noindex, follow, max-snippet:-1, max-image-preview:large, max-video-preview:-1\" \/>\n<meta property=\"og:locale\" content=\"hu_HU\" \/>\n<meta property=\"og:type\" content=\"article\" \/>\n<meta property=\"og:title\" content=\"Ingatlanbefektet\u00e9s - OC Investment Solutions\" \/>\n<meta property=\"og:description\" content=\"Ingatlanbefektet\u00e9s - Sz\u00e9lesk\u00f6r\u0171 szolg\u00e1ltat\u00e1si paletta - Szaktud\u00e1s. Tapasztalat. Hat\u00e9konys\u00e1g. Keressen minket!\" \/>\n<meta property=\"og:url\" content=\"https:\/\/ocsolutions.hu\/hu\/\" \/>\n<meta property=\"og:site_name\" content=\"OC Investment Solutions\" \/>\n<meta property=\"article:modified_time\" content=\"2023-12-11T07:32:54+00:00\" \/>\n<meta name=\"twitter:card\" content=\"summary_large_image\" \/>\n<script type=\"application\/ld+json\" class=\"yoast-schema-graph\">{\"@context\":\"https:\/\/schema.org\",\"@graph\":[{\"@type\":\"WebPage\",\"@id\":\"https:\/\/ocsolutions.hu\/\",\"url\":\"https:\/\/ocsolutions.hu\/\",\"name\":\"Ingatlanbefektet\u00e9s - OC Investment Solutions\",\"isPartOf\":{\"@id\":\"https:\/\/ocsolutions.hu\/#website\"},\"datePublished\":\"2019-10-07T08:37:03+00:00\",\"dateModified\":\"2023-12-11T07:32:54+00:00\",\"description\":\"Ingatlanbefektet\u00e9s - Sz\u00e9lesk\u00f6r\u0171 szolg\u00e1ltat\u00e1si paletta - Szaktud\u00e1s. Tapasztalat. Hat\u00e9konys\u00e1g. Keressen minket!\",\"breadcrumb\":{\"@id\":\"https:\/\/ocsolutions.hu\/#breadcrumb\"},\"inLanguage\":\"hu\",\"potentialAction\":[{\"@type\":\"ReadAction\",\"target\":[\"https:\/\/ocsolutions.hu\/\"]}]},{\"@type\":\"BreadcrumbList\",\"@id\":\"https:\/\/ocsolutions.hu\/#breadcrumb\",\"itemListElement\":[{\"@type\":\"ListItem\",\"position\":1,\"name\":\"Home\",\"item\":\"https:\/\/ocsolutions.hu\/\"},{\"@type\":\"ListItem\",\"position\":2,\"name\":\"Kezd\u0151lap\"}]},{\"@type\":\"WebSite\",\"@id\":\"https:\/\/ocsolutions.hu\/#website\",\"url\":\"https:\/\/ocsolutions.hu\/\",\"name\":\"OC Investment Solutions\",\"description\":\"\",\"publisher\":{\"@id\":\"https:\/\/ocsolutions.hu\/#organization\"},\"potentialAction\":[{\"@type\":\"SearchAction\",\"target\":{\"@type\":\"EntryPoint\",\"urlTemplate\":\"https:\/\/ocsolutions.hu\/?s={search_term_string}\"},\"query-input\":\"required name=search_term_string\"}],\"inLanguage\":\"hu\"},{\"@type\":\"Organization\",\"@id\":\"https:\/\/ocsolutions.hu\/#organization\",\"name\":\"OC Investment Solutions\",\"url\":\"https:\/\/ocsolutions.hu\/\",\"logo\":{\"@type\":\"ImageObject\",\"inLanguage\":\"hu\",\"@id\":\"https:\/\/ocsolutions.hu\/#\/schema\/logo\/image\/\",\"url\":\"https:\/\/i0.wp.com\/solutions.oc.hu\/wp-content\/uploads\/2019\/11\/OCInvestmentSolutions_logo-1.png?fit=600%2C600&ssl=1\",\"contentUrl\":\"https:\/\/i0.wp.com\/solutions.oc.hu\/wp-content\/uploads\/2019\/11\/OCInvestmentSolutions_logo-1.png?fit=600%2C600&ssl=1\",\"width\":600,\"height\":600,\"caption\":\"OC Investment Solutions\"},\"image\":{\"@id\":\"https:\/\/ocsolutions.hu\/#\/schema\/logo\/image\/\"}}]}<\/script>\n<!-- \/ Yoast SEO plugin. -->","yoast_head_json":{"title":"Ingatlanbefektet\u00e9s - OC Investment Solutions","description":"Ingatlanbefektet\u00e9s - Sz\u00e9lesk\u00f6r\u0171 szolg\u00e1ltat\u00e1si paletta - Szaktud\u00e1s. Tapasztalat. Hat\u00e9konys\u00e1g. Keressen minket!","robots":{"index":"noindex","follow":"follow","max-snippet":"max-snippet:-1","max-image-preview":"max-image-preview:large","max-video-preview":"max-video-preview:-1"},"og_locale":"hu_HU","og_type":"article","og_title":"Ingatlanbefektet\u00e9s - OC Investment Solutions","og_description":"Ingatlanbefektet\u00e9s - Sz\u00e9lesk\u00f6r\u0171 szolg\u00e1ltat\u00e1si paletta - Szaktud\u00e1s. Tapasztalat. Hat\u00e9konys\u00e1g. Keressen minket!","og_url":"https:\/\/ocsolutions.hu\/hu\/","og_site_name":"OC Investment Solutions","article_modified_time":"2023-12-11T07:32:54+00:00","twitter_card":"summary_large_image","schema":{"@context":"https:\/\/schema.org","@graph":[{"@type":"WebPage","@id":"https:\/\/ocsolutions.hu\/","url":"https:\/\/ocsolutions.hu\/","name":"Ingatlanbefektet\u00e9s - OC Investment Solutions","isPartOf":{"@id":"https:\/\/ocsolutions.hu\/#website"},"datePublished":"2019-10-07T08:37:03+00:00","dateModified":"2023-12-11T07:32:54+00:00","description":"Ingatlanbefektet\u00e9s - Sz\u00e9lesk\u00f6r\u0171 szolg\u00e1ltat\u00e1si paletta - Szaktud\u00e1s. Tapasztalat. Hat\u00e9konys\u00e1g. Keressen minket!","breadcrumb":{"@id":"https:\/\/ocsolutions.hu\/#breadcrumb"},"inLanguage":"hu","potentialAction":[{"@type":"ReadAction","target":["https:\/\/ocsolutions.hu\/"]}]},{"@type":"BreadcrumbList","@id":"https:\/\/ocsolutions.hu\/#breadcrumb","itemListElement":[{"@type":"ListItem","position":1,"name":"Home","item":"https:\/\/ocsolutions.hu\/"},{"@type":"ListItem","position":2,"name":"Kezd\u0151lap"}]},{"@type":"WebSite","@id":"https:\/\/ocsolutions.hu\/#website","url":"https:\/\/ocsolutions.hu\/","name":"OC Investment Solutions","description":"","publisher":{"@id":"https:\/\/ocsolutions.hu\/#organization"},"potentialAction":[{"@type":"SearchAction","target":{"@type":"EntryPoint","urlTemplate":"https:\/\/ocsolutions.hu\/?s={search_term_string}"},"query-input":"required name=search_term_string"}],"inLanguage":"hu"},{"@type":"Organization","@id":"https:\/\/ocsolutions.hu\/#organization","name":"OC Investment Solutions","url":"https:\/\/ocsolutions.hu\/","logo":{"@type":"ImageObject","inLanguage":"hu","@id":"https:\/\/ocsolutions.hu\/#\/schema\/logo\/image\/","url":"https:\/\/i0.wp.com\/solutions.oc.hu\/wp-content\/uploads\/2019\/11\/OCInvestmentSolutions_logo-1.png?fit=600%2C600&ssl=1","contentUrl":"https:\/\/i0.wp.com\/solutions.oc.hu\/wp-content\/uploads\/2019\/11\/OCInvestmentSolutions_logo-1.png?fit=600%2C600&ssl=1","width":600,"height":600,"caption":"OC Investment Solutions"},"image":{"@id":"https:\/\/ocsolutions.hu\/#\/schema\/logo\/image\/"}}]}},"_links":{"self":[{"href":"https:\/\/ocsolutions.hu\/hu\/wp-json\/wp\/v2\/pages\/925"}],"collection":[{"href":"https:\/\/ocsolutions.hu\/hu\/wp-json\/wp\/v2\/pages"}],"about":[{"href":"https:\/\/ocsolutions.hu\/hu\/wp-json\/wp\/v2\/types\/page"}],"author":[{"embeddable":true,"href":"https:\/\/ocsolutions.hu\/hu\/wp-json\/wp\/v2\/users\/1"}],"replies":[{"embeddable":true,"href":"https:\/\/ocsolutions.hu\/hu\/wp-json\/wp\/v2\/comments?post=925"}],"version-history":[{"count":172,"href":"https:\/\/ocsolutions.hu\/hu\/wp-json\/wp\/v2\/pages\/925\/revisions"}],"predecessor-version":[{"id":6366,"href":"https:\/\/ocsolutions.hu\/hu\/wp-json\/wp\/v2\/pages\/925\/revisions\/6366"}],"wp:attachment":[{"href":"https:\/\/ocsolutions.hu\/hu\/wp-json\/wp\/v2\/media?parent=925"}],"curies":[{"name":"wp","href":"https:\/\/api.w.org\/{rel}","templated":true}]}}